{"id":141855,"date":"2025-10-20T15:15:53","date_gmt":"2025-10-20T12:15:53","guid":{"rendered":"https:\/\/store.evolve-fitness.eu\/product\/evolve-kabeltilbehor-ca-010\/"},"modified":"2026-03-13T12:01:56","modified_gmt":"2026-03-13T12:01:56","slug":"evolve-kabeltilbehor-ca-010","status":"publish","type":"product","link":"https:\/\/store.evolve-fitness.eu\/da\/vare\/evolve-kabeltilbehor-ca-010\/","title":{"rendered":"Evolve kabeltilbeh\u00f8r (CA-010)"},"content":{"rendered":"","protected":false},"excerpt":{"rendered":"<p>Evolve Cable Attachment er et holdbart, ergonomisk tilbeh\u00f8r, der er designet til alsidig styrketr\u00e6ning. Det er kompatibelt med alle standard kabelmaskiner og giver mulighed for j\u00e6vn og kontrolleret bev\u00e6gelse til \u00f8velser som triceps pushdowns, biceps curls og rows. Det er bygget til komfort og pr\u00e6cision og er ideelt til b\u00e5de hjemme- og kommercielle fitnesscentre.  <\/p>\n","protected":false},"featured_media":141857,"template":"","meta":{"_acf_changed":false,"inline_featured_image":false},"product_cat":[653,659],"product_tag":[],"class_list":{"0":"post-141855","1":"product","2":"type-product","3":"status-publish","4":"has-post-thumbnail","6":"product_cat-komponenter-til-riggen","7":"product_cat-tilbehor","9":"first","10":"outofstock","11":"shipping-taxable","12":"purchasable","13":"product-type-simple"},"acf":[],"_links":{"self":[{"href":"https:\/\/store.evolve-fitness.eu\/da\/wp-json\/wp\/v2\/product\/141855","targetHints":{"allow":["GET"]}}],"collection":[{"href":"https:\/\/store.evolve-fitness.eu\/da\/wp-json\/wp\/v2\/product"}],"about":[{"href":"https:\/\/store.evolve-fitness.eu\/da\/wp-json\/wp\/v2\/types\/product"}],"wp:featuredmedia":[{"embeddable":true,"href":"https:\/\/store.evolve-fitness.eu\/da\/wp-json\/wp\/v2\/media\/141857"}],"wp:attachment":[{"href":"https:\/\/store.evolve-fitness.eu\/da\/wp-json\/wp\/v2\/media?parent=141855"}],"wp:term":[{"taxonomy":"product_cat","embeddable":true,"href":"https:\/\/store.evolve-fitness.eu\/da\/wp-json\/wp\/v2\/product_cat?post=141855"},{"taxonomy":"product_tag","embeddable":true,"href":"https:\/\/store.evolve-fitness.eu\/da\/wp-json\/wp\/v2\/product_tag?post=141855"}],"curies":[{"name":"wp","href":"https:\/\/api.w.org\/{rel}","templated":true}]}}