{"id":141751,"date":"2025-10-15T09:23:03","date_gmt":"2025-10-15T06:23:03","guid":{"rendered":"https:\/\/store.evolve-fitness.eu\/product\/evolve-econ-series-plate-loaded-seated-calf-raise-ec-190\/"},"modified":"2025-10-15T09:23:03","modified_gmt":"2025-10-15T09:23:03","slug":"evolve-econ-series-plate-loaded-seated-calf-raise-ec-190","status":"publish","type":"product","link":"https:\/\/store.evolve-fitness.eu\/da\/vare\/evolve-econ-series-plate-loaded-seated-calf-raise-ec-190\/","title":{"rendered":"Evolve Econ Series Plate Loaded Seated Calf Raise (EC-190)"},"content":{"rendered":"","protected":false},"excerpt":{"rendered":"<p>Evolve Econ Series Plate Loaded Seated Calf Raise er konstrueret til at opbygge og styrke l\u00e6gmusklerne gennem en j\u00e6vn og kontrolleret l\u00f8ftebev\u00e6gelse. Det pladebelastede system giver mulighed for nem justering af modstanden, mens det ergonomiske s\u00e6de og de polstrede benst\u00f8tter sikrer komfort og korrekt positionering. Den er bygget af slidst\u00e6rke materialer, der sikrer langvarig p\u00e5lidelighed, og er en fremragende tilf\u00f8jelse til b\u00e5de kommercielle og professionelle styrketr\u00e6ningsfaciliteter.  <\/p>\n","protected":false},"featured_media":141769,"template":"","meta":{"_acf_changed":false,"inline_featured_image":false},"product_cat":[748,1193],"product_tag":[],"class_list":{"0":"post-141751","1":"product","2":"type-product","3":"status-publish","4":"has-post-thumbnail","6":"product_cat-pladebelastede-maskiner","7":"product_cat-econ-series-pladelaesset","9":"first","10":"instock","11":"shipping-taxable","12":"purchasable","13":"product-type-simple"},"acf":[],"_links":{"self":[{"href":"https:\/\/store.evolve-fitness.eu\/da\/wp-json\/wp\/v2\/product\/141751","targetHints":{"allow":["GET"]}}],"collection":[{"href":"https:\/\/store.evolve-fitness.eu\/da\/wp-json\/wp\/v2\/product"}],"about":[{"href":"https:\/\/store.evolve-fitness.eu\/da\/wp-json\/wp\/v2\/types\/product"}],"wp:featuredmedia":[{"embeddable":true,"href":"https:\/\/store.evolve-fitness.eu\/da\/wp-json\/wp\/v2\/media\/141769"}],"wp:attachment":[{"href":"https:\/\/store.evolve-fitness.eu\/da\/wp-json\/wp\/v2\/media?parent=141751"}],"wp:term":[{"taxonomy":"product_cat","embeddable":true,"href":"https:\/\/store.evolve-fitness.eu\/da\/wp-json\/wp\/v2\/product_cat?post=141751"},{"taxonomy":"product_tag","embeddable":true,"href":"https:\/\/store.evolve-fitness.eu\/da\/wp-json\/wp\/v2\/product_tag?post=141751"}],"curies":[{"name":"wp","href":"https:\/\/api.w.org\/{rel}","templated":true}]}}