{"id":141613,"date":"2025-10-15T09:10:51","date_gmt":"2025-10-15T06:10:51","guid":{"rendered":"https:\/\/store.evolve-fitness.eu\/product\/evolve-econ-series-plate-loaded-reverse-hyperextension-ec-170\/"},"modified":"2025-10-15T09:10:51","modified_gmt":"2025-10-15T09:10:51","slug":"evolve-econ-series-plate-loaded-reverse-hyperextension-ec-170","status":"publish","type":"product","link":"https:\/\/store.evolve-fitness.eu\/da\/vare\/evolve-econ-series-plate-loaded-reverse-hyperextension-ec-170\/","title":{"rendered":"Evolve Econ Series Plate Loaded Reverse Hyperextension (EC-170)"},"content":{"rendered":"","protected":false},"excerpt":{"rendered":"<p>Evolve Econ Series Plate Loaded Reverse Hyperextension er designet til at styrke den nedre del af ryggen, baller og haser gennem en j\u00e6vn og kontrolleret l\u00f8ftebev\u00e6gelse. Det pladebelastede system giver mulighed for justerbar modstand og fremmer sikker og effektiv udvikling af bagk\u00e6den. Med en holdbar ramme, behagelig polstring og ergonomisk st\u00f8tte leverer den en ensartet ydelse til b\u00e5de kommercielle og professionelle tr\u00e6ningsfaciliteter.  <\/p>\n","protected":false},"featured_media":141626,"template":"","meta":{"_acf_changed":false,"inline_featured_image":false},"product_cat":[748,1193],"product_tag":[],"class_list":{"0":"post-141613","1":"product","2":"type-product","3":"status-publish","4":"has-post-thumbnail","6":"product_cat-pladebelastede-maskiner","7":"product_cat-econ-series-pladelaesset","9":"first","10":"instock","11":"shipping-taxable","12":"purchasable","13":"product-type-simple"},"acf":[],"_links":{"self":[{"href":"https:\/\/store.evolve-fitness.eu\/da\/wp-json\/wp\/v2\/product\/141613","targetHints":{"allow":["GET"]}}],"collection":[{"href":"https:\/\/store.evolve-fitness.eu\/da\/wp-json\/wp\/v2\/product"}],"about":[{"href":"https:\/\/store.evolve-fitness.eu\/da\/wp-json\/wp\/v2\/types\/product"}],"wp:featuredmedia":[{"embeddable":true,"href":"https:\/\/store.evolve-fitness.eu\/da\/wp-json\/wp\/v2\/media\/141626"}],"wp:attachment":[{"href":"https:\/\/store.evolve-fitness.eu\/da\/wp-json\/wp\/v2\/media?parent=141613"}],"wp:term":[{"taxonomy":"product_cat","embeddable":true,"href":"https:\/\/store.evolve-fitness.eu\/da\/wp-json\/wp\/v2\/product_cat?post=141613"},{"taxonomy":"product_tag","embeddable":true,"href":"https:\/\/store.evolve-fitness.eu\/da\/wp-json\/wp\/v2\/product_tag?post=141613"}],"curies":[{"name":"wp","href":"https:\/\/api.w.org\/{rel}","templated":true}]}}