{"id":141500,"date":"2025-10-15T08:51:30","date_gmt":"2025-10-15T05:51:30","guid":{"rendered":"https:\/\/store.evolve-fitness.eu\/product\/evolve-econ-series-pladebelastet-hack-squat-ec-160\/"},"modified":"2025-10-15T08:51:30","modified_gmt":"2025-10-15T08:51:30","slug":"evolve-econ-series-pladebelastet-hack-squat-ec-160","status":"publish","type":"product","link":"https:\/\/store.evolve-fitness.eu\/da\/vare\/evolve-econ-series-pladebelastet-hack-squat-ec-160\/","title":{"rendered":"Evolve Econ Series pladebelastet hack squat (EC-160)"},"content":{"rendered":"","protected":false},"excerpt":{"rendered":"<p>Evolve Econ Series Plate Loaded Hack Squat er konstrueret til at ramme quadriceps, hamstrings og glutes med en j\u00e6vn, kontrolleret squatbev\u00e6gelse. Det pladebelastede system giver mulighed for pr\u00e6cis justering af modstanden, mens det vinklede spor og de ergonomiske skulderpuder sikrer komfort og korrekt kropsjustering. Den er bygget af kraftige materialer for maksimal stabilitet og holdbarhed og er ideel til b\u00e5de kommercielle og professionelle tr\u00e6ningsmilj\u00f8er.  <\/p>\n","protected":false},"featured_media":141508,"template":"","meta":{"_acf_changed":false,"inline_featured_image":false},"product_cat":[748,1193],"product_tag":[],"class_list":{"0":"post-141500","1":"product","2":"type-product","3":"status-publish","4":"has-post-thumbnail","6":"product_cat-pladebelastede-maskiner","7":"product_cat-econ-series-pladelaesset","9":"first","10":"instock","11":"shipping-taxable","12":"purchasable","13":"product-type-simple"},"acf":[],"_links":{"self":[{"href":"https:\/\/store.evolve-fitness.eu\/da\/wp-json\/wp\/v2\/product\/141500","targetHints":{"allow":["GET"]}}],"collection":[{"href":"https:\/\/store.evolve-fitness.eu\/da\/wp-json\/wp\/v2\/product"}],"about":[{"href":"https:\/\/store.evolve-fitness.eu\/da\/wp-json\/wp\/v2\/types\/product"}],"wp:featuredmedia":[{"embeddable":true,"href":"https:\/\/store.evolve-fitness.eu\/da\/wp-json\/wp\/v2\/media\/141508"}],"wp:attachment":[{"href":"https:\/\/store.evolve-fitness.eu\/da\/wp-json\/wp\/v2\/media?parent=141500"}],"wp:term":[{"taxonomy":"product_cat","embeddable":true,"href":"https:\/\/store.evolve-fitness.eu\/da\/wp-json\/wp\/v2\/product_cat?post=141500"},{"taxonomy":"product_tag","embeddable":true,"href":"https:\/\/store.evolve-fitness.eu\/da\/wp-json\/wp\/v2\/product_tag?post=141500"}],"curies":[{"name":"wp","href":"https:\/\/api.w.org\/{rel}","templated":true}]}}