{"id":141394,"date":"2025-10-15T08:36:34","date_gmt":"2025-10-15T05:36:34","guid":{"rendered":"https:\/\/store.evolve-fitness.eu\/product\/evolve-econ-series-plate-loaded-vertical-hip-thrust-ec-150\/"},"modified":"2025-10-15T08:36:34","modified_gmt":"2025-10-15T08:36:34","slug":"evolve-econ-series-plate-loaded-vertical-hip-thrust-ec-150","status":"publish","type":"product","link":"https:\/\/store.evolve-fitness.eu\/da\/vare\/evolve-econ-series-plate-loaded-vertical-hip-thrust-ec-150\/","title":{"rendered":"Evolve Econ Series Plate Loaded Vertical Hip Thrust (EC-150)"},"content":{"rendered":"","protected":false},"excerpt":{"rendered":"<p>Evolve Econ Series Plate Loaded Vertical Hip Thrust er designet til at isolere og styrke glutes og hamstrings gennem en kraftfuld lodret fremdriftsbev\u00e6gelse. Det pladebelastede modstandssystem sikrer j\u00e6vn og justerbar belastning, mens den polstrede platform og den stabile base giver komfort og sikkerhed under tr\u00e6ningen. Den er bygget med henblik p\u00e5 holdbarhed og ensartet ydeevne og er et fremragende valg til kommercielle og professionelle styrketr\u00e6ningsfaciliteter.  <\/p>\n","protected":false},"featured_media":141410,"template":"","meta":{"_acf_changed":false,"inline_featured_image":false},"product_cat":[748,1193],"product_tag":[],"class_list":{"0":"post-141394","1":"product","2":"type-product","3":"status-publish","4":"has-post-thumbnail","6":"product_cat-pladebelastede-maskiner","7":"product_cat-econ-series-pladelaesset","9":"first","10":"instock","11":"shipping-taxable","12":"purchasable","13":"product-type-simple"},"acf":[],"_links":{"self":[{"href":"https:\/\/store.evolve-fitness.eu\/da\/wp-json\/wp\/v2\/product\/141394","targetHints":{"allow":["GET"]}}],"collection":[{"href":"https:\/\/store.evolve-fitness.eu\/da\/wp-json\/wp\/v2\/product"}],"about":[{"href":"https:\/\/store.evolve-fitness.eu\/da\/wp-json\/wp\/v2\/types\/product"}],"wp:featuredmedia":[{"embeddable":true,"href":"https:\/\/store.evolve-fitness.eu\/da\/wp-json\/wp\/v2\/media\/141410"}],"wp:attachment":[{"href":"https:\/\/store.evolve-fitness.eu\/da\/wp-json\/wp\/v2\/media?parent=141394"}],"wp:term":[{"taxonomy":"product_cat","embeddable":true,"href":"https:\/\/store.evolve-fitness.eu\/da\/wp-json\/wp\/v2\/product_cat?post=141394"},{"taxonomy":"product_tag","embeddable":true,"href":"https:\/\/store.evolve-fitness.eu\/da\/wp-json\/wp\/v2\/product_tag?post=141394"}],"curies":[{"name":"wp","href":"https:\/\/api.w.org\/{rel}","templated":true}]}}