{"id":141181,"date":"2025-10-14T16:23:16","date_gmt":"2025-10-14T13:23:16","guid":{"rendered":"https:\/\/store.evolve-fitness.eu\/product\/evolve-econ-series-plate-loaded-belt-squat-ec-140\/"},"modified":"2025-10-14T16:23:16","modified_gmt":"2025-10-14T16:23:16","slug":"evolve-econ-series-plate-loaded-belt-squat-ec-140","status":"publish","type":"product","link":"https:\/\/store.evolve-fitness.eu\/da\/vare\/evolve-econ-series-plate-loaded-belt-squat-ec-140\/","title":{"rendered":"Evolve Econ Series Plate Loaded Belt Squat (EC-140)"},"content":{"rendered":"","protected":false},"excerpt":{"rendered":"<p>Evolve Econ Series Plate Loaded Belt Squat er konstrueret til at udvikle styrke i underkroppen og samtidig minimere belastningen af rygs\u00f8jlen. Det pladebelastede system giver j\u00e6vn og justerbar modstand, s\u00e5 brugerne effektivt kan fokusere p\u00e5 quadriceps, hamstrings og glutes. Med en stabil platform og et ergonomisk b\u00e6ltesystem sikrer den komfort, sikkerhed og ensartet ydeevne, hvilket g\u00f8r den ideel til b\u00e5de kommercielle og professionelle tr\u00e6ningsmilj\u00f8er.  <\/p>\n<p>\n","protected":false},"featured_media":141209,"template":"","meta":{"_acf_changed":false,"inline_featured_image":false},"product_cat":[748,1193],"product_tag":[],"class_list":{"0":"post-141181","1":"product","2":"type-product","3":"status-publish","4":"has-post-thumbnail","6":"product_cat-pladebelastede-maskiner","7":"product_cat-econ-series-pladelaesset","9":"first","10":"instock","11":"shipping-taxable","12":"purchasable","13":"product-type-simple"},"acf":[],"_links":{"self":[{"href":"https:\/\/store.evolve-fitness.eu\/da\/wp-json\/wp\/v2\/product\/141181","targetHints":{"allow":["GET"]}}],"collection":[{"href":"https:\/\/store.evolve-fitness.eu\/da\/wp-json\/wp\/v2\/product"}],"about":[{"href":"https:\/\/store.evolve-fitness.eu\/da\/wp-json\/wp\/v2\/types\/product"}],"wp:featuredmedia":[{"embeddable":true,"href":"https:\/\/store.evolve-fitness.eu\/da\/wp-json\/wp\/v2\/media\/141209"}],"wp:attachment":[{"href":"https:\/\/store.evolve-fitness.eu\/da\/wp-json\/wp\/v2\/media?parent=141181"}],"wp:term":[{"taxonomy":"product_cat","embeddable":true,"href":"https:\/\/store.evolve-fitness.eu\/da\/wp-json\/wp\/v2\/product_cat?post=141181"},{"taxonomy":"product_tag","embeddable":true,"href":"https:\/\/store.evolve-fitness.eu\/da\/wp-json\/wp\/v2\/product_tag?post=141181"}],"curies":[{"name":"wp","href":"https:\/\/api.w.org\/{rel}","templated":true}]}}