{"id":141082,"date":"2025-10-14T16:12:42","date_gmt":"2025-10-14T13:12:42","guid":{"rendered":"https:\/\/store.evolve-fitness.eu\/product\/evolve-econ-series-plate-loaded-hip-thrust-ec-130\/"},"modified":"2025-10-14T16:12:42","modified_gmt":"2025-10-14T16:12:42","slug":"evolve-econ-series-plate-loaded-hip-thrust-ec-130","status":"publish","type":"product","link":"https:\/\/store.evolve-fitness.eu\/da\/vare\/evolve-econ-series-plate-loaded-hip-thrust-ec-130\/","title":{"rendered":"Evolve Econ Series Plate Loaded Hip Thrust (EC-130)"},"content":{"rendered":"","protected":false},"excerpt":{"rendered":"<p>Evolve Econ Series Plate Loaded Hip Thrust er designet til effektivt at m\u00e5lrette og styrke baller, haser og core gennem en sikker og kontrolleret l\u00f8ftebev\u00e6gelse. Det pladebelastede modstandssystem giver mulighed for j\u00e6vn justering af belastningen, mens den ergonomisk polstrede platform og den justerbare fodplacering sikrer komfort og stabilitet. Den er bygget med henblik p\u00e5 holdbarhed og ensartet ydeevne og er ideel til professionelle og kommercielle styrketr\u00e6ningsmilj\u00f8er.  <\/p>\n<p>\n","protected":false},"featured_media":141090,"template":"","meta":{"_acf_changed":false,"inline_featured_image":false},"product_cat":[748,1193],"product_tag":[],"class_list":{"0":"post-141082","1":"product","2":"type-product","3":"status-publish","4":"has-post-thumbnail","6":"product_cat-pladebelastede-maskiner","7":"product_cat-econ-series-pladelaesset","9":"first","10":"instock","11":"shipping-taxable","12":"purchasable","13":"product-type-simple"},"acf":[],"_links":{"self":[{"href":"https:\/\/store.evolve-fitness.eu\/da\/wp-json\/wp\/v2\/product\/141082","targetHints":{"allow":["GET"]}}],"collection":[{"href":"https:\/\/store.evolve-fitness.eu\/da\/wp-json\/wp\/v2\/product"}],"about":[{"href":"https:\/\/store.evolve-fitness.eu\/da\/wp-json\/wp\/v2\/types\/product"}],"wp:featuredmedia":[{"embeddable":true,"href":"https:\/\/store.evolve-fitness.eu\/da\/wp-json\/wp\/v2\/media\/141090"}],"wp:attachment":[{"href":"https:\/\/store.evolve-fitness.eu\/da\/wp-json\/wp\/v2\/media?parent=141082"}],"wp:term":[{"taxonomy":"product_cat","embeddable":true,"href":"https:\/\/store.evolve-fitness.eu\/da\/wp-json\/wp\/v2\/product_cat?post=141082"},{"taxonomy":"product_tag","embeddable":true,"href":"https:\/\/store.evolve-fitness.eu\/da\/wp-json\/wp\/v2\/product_tag?post=141082"}],"curies":[{"name":"wp","href":"https:\/\/api.w.org\/{rel}","templated":true}]}}