{"id":141006,"date":"2025-10-14T16:05:36","date_gmt":"2025-10-14T13:05:36","guid":{"rendered":"https:\/\/store.evolve-fitness.eu\/product\/evolve-econ-series-pladebelastet-lodret-benpres-ec-120\/"},"modified":"2025-10-14T16:05:36","modified_gmt":"2025-10-14T16:05:36","slug":"evolve-econ-series-pladebelastet-lodret-benpres-ec-120","status":"publish","type":"product","link":"https:\/\/store.evolve-fitness.eu\/da\/vare\/evolve-econ-series-pladebelastet-lodret-benpres-ec-120\/","title":{"rendered":"Evolve Econ Series pladebelastet lodret benpres (EC-120)"},"content":{"rendered":"","protected":false},"excerpt":{"rendered":"<p>Evolve Econ Series Plate Loaded Vertical Leg Press er konstrueret til at maksimere styrken i underkroppen med fokus p\u00e5 quadriceps, hamstrings og glutes. Det lodrette design giver en naturlig og effektiv pressebev\u00e6gelse med optimal belastningsfordeling, mens det pladebelastede system sikrer en j\u00e6vn justering af modstanden. Den er bygget af kraftige materialer for holdbarhed og stabilitet og er ideel til b\u00e5de kommercielle og professionelle tr\u00e6ningsmilj\u00f8er.  <\/p>\n<p>\n","protected":false},"featured_media":141012,"template":"","meta":{"_acf_changed":false,"inline_featured_image":false},"product_cat":[748,1193],"product_tag":[],"class_list":{"0":"post-141006","1":"product","2":"type-product","3":"status-publish","4":"has-post-thumbnail","6":"product_cat-pladebelastede-maskiner","7":"product_cat-econ-series-pladelaesset","9":"first","10":"instock","11":"shipping-taxable","12":"purchasable","13":"product-type-simple"},"acf":[],"_links":{"self":[{"href":"https:\/\/store.evolve-fitness.eu\/da\/wp-json\/wp\/v2\/product\/141006","targetHints":{"allow":["GET"]}}],"collection":[{"href":"https:\/\/store.evolve-fitness.eu\/da\/wp-json\/wp\/v2\/product"}],"about":[{"href":"https:\/\/store.evolve-fitness.eu\/da\/wp-json\/wp\/v2\/types\/product"}],"wp:featuredmedia":[{"embeddable":true,"href":"https:\/\/store.evolve-fitness.eu\/da\/wp-json\/wp\/v2\/media\/141012"}],"wp:attachment":[{"href":"https:\/\/store.evolve-fitness.eu\/da\/wp-json\/wp\/v2\/media?parent=141006"}],"wp:term":[{"taxonomy":"product_cat","embeddable":true,"href":"https:\/\/store.evolve-fitness.eu\/da\/wp-json\/wp\/v2\/product_cat?post=141006"},{"taxonomy":"product_tag","embeddable":true,"href":"https:\/\/store.evolve-fitness.eu\/da\/wp-json\/wp\/v2\/product_tag?post=141006"}],"curies":[{"name":"wp","href":"https:\/\/api.w.org\/{rel}","templated":true}]}}