{"id":140949,"date":"2025-10-14T15:58:15","date_gmt":"2025-10-14T12:58:15","guid":{"rendered":"https:\/\/store.evolve-fitness.eu\/product\/evolve-econ-series-pladebelastet-staende-adduktion-ec-110\/"},"modified":"2025-10-14T15:58:15","modified_gmt":"2025-10-14T15:58:15","slug":"evolve-econ-series-pladebelastet-staende-adduktion-ec-110","status":"publish","type":"product","link":"https:\/\/store.evolve-fitness.eu\/da\/vare\/evolve-econ-series-pladebelastet-staende-adduktion-ec-110\/","title":{"rendered":"Evolve Econ Series pladebelastet st\u00e5ende adduktion (EC-110)"},"content":{"rendered":"","protected":false},"excerpt":{"rendered":"<p>Evolve Econ Series Plate Loaded Standing Adduction er designet til at styrke og tone de indre l\u00e5rmuskler gennem et kontrolleret og naturligt bev\u00e6gelsesm\u00f8nster. Det pladebelastede modstandssystem giver mulighed for j\u00e6vn og justerbar belastning, mens det ergonomiske st\u00e5ende design fremmer stabilitet og korrekt kropsjustering. Den er bygget med henblik p\u00e5 holdbarhed og ensartet ydeevne og er en fremragende tilf\u00f8jelse til enhver kommerciel eller professionel tr\u00e6ningsfacilitet.  <\/p>\n<p>\n","protected":false},"featured_media":140951,"template":"","meta":{"_acf_changed":false,"inline_featured_image":false},"product_cat":[748,1193],"product_tag":[],"class_list":{"0":"post-140949","1":"product","2":"type-product","3":"status-publish","4":"has-post-thumbnail","6":"product_cat-pladebelastede-maskiner","7":"product_cat-econ-series-pladelaesset","9":"first","10":"instock","11":"shipping-taxable","12":"purchasable","13":"product-type-simple"},"acf":[],"_links":{"self":[{"href":"https:\/\/store.evolve-fitness.eu\/da\/wp-json\/wp\/v2\/product\/140949","targetHints":{"allow":["GET"]}}],"collection":[{"href":"https:\/\/store.evolve-fitness.eu\/da\/wp-json\/wp\/v2\/product"}],"about":[{"href":"https:\/\/store.evolve-fitness.eu\/da\/wp-json\/wp\/v2\/types\/product"}],"wp:featuredmedia":[{"embeddable":true,"href":"https:\/\/store.evolve-fitness.eu\/da\/wp-json\/wp\/v2\/media\/140951"}],"wp:attachment":[{"href":"https:\/\/store.evolve-fitness.eu\/da\/wp-json\/wp\/v2\/media?parent=140949"}],"wp:term":[{"taxonomy":"product_cat","embeddable":true,"href":"https:\/\/store.evolve-fitness.eu\/da\/wp-json\/wp\/v2\/product_cat?post=140949"},{"taxonomy":"product_tag","embeddable":true,"href":"https:\/\/store.evolve-fitness.eu\/da\/wp-json\/wp\/v2\/product_tag?post=140949"}],"curies":[{"name":"wp","href":"https:\/\/api.w.org\/{rel}","templated":true}]}}