{"id":140497,"date":"2025-10-14T10:57:45","date_gmt":"2025-10-14T10:57:45","guid":{"rendered":"https:\/\/store.evolve-fitness.eu\/product\/evolve-econ-series-plate-loaded-shoulder-press-ec-010\/"},"modified":"2025-10-14T10:57:45","modified_gmt":"2025-10-14T10:57:45","slug":"evolve-econ-series-plate-loaded-shoulder-press-ec-010","status":"publish","type":"product","link":"https:\/\/store.evolve-fitness.eu\/da\/vare\/evolve-econ-series-plate-loaded-shoulder-press-ec-010\/","title":{"rendered":"Evolve Econ Series Plate Loaded Shoulder Press (EC-010)"},"content":{"rendered":"","protected":false},"excerpt":{"rendered":"<p>Evolve Econ Series Plate Loaded Shoulder Press er en holdbar og effektiv styrkemaskine, der er designet til at ramme deltamusklerne med naturlige og kontrollerede bev\u00e6gelser. Det pladebelastede system sikrer en j\u00e6vn justering af modstanden, mens det ergonomiske s\u00e6de og h\u00e5ndtagene giver komfort og stabilitet under tr\u00e6ningen. Den er ideel til b\u00e5de kommercielle og private fitnesscentre og leverer p\u00e5lidelig ydeevne og langvarig holdbarhed.  <\/p>\n","protected":false},"featured_media":140514,"template":"","meta":{"_acf_changed":false,"inline_featured_image":false},"product_cat":[748,1193],"product_tag":[],"class_list":{"0":"post-140497","1":"product","2":"type-product","3":"status-publish","4":"has-post-thumbnail","6":"product_cat-pladebelastede-maskiner","7":"product_cat-econ-series-pladelaesset","9":"first","10":"instock","11":"shipping-taxable","12":"purchasable","13":"product-type-simple"},"acf":[],"_links":{"self":[{"href":"https:\/\/store.evolve-fitness.eu\/da\/wp-json\/wp\/v2\/product\/140497","targetHints":{"allow":["GET"]}}],"collection":[{"href":"https:\/\/store.evolve-fitness.eu\/da\/wp-json\/wp\/v2\/product"}],"about":[{"href":"https:\/\/store.evolve-fitness.eu\/da\/wp-json\/wp\/v2\/types\/product"}],"wp:featuredmedia":[{"embeddable":true,"href":"https:\/\/store.evolve-fitness.eu\/da\/wp-json\/wp\/v2\/media\/140514"}],"wp:attachment":[{"href":"https:\/\/store.evolve-fitness.eu\/da\/wp-json\/wp\/v2\/media?parent=140497"}],"wp:term":[{"taxonomy":"product_cat","embeddable":true,"href":"https:\/\/store.evolve-fitness.eu\/da\/wp-json\/wp\/v2\/product_cat?post=140497"},{"taxonomy":"product_tag","embeddable":true,"href":"https:\/\/store.evolve-fitness.eu\/da\/wp-json\/wp\/v2\/product_tag?post=140497"}],"curies":[{"name":"wp","href":"https:\/\/api.w.org\/{rel}","templated":true}]}}