{"id":140368,"date":"2025-10-15T09:27:22","date_gmt":"2025-10-15T06:27:22","guid":{"rendered":"https:\/\/store.evolve-fitness.eu\/product\/evolve-econ-series-plate-loaded-biceps-triceps-ec-200\/"},"modified":"2025-10-15T09:27:22","modified_gmt":"2025-10-15T09:27:22","slug":"evolve-econ-series-plate-loaded-biceps-triceps-ec-200","status":"publish","type":"product","link":"https:\/\/store.evolve-fitness.eu\/da\/vare\/evolve-econ-series-plate-loaded-biceps-triceps-ec-200\/","title":{"rendered":"Evolve Econ Series Plate Loaded Biceps &amp; Triceps (EC-200)"},"content":{"rendered":"","protected":false},"excerpt":{"rendered":"<p>Evolve Econ Series Plate Loaded Biceps &amp; Triceps-maskinen er designet til effektiv armtr\u00e6ning, der retter sig mod b\u00e5de biceps og triceps med j\u00e6vne, isolerede bev\u00e6gelser. Det dobbeltfunktionelle pladebelastede system g\u00f8r det nemt at justere modstanden for en afbalanceret muskeludvikling, mens ergonomiske puder og h\u00e5ndtag sikrer komfort og stabilitet. Den er bygget med henblik p\u00e5 holdbarhed og ensartet ydeevne og er ideel til professionelle og kommercielle tr\u00e6ningsmilj\u00f8er.  <\/p>\n","protected":false},"featured_media":140376,"template":"","meta":{"_acf_changed":false,"inline_featured_image":false},"product_cat":[748,1193],"product_tag":[],"class_list":{"0":"post-140368","1":"product","2":"type-product","3":"status-publish","4":"has-post-thumbnail","6":"product_cat-pladebelastede-maskiner","7":"product_cat-econ-series-pladelaesset","9":"first","10":"instock","11":"shipping-taxable","12":"purchasable","13":"product-type-simple"},"acf":[],"_links":{"self":[{"href":"https:\/\/store.evolve-fitness.eu\/da\/wp-json\/wp\/v2\/product\/140368","targetHints":{"allow":["GET"]}}],"collection":[{"href":"https:\/\/store.evolve-fitness.eu\/da\/wp-json\/wp\/v2\/product"}],"about":[{"href":"https:\/\/store.evolve-fitness.eu\/da\/wp-json\/wp\/v2\/types\/product"}],"wp:featuredmedia":[{"embeddable":true,"href":"https:\/\/store.evolve-fitness.eu\/da\/wp-json\/wp\/v2\/media\/140376"}],"wp:attachment":[{"href":"https:\/\/store.evolve-fitness.eu\/da\/wp-json\/wp\/v2\/media?parent=140368"}],"wp:term":[{"taxonomy":"product_cat","embeddable":true,"href":"https:\/\/store.evolve-fitness.eu\/da\/wp-json\/wp\/v2\/product_cat?post=140368"},{"taxonomy":"product_tag","embeddable":true,"href":"https:\/\/store.evolve-fitness.eu\/da\/wp-json\/wp\/v2\/product_tag?post=140368"}],"curies":[{"name":"wp","href":"https:\/\/api.w.org\/{rel}","templated":true}]}}