{"id":140132,"date":"2025-10-15T09:32:36","date_gmt":"2025-10-15T06:32:36","guid":{"rendered":"https:\/\/store.evolve-fitness.eu\/product\/evolve-econ-series-plate-loaded-squat-calf-raise-ec-210\/"},"modified":"2025-10-15T09:32:36","modified_gmt":"2025-10-15T09:32:36","slug":"evolve-econ-series-plate-loaded-squat-calf-raise-ec-210","status":"publish","type":"product","link":"https:\/\/store.evolve-fitness.eu\/da\/vare\/evolve-econ-series-plate-loaded-squat-calf-raise-ec-210\/","title":{"rendered":"Evolve Econ Series Plate Loaded Squat &amp; Calf Raise (EC-210)"},"content":{"rendered":"","protected":false},"excerpt":{"rendered":"<p>Evolve Econ Series Plate Loaded Squat &amp; Calf Raise er designet til at styrke underkroppen med fokus p\u00e5 quadriceps, glutes, hamstrings og l\u00e6gmuskler gennem j\u00e6vne, kontrollerede bev\u00e6gelser. Det pladebelastede system giver mulighed for pr\u00e6cis justering af modstanden, mens de ergonomiske skulderpuder og fodplatformen sikrer komfort og stabilitet. Den er bygget til holdbarhed og tung brug og er et fremragende valg til b\u00e5de kommercielle og professionelle styrketr\u00e6ningsmilj\u00f8er.  <\/p>\n","protected":false},"featured_media":140138,"template":"","meta":{"_acf_changed":false,"inline_featured_image":false},"product_cat":[748,1193],"product_tag":[],"class_list":{"0":"post-140132","1":"product","2":"type-product","3":"status-publish","4":"has-post-thumbnail","6":"product_cat-pladebelastede-maskiner","7":"product_cat-econ-series-pladelaesset","9":"first","10":"instock","11":"shipping-taxable","12":"purchasable","13":"product-type-simple"},"acf":[],"_links":{"self":[{"href":"https:\/\/store.evolve-fitness.eu\/da\/wp-json\/wp\/v2\/product\/140132","targetHints":{"allow":["GET"]}}],"collection":[{"href":"https:\/\/store.evolve-fitness.eu\/da\/wp-json\/wp\/v2\/product"}],"about":[{"href":"https:\/\/store.evolve-fitness.eu\/da\/wp-json\/wp\/v2\/types\/product"}],"wp:featuredmedia":[{"embeddable":true,"href":"https:\/\/store.evolve-fitness.eu\/da\/wp-json\/wp\/v2\/media\/140138"}],"wp:attachment":[{"href":"https:\/\/store.evolve-fitness.eu\/da\/wp-json\/wp\/v2\/media?parent=140132"}],"wp:term":[{"taxonomy":"product_cat","embeddable":true,"href":"https:\/\/store.evolve-fitness.eu\/da\/wp-json\/wp\/v2\/product_cat?post=140132"},{"taxonomy":"product_tag","embeddable":true,"href":"https:\/\/store.evolve-fitness.eu\/da\/wp-json\/wp\/v2\/product_tag?post=140132"}],"curies":[{"name":"wp","href":"https:\/\/api.w.org\/{rel}","templated":true}]}}