{"id":139979,"date":"2025-10-15T09:37:07","date_gmt":"2025-10-15T06:37:07","guid":{"rendered":"https:\/\/store.evolve-fitness.eu\/product\/evolve-econ-series-plate-loaded-hack-squat-leg-press-ec-220\/"},"modified":"2025-10-15T09:37:07","modified_gmt":"2025-10-15T09:37:07","slug":"evolve-econ-series-plate-loaded-hack-squat-leg-press-ec-220","status":"publish","type":"product","link":"https:\/\/store.evolve-fitness.eu\/da\/vare\/evolve-econ-series-plate-loaded-hack-squat-leg-press-ec-220\/","title":{"rendered":"Evolve Econ Series Plate Loaded Hack Squat &amp; Leg Press (EC-220)"},"content":{"rendered":"","protected":false},"excerpt":{"rendered":"<p>Evolve Econ Series Plate Loaded Hack Squat &amp; Leg Press kombinerer to vigtige underkrops\u00f8velser i en alsidig maskine, der retter sig mod quadriceps, hamstrings og glutes med pr\u00e6cision og kontrol. Det pladebelastede system giver j\u00e6vn og justerbar modstand, mens det ergonomiske rygl\u00e6n og fodpladedesign sikrer komfort og korrekt justering. Den er bygget af kraftige materialer, der giver lang holdbarhed, og den er ideel til kommercielle og professionelle tr\u00e6ningsmilj\u00f8er, der \u00f8nsker pladsbesparende ydeevne.  <\/p>\n","protected":false},"featured_media":139988,"template":"","meta":{"_acf_changed":false,"inline_featured_image":false},"product_cat":[748,1193],"product_tag":[],"class_list":{"0":"post-139979","1":"product","2":"type-product","3":"status-publish","4":"has-post-thumbnail","6":"product_cat-pladebelastede-maskiner","7":"product_cat-econ-series-pladelaesset","9":"first","10":"instock","11":"shipping-taxable","12":"purchasable","13":"product-type-simple"},"acf":[],"_links":{"self":[{"href":"https:\/\/store.evolve-fitness.eu\/da\/wp-json\/wp\/v2\/product\/139979","targetHints":{"allow":["GET"]}}],"collection":[{"href":"https:\/\/store.evolve-fitness.eu\/da\/wp-json\/wp\/v2\/product"}],"about":[{"href":"https:\/\/store.evolve-fitness.eu\/da\/wp-json\/wp\/v2\/types\/product"}],"wp:featuredmedia":[{"embeddable":true,"href":"https:\/\/store.evolve-fitness.eu\/da\/wp-json\/wp\/v2\/media\/139988"}],"wp:attachment":[{"href":"https:\/\/store.evolve-fitness.eu\/da\/wp-json\/wp\/v2\/media?parent=139979"}],"wp:term":[{"taxonomy":"product_cat","embeddable":true,"href":"https:\/\/store.evolve-fitness.eu\/da\/wp-json\/wp\/v2\/product_cat?post=139979"},{"taxonomy":"product_tag","embeddable":true,"href":"https:\/\/store.evolve-fitness.eu\/da\/wp-json\/wp\/v2\/product_tag?post=139979"}],"curies":[{"name":"wp","href":"https:\/\/api.w.org\/{rel}","templated":true}]}}