{"id":139208,"date":"2025-09-19T08:03:09","date_gmt":"2025-09-19T08:03:09","guid":{"rendered":"https:\/\/store.evolve-fitness.eu\/product\/evolve-lobeband-med-led-konsol\/"},"modified":"2026-04-22T12:01:22","modified_gmt":"2026-04-22T12:01:22","slug":"evolve-lobeband-med-led-konsol","status":"publish","type":"product","link":"https:\/\/store.evolve-fitness.eu\/da\/vare\/evolve-lobeband-med-led-konsol\/","title":{"rendered":"Evolve l\u00f8beb\u00e5nd med LED-konsol"},"content":{"rendered":"\n<section class=\"wp-block-group alignfull black-content has-white-color has-darkgray-background-color has-text-color has-background is-layout-constrained wp-block-group-is-layout-constrained\" style=\"padding-top:var(--wp--preset--spacing--section-bottom);padding-bottom:var(--wp--preset--spacing--section-bottom)\">\n<div class=\"wp-block-columns alignwide is-layout-flex wp-container-core-columns-is-layout-c45ee707 wp-block-columns-is-layout-flex\" style=\"margin-bottom:var(--wp--preset--spacing--side-padding);padding-top:var(--wp--preset--spacing--side-padding)\">\n<div class=\"wp-block-column is-vertically-aligned-center is-layout-flow wp-block-column-is-layout-flow\">\n<figure class=\"wp-block-image size-full is-style-rounded\"><img decoding=\"async\" src=\"https:\/\/evolve-fitness.eu\/wp-content\/uploads\/2025\/08\/EV-TM-HT-175-LED-1-scaled.png\" alt=\"\" class=\"wp-image-203334\"\/><\/figure>\n<\/div>\n\n\n\n<div class=\"wp-block-column is-vertically-aligned-center is-layout-flow wp-block-column-is-layout-flow\">\n<h3 class=\"wp-block-heading\" style=\"margin-bottom:var(--wp--preset--spacing--h-3-bottom)\"><strong><strong>Stabilitet og holdbarhed<\/strong><\/strong><\/h3>\n\n\n\n<p style=\"margin-bottom:var(--wp--preset--spacing--tb-section-padding)\">Evolve-l\u00f8beb\u00e5ndet med LED-konsol (EV-TM-HT-175-LED) er en kompakt og holdbar cardio-maskine designet til b\u00e5de hjemmebrug og let kommerciel brug. Udstyret med et tydeligt LED-display sporer det hastighed, distance, tid, kalorier og puls, hvilket sikrer effektiv og behagelig tr\u00e6ning. <\/p>\n<\/div>\n<\/div>\n\n\n\n<div class=\"wp-block-columns alignwide are-vertically-aligned-center mobile-reverse is-layout-flex wp-container-core-columns-is-layout-e8158c2f wp-block-columns-is-layout-flex\" style=\"padding-top:var(--wp--preset--spacing--side-padding)\">\n<div class=\"wp-block-column is-vertically-aligned-center is-layout-flow wp-block-column-is-layout-flow\">\n<h3 class=\"wp-block-heading\" style=\"margin-bottom:var(--wp--preset--spacing--h-3-bottom)\"><strong><strong><strong><strong>Sammenfoldelig og pladsbesparende<\/strong><\/strong><\/strong><\/strong><\/h3>\n\n\n\n<p style=\"margin-bottom:var(--wp--preset--spacing--tb-section-padding)\">Efter hver tr\u00e6ning kan du nemt folde l\u00f8beb\u00e5ndet sammen og flytte det til et andet sted ved hj\u00e6lp af de indbyggede transporthjul. Det er en praktisk og pladsbesparende l\u00f8sning, som passer perfekt ind i ethvert tr\u00e6ningscenter i hjemmet.<\/p>\n<\/div>\n\n\n\n<div class=\"wp-block-column is-vertically-aligned-center is-layout-flow wp-block-column-is-layout-flow\">\n<figure class=\"wp-block-image size-large is-style-rounded\"><img decoding=\"async\" src=\"https:\/\/evolve-fitness.eu\/wp-content\/uploads\/2025\/08\/Dizainas-be-pavadinimo-12-1024x1024.png\" alt=\"\" class=\"wp-image-203309\"\/><\/figure>\n<\/div>\n<\/div>\n<\/section>\n\n<section class=\"wp-block-group alignfull black-content has-white-color has-darkgray-background-color has-text-color has-background is-layout-constrained wp-block-group-is-layout-constrained\" style=\"padding-top:var(--wp--preset--spacing--section-bottom);padding-bottom:var(--wp--preset--spacing--section-bottom)\">\n<div class=\"wp-block-columns alignwide is-layout-flex wp-container-core-columns-is-layout-c45ee707 wp-block-columns-is-layout-flex\" style=\"margin-bottom:var(--wp--preset--spacing--side-padding);padding-top:var(--wp--preset--spacing--side-padding)\">\n<div class=\"wp-block-column is-vertically-aligned-center is-layout-flow wp-block-column-is-layout-flow\">\n<figure class=\"wp-block-image size-full is-style-rounded\"><img decoding=\"async\" src=\"https:\/\/evolve-fitness.eu\/wp-content\/uploads\/2025\/08\/Dizainas-be-pavadinimo-21.png\" alt=\"\" class=\"wp-image-204882\"\/><\/figure>\n<\/div>\n\n\n\n<div class=\"wp-block-column is-vertically-aligned-center is-layout-flow wp-block-column-is-layout-flow\">\n<h3 class=\"wp-block-heading\" style=\"margin-bottom:var(--wp--preset--spacing--h-3-bottom)\"><strong><strong>LED-konsol &#8211; smart og forbundet<\/strong><\/strong><\/h3>\n\n\n\n<p style=\"margin-bottom:var(--wp--preset--spacing--tb-section-padding)\">LED-konsollen giver klar tr\u00e6ningsfeedback og nem kontrol, s\u00e5 hver tr\u00e6ning bliver mere effektiv. Med <strong>P3-programmer<\/strong> til guidet tr\u00e6ning, <strong>HRC-funktion<\/strong> til pulsbaseret tr\u00e6ning, <strong>Bluetooth-forbindelse<\/strong> til apps og tr\u00e5dl\u00f8s parring og en <strong>MP3-funktion<\/strong> til musikafspilning kombinerer den pr\u00e6station og underholdning i \u00e9t kompakt system. <\/p>\n<\/div>\n<\/div>\n\n\n\n<div class=\"wp-block-columns alignwide are-vertically-aligned-center mobile-reverse is-layout-flex wp-container-core-columns-is-layout-e8158c2f wp-block-columns-is-layout-flex\" style=\"padding-top:var(--wp--preset--spacing--side-padding)\">\n<div class=\"wp-block-column is-vertically-aligned-center is-layout-flow wp-block-column-is-layout-flow\">\n<h3 class=\"wp-block-heading\" style=\"margin-bottom:var(--wp--preset--spacing--h-3-bottom)\"><strong><strong><strong>H\u00e6ldning for variation<\/strong><\/strong><\/strong><\/h3>\n\n\n\n<p style=\"margin-bottom:var(--wp--preset--spacing--tb-section-padding)\">Dette l\u00f8beb\u00e5nd har en l\u00f8beflade p\u00e5 1250 \u00d7 420 mm, et hastighedsomr\u00e5de p\u00e5 1,0-16,0 km\/t og op til 12 h\u00e6ldningsniveauer til alsidig tr\u00e6ning. Brugerne kan v\u00e6lge mellem 36 forudindstillede programmer, 3 brugerprogrammer, en manuel tilstand og en BMI-funktion, der passer til deres fitnessm\u00e5l. <\/p>\n<\/div>\n\n\n\n<div class=\"wp-block-column is-vertically-aligned-center is-layout-flow wp-block-column-is-layout-flow\">\n<figure class=\"wp-block-image size-large is-style-rounded\"><img decoding=\"async\" src=\"https:\/\/evolve-fitness.eu\/wp-content\/uploads\/2025\/08\/Dizainas-be-pavadinimo-22-1024x1024.png\" alt=\"\" class=\"wp-image-204907\"\/><\/figure>\n<\/div>\n<\/div>\n<\/section>\n\n<section class=\"wp-block-group alignfull black-content has-white-color has-darkgray-background-color has-text-color has-background is-layout-constrained wp-block-group-is-layout-constrained\" style=\"padding-top:var(--wp--preset--spacing--section-bottom);padding-bottom:var(--wp--preset--spacing--section-bottom)\">\n<div class=\"wp-block-columns alignwide are-vertically-aligned-center is-layout-flex wp-container-core-columns-is-layout-e8158c2f wp-block-columns-is-layout-flex\" style=\"padding-top:var(--wp--preset--spacing--side-padding)\">\n<div class=\"wp-block-column is-vertically-aligned-center is-layout-flow wp-block-column-is-layout-flow\">\n<figure class=\"wp-block-image aligncenter size-full is-style-rounded\"><img decoding=\"async\" src=\"https:\/\/evolve-fitness.eu\/wp-content\/uploads\/2023\/08\/EV-HT-350-LED-7.jpg\" alt=\"\" class=\"wp-image-2609\"\/><\/figure>\n<\/div>\n\n\n\n<div class=\"wp-block-column is-vertically-aligned-center is-layout-flow wp-block-column-is-layout-flow\">\n<h3 class=\"wp-block-heading\" style=\"margin-bottom:var(--wp--preset--spacing--h-3-bottom)\"><strong><strong>Pulsm\u00e5ling<\/strong><\/strong><\/h3>\n\n\n\n<p><strong><em><strong>Smart Fitness<\/strong><\/em><\/strong><\/p>\n\n\n\n<p style=\"margin-bottom:var(--wp--preset--spacing--tb-section-padding)\">Overv\u00e5g din puls for at optimere din tr\u00e6ningsoplevelse. At m\u00e5le din puls hj\u00e6lper dig ikke kun med at undg\u00e5 overanstrengelse, men giver dig ogs\u00e5 mulighed for at n\u00e5 specifikke fitnesszoner, hvilket \u00f8ger effektiviteten af din kardiovaskul\u00e6re tr\u00e6ning og dine kalorieforbr\u00e6ndingssessioner.<\/p>\n<\/div>\n<\/div>\n\n\n\n<div class=\"wp-block-columns alignwide are-vertically-aligned-center is-layout-flex wp-container-core-columns-is-layout-e8158c2f wp-block-columns-is-layout-flex\" style=\"padding-top:var(--wp--preset--spacing--side-padding)\">\n<div class=\"wp-block-column is-vertically-aligned-center is-layout-flow wp-block-column-is-layout-flow\">\n<h3 class=\"wp-block-heading\" style=\"margin-bottom:var(--wp--preset--spacing--h-3-bottom)\"><strong><strong><strong><strong>Hold dig hydreret og organiseret<\/strong><\/strong><\/strong><\/strong><\/h3>\n\n\n\n<p><strong><em><strong>Vandflaske- og tilbeh\u00f8rsholdere<\/strong><\/em><\/strong><\/p>\n\n\n\n<p style=\"margin-bottom:var(--wp--preset--spacing--tb-section-padding)\">Hold dig forfrisket med integrerede holdere p\u00e5 begge sider til dine yndlingsdrikke og sikre rum d\u00e6kket med skridsikre m\u00f8nstre til dit tr\u00e6ningstilbeh\u00f8r. Du har alt, hvad du har brug for, inden for r\u00e6kkevidde.<\/p>\n<\/div>\n\n\n\n<div class=\"wp-block-column is-vertically-aligned-center is-layout-flow wp-block-column-is-layout-flow\">\n<figure class=\"wp-block-image aligncenter size-full is-style-rounded\"><img decoding=\"async\" src=\"https:\/\/evolve-fitness.eu\/wp-content\/uploads\/2023\/08\/EV-HT-350-LED-8.jpg\" alt=\"\" class=\"wp-image-2611\"\/><\/figure>\n<\/div>\n<\/div>\n<\/section>\n\n<section class=\"wp-block-group alignfull black-content has-white-color has-darkgray-background-color has-text-color has-background is-layout-constrained wp-block-group-is-layout-constrained\" style=\"padding-top:var(--wp--preset--spacing--section-bottom);padding-bottom:var(--wp--preset--spacing--section-bottom)\">\n<div class=\"wp-block-columns alignwide are-vertically-aligned-center is-layout-flex wp-container-core-columns-is-layout-e8158c2f wp-block-columns-is-layout-flex\" style=\"padding-top:var(--wp--preset--spacing--side-padding)\">\n<div class=\"wp-block-column is-vertically-aligned-center is-layout-flow wp-block-column-is-layout-flow\">\n<figure class=\"wp-block-image aligncenter size-full is-style-rounded\"><img decoding=\"async\" src=\"https:\/\/evolve-fitness.eu\/wp-content\/uploads\/2023\/08\/EV-HT-350-LED-10.jpg\" alt=\"\" class=\"wp-image-2613\"\/><\/figure>\n<\/div>\n\n\n\n<div class=\"wp-block-column is-vertically-aligned-center is-layout-flow wp-block-column-is-layout-flow\">\n<h3 class=\"wp-block-heading\" style=\"margin-bottom:var(--wp--preset--spacing--h-3-bottom)\"><strong><strong><strong>Sikkerhedsn\u00f8gle<\/strong><\/strong><\/strong><\/h3>\n\n\n\n<p><strong><em><strong><strong>Priorit\u00e9r din sikkerhed<\/strong><\/strong><\/em><\/strong><\/p>\n\n\n\n<p style=\"margin-bottom:var(--wp--preset--spacing--tb-section-padding)\">S\u00e6t den r\u00f8de sikkerhedsn\u00f8gle fast p\u00e5 dit t\u00f8j f\u00f8r hver tr\u00e6ning. I n\u00f8dstilf\u00e6lde kobler sikkerhedsn\u00f8glen fra og stopper l\u00f8beb\u00e5ndet med det samme. Din sikkerhed er altafg\u00f8rende for os.<\/p>\n<\/div>\n<\/div>\n<\/section>\n","protected":false},"excerpt":{"rendered":"<p>Evolve-l\u00f8beb\u00e5ndet med LED-konsol (EV-TM-HT-175-LED) er en kompakt og holdbar cardiomaskine med en l\u00f8beflade p\u00e5 1250 \u00d7 420 mm, et hastighedsomr\u00e5de p\u00e5 1,0-16,0 km\/t, 12 h\u00e6ldningsniveauer og flere tr\u00e6ningsprogrammer. Dens sammenklappelige design med transporthjul g\u00f8r den nem at opbevare og flytte, hvilket g\u00f8r den perfekt til b\u00e5de hjemmebrug og let kommerciel brug. <\/p>\n","protected":false},"featured_media":138193,"template":"","meta":{"_acf_changed":false,"inline_featured_image":false},"product_cat":[353,351,895],"product_tag":[2328],"class_list":{"0":"post-139208","1":"product","2":"type-product","3":"status-publish","4":"has-post-thumbnail","6":"product_cat-forside","7":"product_cat-cardio-udstyr","8":"product_cat-cardio-udstyr-til-hjemmet","9":"product_tag-cardio-udstyr","11":"first","12":"instock","13":"shipping-taxable","14":"purchasable","15":"product-type-simple"},"acf":[],"_links":{"self":[{"href":"https:\/\/store.evolve-fitness.eu\/da\/wp-json\/wp\/v2\/product\/139208","targetHints":{"allow":["GET"]}}],"collection":[{"href":"https:\/\/store.evolve-fitness.eu\/da\/wp-json\/wp\/v2\/product"}],"about":[{"href":"https:\/\/store.evolve-fitness.eu\/da\/wp-json\/wp\/v2\/types\/product"}],"wp:featuredmedia":[{"embeddable":true,"href":"https:\/\/store.evolve-fitness.eu\/da\/wp-json\/wp\/v2\/media\/138193"}],"wp:attachment":[{"href":"https:\/\/store.evolve-fitness.eu\/da\/wp-json\/wp\/v2\/media?parent=139208"}],"wp:term":[{"taxonomy":"product_cat","embeddable":true,"href":"https:\/\/store.evolve-fitness.eu\/da\/wp-json\/wp\/v2\/product_cat?post=139208"},{"taxonomy":"product_tag","embeddable":true,"href":"https:\/\/store.evolve-fitness.eu\/da\/wp-json\/wp\/v2\/product_tag?post=139208"}],"curies":[{"name":"wp","href":"https:\/\/api.w.org\/{rel}","templated":true}]}}