{"id":139084,"date":"2025-09-19T10:53:24","date_gmt":"2025-09-19T10:53:24","guid":{"rendered":"https:\/\/store.evolve-fitness.eu\/product\/evolve-lobeband-med-238-tft-konsol\/"},"modified":"2026-04-16T12:00:39","modified_gmt":"2026-04-16T12:00:39","slug":"evolve-lobeband-med-238-tft-konsol","status":"publish","type":"product","link":"https:\/\/store.evolve-fitness.eu\/da\/vare\/evolve-lobeband-med-238-tft-konsol\/","title":{"rendered":"Evolve-l\u00f8beb\u00e5nd med 23,8&#8243; TFT-konsol"},"content":{"rendered":"\n<section class=\"wp-block-group alignfull black-content has-white-color has-darkgray-background-color has-text-color has-background is-layout-constrained wp-block-group-is-layout-constrained\" style=\"padding-top:var(--wp--preset--spacing--section-bottom);padding-bottom:var(--wp--preset--spacing--section-bottom)\">\n<div class=\"wp-block-columns alignwide is-layout-flex wp-container-core-columns-is-layout-c45ee707 wp-block-columns-is-layout-flex\" style=\"margin-bottom:var(--wp--preset--spacing--side-padding);padding-top:var(--wp--preset--spacing--side-padding)\">\n<div class=\"wp-block-column is-vertically-aligned-center is-layout-flow wp-block-column-is-layout-flow\">\n<figure class=\"wp-block-image size-full is-style-rounded\"><img decoding=\"async\" src=\"https:\/\/evolve-fitness.eu\/wp-content\/uploads\/2025\/08\/Dizainas-be-pavadinimo-18.png\" alt=\"\" class=\"wp-image-204321\"\/><\/figure>\n<\/div>\n\n\n\n<div class=\"wp-block-column is-vertically-aligned-center is-layout-flow wp-block-column-is-layout-flow\">\n<h3 class=\"wp-block-heading\" style=\"margin-bottom:var(--wp--preset--spacing--h-3-bottom)\"><strong><strong>Pr\u00e6station og sikkerhed<\/strong><\/strong><\/h3>\n\n\n\n<p style=\"margin-bottom:var(--wp--preset--spacing--tb-section-padding)\">Med et hastighedsomr\u00e5de p\u00e5 <strong>1,0-20 km\/t<\/strong> og en h\u00e6ldning p\u00e5 <strong>0-15 %<\/strong> underst\u00f8tter konsollen alt fra let gang til intensivt l\u00f8b. De indbyggede sikkerhedssystemer omfatter overbelastnings- og overstr\u00f8msbeskyttelse, hastighedssikring og funktioner mod elektromagnetisk interferens. <\/p>\n<\/div>\n<\/div>\n\n\n\n<div class=\"wp-block-columns alignwide are-vertically-aligned-center mobile-reverse is-layout-flex wp-container-core-columns-is-layout-e8158c2f wp-block-columns-is-layout-flex\" style=\"padding-top:var(--wp--preset--spacing--side-padding)\">\n<div class=\"wp-block-column is-vertically-aligned-center is-layout-flow wp-block-column-is-layout-flow\">\n<h3 class=\"wp-block-heading\" style=\"margin-bottom:var(--wp--preset--spacing--h-3-bottom)\"><strong><strong><strong><strong><strong><strong><strong><strong><strong>Tr\u00e5dl\u00f8s opladning af mobiltelefoner<\/strong><\/strong><\/strong><\/strong><\/strong><\/strong><\/strong><\/strong><\/strong>     <\/h3>\n\n\n\n<p style=\"margin-bottom:var(--wp--preset--spacing--tb-section-padding)\">Hold forbindelsen og lad op under din tr\u00e6ningsrejse med Evolve-l\u00f8beb\u00e5ndet med 23,8&#8243; TFT-konsol, der har en innovativ funktion til tr\u00e5dl\u00f8s opladning af mobiltelefoner. N\u00e5r du presser dine gr\u00e6nser p\u00e5 l\u00f8beb\u00e5ndet, kan du holde din mobile enhed t\u00e6ndt uden problemer. Denne banebrydende tilf\u00f8jelse sikrer, at din tr\u00e6ning ikke bliver afbrudt, s\u00e5 du kan bruge dine yndlingsapps, -musik og -indhold, mens din enhed er klar til action. Oplev sammensmeltningen af fitness og teknologi, n\u00e5r du oplader din telefon tr\u00e5dl\u00f8st og redefinerer bekvemmelighed for den moderne fitnessentusiast.<\/p>\n<\/div>\n\n\n\n<div class=\"wp-block-column is-vertically-aligned-center is-layout-flow wp-block-column-is-layout-flow\">\n<figure class=\"wp-block-image size-large is-style-rounded\"><img decoding=\"async\" src=\"https:\/\/evolve-fitness.eu\/wp-content\/uploads\/2025\/08\/EV-TM-HT-300-TFT-1-1024x1024.png\" alt=\"\" class=\"wp-image-204959\"\/><\/figure>\n<\/div>\n<\/div>\n<\/section>\n\n<section class=\"wp-block-group alignfull black-content has-white-color has-darkgray-background-color has-text-color has-background is-layout-constrained wp-block-group-is-layout-constrained\" style=\"padding-top:var(--wp--preset--spacing--section-bottom);padding-bottom:var(--wp--preset--spacing--section-bottom)\">\n<div class=\"wp-block-columns alignwide is-layout-flex wp-container-core-columns-is-layout-c45ee707 wp-block-columns-is-layout-flex\" style=\"margin-bottom:var(--wp--preset--spacing--side-padding);padding-top:var(--wp--preset--spacing--side-padding)\">\n<div class=\"wp-block-column is-vertically-aligned-center is-layout-flow wp-block-column-is-layout-flow\">\n<figure class=\"wp-block-image size-full is-style-rounded\"><img decoding=\"async\" src=\"https:\/\/evolve-fitness.eu\/wp-content\/uploads\/2025\/08\/Dizainas-be-pavadinimo-23-scaled.png\" alt=\"\" class=\"wp-image-205036\"\/><\/figure>\n<\/div>\n\n\n\n<div class=\"wp-block-column is-vertically-aligned-center is-layout-flow wp-block-column-is-layout-flow\">\n<h3 class=\"wp-block-heading\" style=\"margin-bottom:var(--wp--preset--spacing--h-3-bottom)\"><strong><strong><strong>Smart underholdning og tilslutningsmuligheder<\/strong><\/strong><\/strong><\/h3>\n\n\n\n<p style=\"margin-bottom:var(--wp--preset--spacing--tb-section-padding)\">Nyd din tr\u00e6ning med indbyggede underholdnings- og tilslutningsfunktioner. F\u00e5 adgang til apps som <strong>YouTube, Netflix, Spotify, TikTok, Chrome, Instagram og Facebook<\/strong>, opret forbindelse til Wi-Fi, eller par enheder via Bluetooth for at f\u00e5 pulsm\u00e5ling og problemfri integration. <br\/><\/p>\n<\/div>\n<\/div>\n<\/section>\n\n<section class=\"wp-block-group alignfull black-content has-white-color has-darkgray-background-color has-text-color has-background is-layout-constrained wp-block-group-is-layout-constrained\" style=\"padding-top:var(--wp--preset--spacing--section-bottom);padding-bottom:var(--wp--preset--spacing--section-bottom)\">\n<div class=\"wp-block-columns alignwide are-vertically-aligned-center mobile-reverse is-layout-flex wp-container-core-columns-is-layout-e8158c2f wp-block-columns-is-layout-flex\" style=\"padding-top:var(--wp--preset--spacing--side-padding)\">\n<div class=\"wp-block-column is-vertically-aligned-center is-layout-flow wp-block-column-is-layout-flow\">\n<h3 class=\"wp-block-heading\" style=\"margin-bottom:var(--wp--preset--spacing--h-3-bottom)\"><strong><strong><strong><strong><strong><strong><strong><strong><strong>Konsol &#8211; Smart tr\u00e6ning, endel\u00f8s underholdning<\/strong><\/strong><\/strong><\/strong><\/strong><\/strong><\/strong><\/strong><\/strong><\/h3>\n\n\n\n<p style=\"margin-bottom:var(--wp--preset--spacing--tb-section-padding)\">Den <strong>23,8&#8243; store TFT-konsol<\/strong> med en opl\u00f8sning p\u00e5 1504 \u00d7 2560 px kombinerer avancerede tr\u00e6ningsfunktioner med s\u00f8ml\u00f8se tilslutningsmuligheder og multimedier. Brugerne kan v\u00e6lge mellem <g id=\"gid_1\">Quick Start, Program, Target (tid, distance, kalorier, puls, BMI) og Real Scene<\/g> for at f\u00e5 en personlig tr\u00e6ningsoplevelse. Den drives af <strong>Android 12<\/strong> med <strong>2 GB RAM<\/strong> og <strong>8 GB lagerplads (3 GB gratis)<\/strong> og underst\u00f8tter <strong>Wi-Fi<\/strong>, <strong>Bluetooth<\/strong> (til pulsm\u00e5lere og smarte enheder) og <strong>login til brugerkonto<\/strong>.    <\/p>\n<\/div>\n\n\n\n<div class=\"wp-block-column is-vertically-aligned-center is-layout-flow wp-block-column-is-layout-flow\">\n<figure class=\"wp-block-image size-large is-style-rounded\"><img decoding=\"async\" src=\"https:\/\/evolve-fitness.eu\/wp-content\/uploads\/2025\/08\/EV-TM-HT-300-TFT-1-1024x1024.png\" alt=\"\" class=\"wp-image-204959\"\/><\/figure>\n<\/div>\n<\/div>\n<\/section>\n\n<section class=\"wp-block-group alignfull black-content has-white-color has-darkgray-background-color has-text-color has-background is-layout-constrained wp-block-group-is-layout-constrained\" style=\"padding-top:var(--wp--preset--spacing--section-bottom);padding-bottom:var(--wp--preset--spacing--section-bottom)\">\n<div class=\"wp-block-columns alignwide is-layout-flex wp-container-core-columns-is-layout-c45ee707 wp-block-columns-is-layout-flex\" style=\"margin-bottom:var(--wp--preset--spacing--side-padding);padding-top:var(--wp--preset--spacing--side-padding)\">\n<div class=\"wp-block-column is-vertically-aligned-center is-layout-flow wp-block-column-is-layout-flow\">\n<figure class=\"wp-block-image size-full is-style-rounded\"><img decoding=\"async\" src=\"https:\/\/evolve-fitness.eu\/wp-content\/uploads\/2025\/08\/300TFT-scaled.png\" alt=\"\" class=\"wp-image-206158\"\/><\/figure>\n<\/div>\n\n\n\n<div class=\"wp-block-column is-vertically-aligned-center is-layout-flow wp-block-column-is-layout-flow\">\n<h3 class=\"wp-block-heading\" style=\"margin-bottom:var(--wp--preset--spacing--h-3-bottom)\"><strong><strong><strong><strong><strong><strong>Sammenfoldelig og pladsbesparende<\/strong><\/strong><\/strong><\/strong><\/strong><\/strong><\/h3>\n\n\n\n<p style=\"margin-bottom:var(--wp--preset--spacing--tb-section-padding)\">Efter hver tr\u00e6ning kan du nemt folde l\u00f8beb\u00e5ndet sammen og flytte det til et andet sted ved hj\u00e6lp af de indbyggede transporthjul. Det er en praktisk og pladsbesparende l\u00f8sning, som passer perfekt ind i ethvert tr\u00e6ningscenter i hjemmet.<\/p>\n<\/div>\n<\/div>\n\n\n\n<section class=\"wp-block-group alignfull black-content has-white-color has-darkgray-background-color has-text-color has-background is-layout-constrained wp-block-group-is-layout-constrained\" style=\"padding-top:var(--wp--preset--spacing--section-bottom);padding-bottom:var(--wp--preset--spacing--section-bottom)\">\n<div class=\"wp-block-columns alignwide are-vertically-aligned-center is-layout-flex wp-container-core-columns-is-layout-e8158c2f wp-block-columns-is-layout-flex\" style=\"padding-top:var(--wp--preset--spacing--side-padding)\">\n<div class=\"wp-block-column is-vertically-aligned-center is-layout-flow wp-block-column-is-layout-flow\">\n<figure class=\"wp-block-image aligncenter size-full is-style-rounded\"><img decoding=\"async\" src=\"https:\/\/evolve-fitness.eu\/wp-content\/uploads\/2023\/08\/EV-HT-350-LED-7.jpg\" alt=\"\" class=\"wp-image-2609\"\/><\/figure>\n<\/div>\n\n\n\n<div class=\"wp-block-column is-vertically-aligned-center is-layout-flow wp-block-column-is-layout-flow\">\n<h3 class=\"wp-block-heading\" style=\"margin-bottom:var(--wp--preset--spacing--h-3-bottom)\"><strong><strong>Pulsm\u00e5ling<\/strong><\/strong><\/h3>\n\n\n\n<p><strong><em><strong>Smart Fitness<\/strong><\/em><\/strong><\/p>\n\n\n\n<p style=\"margin-bottom:var(--wp--preset--spacing--tb-section-padding)\">Overv\u00e5g din puls for at optimere din tr\u00e6ningsoplevelse. At m\u00e5le din puls hj\u00e6lper dig ikke kun med at undg\u00e5 overanstrengelse, men giver dig ogs\u00e5 mulighed for at n\u00e5 specifikke fitnesszoner, hvilket \u00f8ger effektiviteten af din kardiovaskul\u00e6re tr\u00e6ning og dine kalorieforbr\u00e6ndingssessioner.<\/p>\n<\/div>\n<\/div>\n\n\n\n<div class=\"wp-block-columns alignwide are-vertically-aligned-center is-layout-flex wp-container-core-columns-is-layout-e8158c2f wp-block-columns-is-layout-flex\" style=\"padding-top:var(--wp--preset--spacing--side-padding)\">\n<div class=\"wp-block-column is-vertically-aligned-center is-layout-flow wp-block-column-is-layout-flow\">\n<h3 class=\"wp-block-heading\" style=\"margin-bottom:var(--wp--preset--spacing--h-3-bottom)\"><strong><strong><strong><strong>Hold dig hydreret og organiseret<\/strong><\/strong><\/strong><\/strong><\/h3>\n\n\n\n<p><strong><em><strong>Vandflaske- og tilbeh\u00f8rsholdere<\/strong><\/em><\/strong><\/p>\n\n\n\n<p style=\"margin-bottom:var(--wp--preset--spacing--tb-section-padding)\">Hold dig forfrisket med integrerede holdere p\u00e5 begge sider til dine yndlingsdrikke og sikre rum d\u00e6kket med skridsikre m\u00f8nstre til dit tr\u00e6ningstilbeh\u00f8r. Du har alt, hvad du har brug for, inden for r\u00e6kkevidde.<\/p>\n<\/div>\n\n\n\n<div class=\"wp-block-column is-vertically-aligned-center is-layout-flow wp-block-column-is-layout-flow\">\n<figure class=\"wp-block-image aligncenter size-full is-style-rounded\"><img decoding=\"async\" src=\"https:\/\/evolve-fitness.eu\/wp-content\/uploads\/2023\/08\/EV-HT-350-LED-8.jpg\" alt=\"\" class=\"wp-image-2611\"\/><\/figure>\n<\/div>\n<\/div>\n<\/section>\n\n\n\n<section class=\"wp-block-group alignfull black-content has-white-color has-darkgray-background-color has-text-color has-background is-layout-constrained wp-block-group-is-layout-constrained\" style=\"padding-top:var(--wp--preset--spacing--section-bottom);padding-bottom:var(--wp--preset--spacing--section-bottom)\">\n<div class=\"wp-block-columns alignwide are-vertically-aligned-center is-layout-flex wp-container-core-columns-is-layout-e8158c2f wp-block-columns-is-layout-flex\" style=\"padding-top:var(--wp--preset--spacing--side-padding)\">\n<div class=\"wp-block-column is-vertically-aligned-center is-layout-flow wp-block-column-is-layout-flow\">\n<figure class=\"wp-block-image aligncenter size-full is-style-rounded\"><img decoding=\"async\" src=\"https:\/\/evolve-fitness.eu\/wp-content\/uploads\/2023\/08\/EV-HT-350-LED-10.jpg\" alt=\"\" class=\"wp-image-2613\"\/><\/figure>\n<\/div>\n\n\n\n<div class=\"wp-block-column is-vertically-aligned-center is-layout-flow wp-block-column-is-layout-flow\">\n<h3 class=\"wp-block-heading\" style=\"margin-bottom:var(--wp--preset--spacing--h-3-bottom)\"><strong><strong><strong>Sikkerhedsn\u00f8gle<\/strong><\/strong><\/strong><\/h3>\n\n\n\n<p><strong><em><strong><strong>Priorit\u00e9r din sikkerhed<\/strong><\/strong><\/em><\/strong><\/p>\n\n\n\n<p style=\"margin-bottom:var(--wp--preset--spacing--tb-section-padding)\">S\u00e6t den r\u00f8de sikkerhedsn\u00f8gle fast p\u00e5 dit t\u00f8j f\u00f8r hver tr\u00e6ning. I n\u00f8dstilf\u00e6lde kobler sikkerhedsn\u00f8glen fra og stopper l\u00f8beb\u00e5ndet med det samme. Din sikkerhed er altafg\u00f8rende for os.<\/p>\n<\/div>\n<\/div>\n\n\n\n<figure class=\"wp-block-image alignfull size-full is-style-rounded\"><img decoding=\"async\" src=\"https:\/\/evolve-fitness.eu\/wp-content\/uploads\/2023\/08\/EV-HT-350-TFT-Kinomap-and-Zwift-1.png\" alt=\"\" class=\"wp-image-7772\"\/><\/figure>\n<\/section>\n<\/section>\n","protected":false},"excerpt":{"rendered":"<p>Oplev din tr\u00e6ning p\u00e5 en 23,8&#8243; TFT-konsol med en enkel og intuitiv brugerflade. Konsollen giver feedback i realtid om hastighed, distance, tid, h\u00e6ldning, kalorier og puls, s\u00e5 du kan holde styr p\u00e5 dine fremskridt. <\/p>\n","protected":false},"featured_media":137908,"template":"","meta":{"_acf_changed":false,"inline_featured_image":false},"product_cat":[353,351,895],"product_tag":[2328],"class_list":{"0":"post-139084","1":"product","2":"type-product","3":"status-publish","4":"has-post-thumbnail","6":"product_cat-forside","7":"product_cat-cardio-udstyr","8":"product_cat-cardio-udstyr-til-hjemmet","9":"product_tag-cardio-udstyr","11":"first","12":"instock","13":"shipping-taxable","14":"purchasable","15":"product-type-simple"},"acf":[],"_links":{"self":[{"href":"https:\/\/store.evolve-fitness.eu\/da\/wp-json\/wp\/v2\/product\/139084","targetHints":{"allow":["GET"]}}],"collection":[{"href":"https:\/\/store.evolve-fitness.eu\/da\/wp-json\/wp\/v2\/product"}],"about":[{"href":"https:\/\/store.evolve-fitness.eu\/da\/wp-json\/wp\/v2\/types\/product"}],"wp:featuredmedia":[{"embeddable":true,"href":"https:\/\/store.evolve-fitness.eu\/da\/wp-json\/wp\/v2\/media\/137908"}],"wp:attachment":[{"href":"https:\/\/store.evolve-fitness.eu\/da\/wp-json\/wp\/v2\/media?parent=139084"}],"wp:term":[{"taxonomy":"product_cat","embeddable":true,"href":"https:\/\/store.evolve-fitness.eu\/da\/wp-json\/wp\/v2\/product_cat?post=139084"},{"taxonomy":"product_tag","embeddable":true,"href":"https:\/\/store.evolve-fitness.eu\/da\/wp-json\/wp\/v2\/product_tag?post=139084"}],"curies":[{"name":"wp","href":"https:\/\/api.w.org\/{rel}","templated":true}]}}