{"id":138707,"date":"2025-10-30T11:26:45","date_gmt":"2025-10-30T11:26:45","guid":{"rendered":"https:\/\/store.evolve-fitness.eu\/product\/evolve-prime-series-pilates-reformer-pr-020\/"},"modified":"2026-04-04T12:00:39","modified_gmt":"2026-04-04T12:00:39","slug":"evolve-prime-series-pilates-reformer-pr-020","status":"publish","type":"product","link":"https:\/\/store.evolve-fitness.eu\/da\/vare\/evolve-prime-series-pilates-reformer-pr-020\/","title":{"rendered":"Evolve Prime Series Pilates Reformer (PR-020)"},"content":{"rendered":"\n<section class=\"wp-block-group alignfull black-content has-white-color has-darkgray-background-color has-text-color has-background is-layout-constrained wp-block-group-is-layout-constrained\" style=\"padding-top:var(--wp--preset--spacing--section-bottom);padding-bottom:var(--wp--preset--spacing--section-bottom)\">\n<div class=\"wp-block-columns alignwide mobile-reverse is-layout-flex wp-container-core-columns-is-layout-ca64bf2d wp-block-columns-is-layout-flex\" style=\"margin-bottom:var(--wp--preset--spacing--side-padding)\">\n<div class=\"wp-block-column is-vertically-aligned-center is-layout-flow wp-block-column-is-layout-flow\">\n<h3 class=\"wp-block-heading\" style=\"margin-bottom:var(--wp--preset--spacing--h-3-bottom)\"><strong><strong><strong><strong><strong>Professionelt design til pr\u00e6cision og kontrol<\/strong><\/strong><\/strong><\/strong><\/strong><\/h3>\n\n\n\n<p><strong>Evolve Prime Series Pilates Reformer<\/strong> leverer ydeevne i studiekvalitet med enest\u00e5ende stabilitet, komfort og alsidighed. Den er designet til b\u00e5de professionel og personlig brug og sikrer en j\u00e6vn og kontrolleret bev\u00e6gelsesbane for en sikker og effektiv pilatesoplevelse. <\/p>\n\n\n\n<p>Den er konstrueret med <strong>materialer af h\u00f8j kvalitet<\/strong> og <strong>justerbar fjedermodstand<\/strong>, s\u00e5 brugerne kan skr\u00e6ddersy hver session til deres fitnessniveau. Den ergonomiske fodstang, den polstrede vogn og det letglidende system fremmer korrekt justering og forbedrer tr\u00e6ningskomforten. <\/p>\n<\/div>\n\n\n\n<div class=\"wp-block-column is-vertically-aligned-center is-layout-flow wp-block-column-is-layout-flow\">\n<figure class=\"wp-block-image size-full\"><img decoding=\"async\" src=\"https:\/\/evolve-fitness.eu\/wp-content\/uploads\/2025\/10\/EV-PR-PR-020-1.png\" alt=\"\" class=\"wp-image-211413\"\/><\/figure>\n<\/div>\n<\/div>\n\n\n\n<div class=\"wp-block-columns alignwide mobile-reverse is-layout-flex wp-container-core-columns-is-layout-ca64bf2d wp-block-columns-is-layout-flex\" style=\"margin-bottom:var(--wp--preset--spacing--side-padding)\">\n<div class=\"wp-block-column is-vertically-aligned-center is-layout-flow wp-block-column-is-layout-flow\">\n<figure class=\"wp-block-image size-full is-style-rounded\"><img decoding=\"async\" src=\"https:\/\/evolve-fitness.eu\/wp-content\/uploads\/2025\/10\/EV-PR-PR-020-2.png\" alt=\"\" class=\"wp-image-211414\"\/><\/figure>\n<\/div>\n\n\n\n<div class=\"wp-block-column is-vertically-aligned-center is-layout-flow wp-block-column-is-layout-flow\">\n<h3 class=\"wp-block-heading\" style=\"margin-bottom:var(--wp--preset--spacing--h-3-bottom)\"><strong>M\u00e5lrettet funktionalitet og design<\/strong><\/h3>\n\n\n\n<p>Denne reformer er fuldt udstyret med <strong>skulderst\u00f8tter, stigb\u00f8jler, h\u00e5ndtag, et springbr\u00e6t og en fodplatform<\/strong>, der underst\u00f8tter et komplet udvalg af \u00f8velser fra genoptr\u00e6ning til avanceret tr\u00e6ning.<\/p>\n\n\n\n<p>Den <strong>pladsbesparende opretst\u00e5ende opbevaringsmulighed<\/strong>, den <strong>holdbare ramme<\/strong> og den <strong>nemme vedligeholdelse<\/strong> g\u00f8r den til et ideelt valg for moderne studier og hjemmetr\u00e6ningscentre, der \u00f8nsker p\u00e5lidelighed og ydeevne.<\/p>\n<\/div>\n<\/div>\n<\/section>\n","protected":false},"excerpt":{"rendered":"<p>Oplev pr\u00e6cision, kontrol og komfort med Evolve Prime Series Pilates Reformer. Den er designet til professionelle studier og hjemmebrug og har justerbar fjedermodstand, ergonomisk design og j\u00e6vn bev\u00e6gelse til sikker og effektiv tr\u00e6ning af hele kroppen. Bygget til holdbarhed, ydeevne og nem opretst\u00e5ende opbevaring.  <\/p>\n","protected":false},"featured_media":138859,"template":"","meta":{"_acf_changed":false,"inline_featured_image":false},"product_cat":[459],"product_tag":[],"class_list":{"0":"post-138707","1":"product","2":"type-product","3":"status-publish","4":"has-post-thumbnail","6":"product_cat-studio-da","8":"first","9":"instock","10":"shipping-taxable","11":"purchasable","12":"product-type-simple"},"acf":[],"_links":{"self":[{"href":"https:\/\/store.evolve-fitness.eu\/da\/wp-json\/wp\/v2\/product\/138707","targetHints":{"allow":["GET"]}}],"collection":[{"href":"https:\/\/store.evolve-fitness.eu\/da\/wp-json\/wp\/v2\/product"}],"about":[{"href":"https:\/\/store.evolve-fitness.eu\/da\/wp-json\/wp\/v2\/types\/product"}],"wp:featuredmedia":[{"embeddable":true,"href":"https:\/\/store.evolve-fitness.eu\/da\/wp-json\/wp\/v2\/media\/138859"}],"wp:attachment":[{"href":"https:\/\/store.evolve-fitness.eu\/da\/wp-json\/wp\/v2\/media?parent=138707"}],"wp:term":[{"taxonomy":"product_cat","embeddable":true,"href":"https:\/\/store.evolve-fitness.eu\/da\/wp-json\/wp\/v2\/product_cat?post=138707"},{"taxonomy":"product_tag","embeddable":true,"href":"https:\/\/store.evolve-fitness.eu\/da\/wp-json\/wp\/v2\/product_tag?post=138707"}],"curies":[{"name":"wp","href":"https:\/\/api.w.org\/{rel}","templated":true}]}}