{"id":13602,"date":"2023-09-20T07:44:44","date_gmt":"2023-09-20T07:44:44","guid":{"rendered":"https:\/\/store.evolve-fitness.eu\/product\/evolve-burst-gymnastikbold-65-cm\/"},"modified":"2025-09-25T18:05:24","modified_gmt":"2025-09-25T18:05:24","slug":"evolve-burst-gymnastikbold-65-cm","status":"publish","type":"product","link":"https:\/\/store.evolve-fitness.eu\/da\/vare\/evolve-burst-gymnastikbold-65-cm\/","title":{"rendered":"Evolve Burst Gymnastikbold &#8211; 65 cm"},"content":{"rendered":"\n<section class=\"wp-block-group alignfull has-lightgray-background-color has-background is-layout-constrained wp-block-group-is-layout-constrained\">\n<div class=\"wp-block-columns alignwide is-layout-flex wp-container-core-columns-is-layout-2edb0647 wp-block-columns-is-layout-flex\" style=\"margin-top:0;margin-bottom:0\">\n<div class=\"wp-block-column is-layout-flow wp-block-column-is-layout-flow\" style=\"flex-basis:33.33%\"><\/div>\n\n\n\n<div class=\"wp-block-column is-layout-flow wp-block-column-is-layout-flow\" style=\"flex-basis:66.66%\"><\/div>\n<\/div>\n<\/section>\n","protected":false},"excerpt":{"rendered":"<p>Opdag dit fitnesspotentiale med Evolve Burst Gym Ball (65 cm)<\/p>\n<p>Er du klar til at l\u00f8fte din fitnessrutine og \u00e5bne op for en verden af tr\u00e6ningsmuligheder? Du beh\u00f8ver ikke lede l\u00e6ngere end til Evolve Burst Gym Ball &#8211; 65 cm! Dette alsidige fitnesstilbeh\u00f8r er designet til at hj\u00e6lpe dig med at n\u00e5 dine fitnessm\u00e5l, forbedre din kropsholdning og \u00f8ge dit generelle velbefindende.<\/p>\n","protected":false},"featured_media":13606,"template":"","meta":{"_acf_changed":false,"inline_featured_image":false},"product_cat":[459],"product_tag":[],"class_list":{"0":"post-13602","1":"product","2":"type-product","3":"status-publish","4":"has-post-thumbnail","6":"product_cat-studio-da","8":"first","9":"instock","10":"shipping-taxable","11":"purchasable","12":"product-type-simple"},"acf":[],"_links":{"self":[{"href":"https:\/\/store.evolve-fitness.eu\/da\/wp-json\/wp\/v2\/product\/13602","targetHints":{"allow":["GET"]}}],"collection":[{"href":"https:\/\/store.evolve-fitness.eu\/da\/wp-json\/wp\/v2\/product"}],"about":[{"href":"https:\/\/store.evolve-fitness.eu\/da\/wp-json\/wp\/v2\/types\/product"}],"wp:featuredmedia":[{"embeddable":true,"href":"https:\/\/store.evolve-fitness.eu\/da\/wp-json\/wp\/v2\/media\/13606"}],"wp:attachment":[{"href":"https:\/\/store.evolve-fitness.eu\/da\/wp-json\/wp\/v2\/media?parent=13602"}],"wp:term":[{"taxonomy":"product_cat","embeddable":true,"href":"https:\/\/store.evolve-fitness.eu\/da\/wp-json\/wp\/v2\/product_cat?post=13602"},{"taxonomy":"product_tag","embeddable":true,"href":"https:\/\/store.evolve-fitness.eu\/da\/wp-json\/wp\/v2\/product_tag?post=13602"}],"curies":[{"name":"wp","href":"https:\/\/api.w.org\/{rel}","templated":true}]}}