{"id":135544,"date":"2025-09-17T12:42:32","date_gmt":"2025-09-17T12:42:32","guid":{"rendered":"https:\/\/store.evolve-fitness.eu\/?post_type=product&#038;p=135544"},"modified":"2025-10-14T21:04:39","modified_gmt":"2025-10-14T18:04:39","slug":"evolve-ultra-series-series-selectorized-dual-cable-cross-6","status":"publish","type":"product","link":"https:\/\/store.evolve-fitness.eu\/da\/vare\/evolve-ultra-series-series-selectorized-dual-cable-cross-6\/","title":{"rendered":"Evolve Ultra Series Selectorized Back Extension-maskine"},"content":{"rendered":"\n<section class=\"wp-block-group alignfull black-content has-white-color has-darkgray-background-color has-text-color has-background is-layout-constrained wp-block-group-is-layout-constrained\" style=\"padding-top:var(--wp--preset--spacing--section-bottom);padding-bottom:var(--wp--preset--spacing--section-bottom)\">\n<section class=\"wp-block-group alignfull black-content has-white-color has-darkgray-background-color has-text-color has-background is-layout-constrained wp-block-group-is-layout-constrained\" style=\"margin-bottom:0;padding-top:var(--wp--preset--spacing--tb-padding);padding-bottom:var(--wp--preset--spacing--tb-padding)\">\n<div class=\"wp-block-columns alignwide mobile-reverse is-layout-flex wp-container-core-columns-is-layout-7a02faa9 wp-block-columns-is-layout-flex\" style=\"margin-bottom:var(--wp--preset--spacing--tb-section-padding)\">\n<div class=\"wp-block-column is-vertically-aligned-center is-layout-flow wp-block-column-is-layout-flow\">\n<h3 class=\"wp-block-heading\" style=\"margin-bottom:var(--wp--preset--spacing--h-3-bottom)\"><strong>M\u00c5LRETTET MUSKELUDVIKLING<\/strong><\/h3>\n\n\n\n<p><strong><em><strong><strong><strong><strong><strong><strong><strong><em><strong><em><strong><strong>Fokuseret styrkelse af nedre ryg og core<\/strong><\/strong><\/em><\/strong><\/em><\/strong><\/strong><\/strong><\/strong><\/strong><\/strong><\/strong><\/em><\/strong><\/p>\n\n\n\n<p>Evolve Ultra Series Selectorized Back Extension Machine er konstrueret til at forbedre engagementet i l\u00e6nden, glute og core gennem pr\u00e6cise, kontrollerede bev\u00e6gelser. Det selekterede v\u00e6gtstaksystem giver brugerne mulighed for at isolere de spinale erectorer effektivt, hvilket fremmer styrke, forbedring af kropsholdning og balance i bagk\u00e6den. <\/p>\n\n\n\n<h3 class=\"wp-block-heading\"><strong>BRUGERCENTRERET KONSTRUKTION<\/strong><\/h3>\n\n\n\n<p><strong><em>Bygget til udholdenhed og problemfri drift<\/em><\/strong><\/p>\n\n\n\n<p><br\/>Denne maskine er konstrueret med en holdbar, forst\u00e6rket st\u00e5lramme og f\u00f8rsteklasses selekterede komponenter og garanterer p\u00e5lidelig ydeevne ved regelm\u00e6ssig, h\u00f8jintensiv brug. Gennemt\u00e6nkt ergonomisk polstring og stabil positionering sikrer sikkerhed og komfort under hver eneste gentagelse. <\/p>\n\n\n\n<h3 class=\"wp-block-heading\"><strong>FREMTIDEN FOR STYRKETR\u00c6NING<\/strong><\/h3>\n\n\n\n<p><strong><em>H\u00f8jere standarder for professionel tr\u00e6ning<\/em><\/strong><\/p>\n\n\n\n<p><br\/>Evolve Ultra Back Extension Machine leverer en perfekt blanding af funktionalitet, sikkerhed og kvalitet. Den er skr\u00e6ddersyet til moderne fitnesscentre og professionelle og giver en problemfri oplevelse, der underst\u00f8tter langsigtet styrkeudvikling med uovertruffen p\u00e5lidelighed. <\/p>\n<\/div>\n\n\n\n<div class=\"wp-block-column is-vertically-aligned-center is-layout-flow wp-block-column-is-layout-flow\">\n<figure class=\"wp-block-image size-large\"><img decoding=\"async\" src=\"https:\/\/evolve-fitness.eu\/wp-content\/uploads\/2025\/08\/EV-SC-UL-400-Evolve-Ultra-Series-Back-Extension-1024x1024.png\" alt=\"\" class=\"wp-image-203120\"\/><\/figure>\n<\/div>\n<\/div>\n\n\n\n<div class=\"wp-block-columns alignwide mobile-reverse is-layout-flex wp-container-core-columns-is-layout-ca64bf2d wp-block-columns-is-layout-flex\" style=\"margin-bottom:var(--wp--preset--spacing--side-padding)\">\n<div class=\"wp-block-column is-vertically-aligned-center is-layout-flow wp-block-column-is-layout-flow\"><\/div>\n<\/div>\n<\/section>\n<\/section>\n","protected":false},"excerpt":{"rendered":"<p>Evolve Ultra Series Selectorized Back Extension Machine (EV-SC-UL-400) er bygget til at styrke den nederste del af ryggen, balderne og kernen med kontrolleret, j\u00e6vn modstand. Holdbar konstruktion, ergonomisk st\u00f8tte og nem v\u00e6gtjustering g\u00f8r den til et p\u00e5lideligt valg for professionelle fitnesscentre og atleter. <\/p>\n","protected":false},"featured_media":135645,"template":"","meta":{"_acf_changed":false,"inline_featured_image":false},"product_cat":[353,1107,1285],"product_tag":[],"class_list":{"0":"post-135544","1":"product","2":"type-product","3":"status-publish","4":"has-post-thumbnail","6":"product_cat-forside","7":"product_cat-selekterede-maskiner","8":"product_cat-ultra-series-maskiner-med-valgfri-funktion","10":"first","11":"instock","12":"shipping-taxable","13":"purchasable","14":"product-type-simple"},"acf":[],"_links":{"self":[{"href":"https:\/\/store.evolve-fitness.eu\/da\/wp-json\/wp\/v2\/product\/135544","targetHints":{"allow":["GET"]}}],"collection":[{"href":"https:\/\/store.evolve-fitness.eu\/da\/wp-json\/wp\/v2\/product"}],"about":[{"href":"https:\/\/store.evolve-fitness.eu\/da\/wp-json\/wp\/v2\/types\/product"}],"wp:featuredmedia":[{"embeddable":true,"href":"https:\/\/store.evolve-fitness.eu\/da\/wp-json\/wp\/v2\/media\/135645"}],"wp:attachment":[{"href":"https:\/\/store.evolve-fitness.eu\/da\/wp-json\/wp\/v2\/media?parent=135544"}],"wp:term":[{"taxonomy":"product_cat","embeddable":true,"href":"https:\/\/store.evolve-fitness.eu\/da\/wp-json\/wp\/v2\/product_cat?post=135544"},{"taxonomy":"product_tag","embeddable":true,"href":"https:\/\/store.evolve-fitness.eu\/da\/wp-json\/wp\/v2\/product_tag?post=135544"}],"curies":[{"name":"wp","href":"https:\/\/api.w.org\/{rel}","templated":true}]}}