{"id":135421,"date":"2025-09-16T13:10:23","date_gmt":"2025-09-16T13:10:23","guid":{"rendered":"https:\/\/store.evolve-fitness.eu\/?post_type=product&#038;p=135421"},"modified":"2026-01-21T11:59:14","modified_gmt":"2026-01-21T11:59:14","slug":"evolve-prime-series-pladelaesset-smith-maskine-4","status":"publish","type":"product","link":"https:\/\/store.evolve-fitness.eu\/da\/vare\/evolve-prime-series-pladelaesset-smith-maskine-4\/","title":{"rendered":"Evolve Prime Series pladebelastet rygforl\u00e6ngelsesmaskine (PR-330)"},"content":{"rendered":"\n<section class=\"wp-block-group alignfull black-content has-white-color has-darkgray-background-color has-text-color has-background is-layout-constrained wp-block-group-is-layout-constrained\" style=\"padding-top:var(--wp--preset--spacing--section-bottom);padding-bottom:var(--wp--preset--spacing--section-bottom)\">\n<h3 class=\"wp-block-heading has-text-align-center\"><strong><strong>EVOLVE PLADEBELASTET PRIME-SERIE<\/strong><\/strong><\/h3>\n\n\n\n<p><\/p>\n\n\n\n<p><\/p>\n\n\n\n<p>Med Evolve Plate Loaded Prime Series er ekspertise standarden. L\u00f8ft din styrketr\u00e6ning med maskiner, der er designet til komfort, holdbarhed og ydeevne. Udforsk hele serien i dag, og omdefiner din fitnessrejse.  <\/p>\n\n\n\n<section class=\"wp-block-group alignfull black-content has-white-color has-darkgray-background-color has-text-color has-background is-layout-constrained wp-block-group-is-layout-constrained\" style=\"padding-top:var(--wp--preset--spacing--section-bottom);padding-bottom:var(--wp--preset--spacing--section-bottom)\">\n<div class=\"wp-block-columns alignwide mobile-reverse is-layout-flex wp-container-core-columns-is-layout-ca64bf2d wp-block-columns-is-layout-flex\" style=\"margin-bottom:var(--wp--preset--spacing--side-padding)\">\n<div class=\"wp-block-column is-vertically-aligned-center is-layout-flow wp-block-column-is-layout-flow\">\n<h3 class=\"wp-block-heading\" style=\"margin-bottom:var(--wp--preset--spacing--h-3-bottom)\"><strong><strong><strong><strong>M\u00e5lrettet muskeludvikling<\/strong><\/strong><\/strong><\/strong><\/h3>\n\n\n\n<p><strong><em><strong><strong><em><strong><strong><em><strong><strong><em><strong>Styrke i nedre ryg og core<\/strong><\/em><\/strong><\/strong><\/em><\/strong><\/strong><\/em><\/strong><\/strong><\/em><\/strong><\/p>\n\n\n\n<p style=\"margin-bottom:var(--wp--preset--spacing--tb-section-padding)\">Evolve Prime Series Plate Loaded Back Extension Machine er designet til at styrke den nedre del af ryggen, baller og core med maksimal effektivitet. Den giver en kontrolleret bev\u00e6gelse, der isolerer de spinale erectorer og samtidig aktiverer de stabiliserende muskler, hvilket g\u00f8r den vigtig for opbygningen af en st\u00e6rk og afbalanceret bagk\u00e6de. <\/p>\n\n\n\n<h3 class=\"wp-block-heading\" style=\"margin-bottom:var(--wp--preset--spacing--h-3-bottom)\"><strong><strong><strong><strong><strong><strong>Brugercentreret konstruktion<\/strong><\/strong><\/strong><\/strong><\/strong><\/strong><\/h3>\n\n\n\n<p><strong><em><strong><strong><strong><strong><em><strong><strong><em><strong><strong><em><strong>Holdbar og professionel konstruktion<\/strong><\/em><\/strong><\/strong><\/em><\/strong><\/strong><\/em><\/strong><\/strong><\/strong><\/strong><\/em><\/strong><\/p>\n\n\n\n<p>Back Extension Machine har en forst\u00e6rket st\u00e5lramme og en pladebelastet mekanisme, der sikrer langvarig holdbarhed og stabilitet under kraftig brug. Den brede fodplatform og den ergonomiske polstring giver komfort og sikkerhed og underst\u00f8tter korrekt teknik under hver eneste gentagelse. <\/p>\n\n\n\n<p><\/p>\n\n\n\n<h3 class=\"wp-block-heading\" style=\"margin-bottom:var(--wp--preset--spacing--h-3-bottom)\"><strong><strong><strong>Fremtiden for styrketr\u00e6ning<\/strong><\/strong><\/strong><\/h3>\n\n\n\n<p><strong><strong><em><strong><em><strong><strong><em><strong>F\u00f8rsteklasses design til seri\u00f8se atleter<\/strong><\/em><\/strong><\/strong><\/em><\/strong><\/em><\/strong><\/strong><\/p>\n\n\n\n<p style=\"margin-bottom:var(--wp--preset--spacing--tb-section-padding)\">Evolve Prime Series Back Extension Machine leverer den kvalitet og p\u00e5lidelighed, som atleter forventer af professionelt udstyr. Den kombinerer styrke, sikkerhed og funktionalitet og er et must-have for fitnesscentre, der \u00f8nsker at tilbyde f\u00f8rsteklasses tr\u00e6ningsoplevelser og langsigtede resultater. <\/p>\n<\/div>\n\n\n\n<div class=\"wp-block-column is-vertically-aligned-center is-layout-flow wp-block-column-is-layout-flow\">\n<figure class=\"wp-block-image size-full is-resized\"><img loading=\"lazy\" decoding=\"async\" width=\"600\" height=\"450\" src=\"https:\/\/store.evolve-fitness.eu\/wp-content\/uploads\/2025\/09\/Dizainas-be-pavadinimo-4-3.png\" alt=\"\" class=\"wp-image-135440\" style=\"width:721px;height:auto\" srcset=\"https:\/\/store.evolve-fitness.eu\/wp-content\/uploads\/2025\/09\/Dizainas-be-pavadinimo-4-3.png 600w, https:\/\/store.evolve-fitness.eu\/wp-content\/uploads\/2025\/09\/Dizainas-be-pavadinimo-4-3-300x225.png 300w\" sizes=\"auto, (max-width: 600px) 100vw, 600px\" \/><\/figure>\n\n\n\n<figure class=\"wp-block-gallery has-nested-images columns-default is-cropped wp-block-gallery-1 is-layout-flex wp-block-gallery-is-layout-flex\"><\/figure>\n<\/div>\n<\/div>\n<\/section>\n<\/section>\n","protected":false},"excerpt":{"rendered":"<p>Evolve Prime Series Plate Loaded Back Extension Machine (EV-PL-PR-330) er konstrueret til m\u00e5lrettet udvikling af den nedre del af ryggen og core-stabilitet. Den kraftige st\u00e5lramme, de ergonomiske st\u00f8ttepuder og det pladebelastede system giver holdbarhed, sikkerhed og effektiv styrketr\u00e6ning til professionelt brug i fitnesscentre. <\/p>\n","protected":false},"featured_media":135444,"template":"","meta":{"_acf_changed":false,"inline_featured_image":false},"product_cat":[748,1199],"product_tag":[],"class_list":{"0":"post-135421","1":"product","2":"type-product","3":"status-publish","4":"has-post-thumbnail","6":"product_cat-pladebelastede-maskiner","7":"product_cat-prime-series-pladelaesset","9":"first","10":"instock","11":"shipping-taxable","12":"purchasable","13":"product-type-simple"},"acf":[],"_links":{"self":[{"href":"https:\/\/store.evolve-fitness.eu\/da\/wp-json\/wp\/v2\/product\/135421","targetHints":{"allow":["GET"]}}],"collection":[{"href":"https:\/\/store.evolve-fitness.eu\/da\/wp-json\/wp\/v2\/product"}],"about":[{"href":"https:\/\/store.evolve-fitness.eu\/da\/wp-json\/wp\/v2\/types\/product"}],"wp:featuredmedia":[{"embeddable":true,"href":"https:\/\/store.evolve-fitness.eu\/da\/wp-json\/wp\/v2\/media\/135444"}],"wp:attachment":[{"href":"https:\/\/store.evolve-fitness.eu\/da\/wp-json\/wp\/v2\/media?parent=135421"}],"wp:term":[{"taxonomy":"product_cat","embeddable":true,"href":"https:\/\/store.evolve-fitness.eu\/da\/wp-json\/wp\/v2\/product_cat?post=135421"},{"taxonomy":"product_tag","embeddable":true,"href":"https:\/\/store.evolve-fitness.eu\/da\/wp-json\/wp\/v2\/product_tag?post=135421"}],"curies":[{"name":"wp","href":"https:\/\/api.w.org\/{rel}","templated":true}]}}