{"id":13534,"date":"2023-09-20T06:33:43","date_gmt":"2023-09-20T06:33:43","guid":{"rendered":"https:\/\/store.evolve-fitness.eu\/product\/evolve-balance-pad\/"},"modified":"2026-02-02T12:00:08","modified_gmt":"2026-02-02T12:00:08","slug":"evolve-balance-pad","status":"publish","type":"product","link":"https:\/\/store.evolve-fitness.eu\/da\/vare\/evolve-balance-pad\/","title":{"rendered":"Evolve Balance Pad"},"content":{"rendered":"\n<section class=\"wp-block-group alignfull has-darkgray-background-color has-background is-layout-constrained wp-block-group-is-layout-constrained\">\n<div class=\"wp-block-columns alignwide is-layout-flex wp-container-core-columns-is-layout-2edb0647 wp-block-columns-is-layout-flex\" style=\"margin-top:0;margin-bottom:0\">\n<div class=\"wp-block-column is-layout-flow wp-block-column-is-layout-flow\" style=\"flex-basis:33.33%\"><\/div>\n\n\n\n<div class=\"wp-block-column is-layout-flow wp-block-column-is-layout-flow\" style=\"flex-basis:66.66%\"><\/div>\n<\/div>\n\n\n\n<section class=\"wp-block-group alignfull black-content has-white-color has-darkgray-background-color has-text-color has-background is-layout-constrained wp-block-group-is-layout-constrained\" style=\"padding-top:var(--wp--preset--spacing--section-bottom);padding-bottom:var(--wp--preset--spacing--section-bottom)\">\n<section class=\"wp-block-group alignfull black-content has-white-color has-darkgray-background-color has-text-color has-background is-layout-constrained wp-block-group-is-layout-constrained\" style=\"margin-bottom:0;padding-top:var(--wp--preset--spacing--tb-padding);padding-bottom:var(--wp--preset--spacing--tb-padding)\">\n<div class=\"wp-block-columns alignwide mobile-reverse is-layout-flex wp-container-core-columns-is-layout-7a02faa9 wp-block-columns-is-layout-flex\" style=\"margin-bottom:var(--wp--preset--spacing--tb-section-padding)\">\n<div class=\"wp-block-column is-vertically-aligned-center is-layout-flow wp-block-column-is-layout-flow\">\n<h3 class=\"wp-block-heading\" style=\"margin-bottom:var(--wp--preset--spacing--h-3-bottom)\"><strong><strong><strong><strong><strong><strong><strong>Konstruktion af h\u00f8j kvalitet for holdbarhed<\/strong><\/strong><\/strong><\/strong><\/strong><\/strong><\/strong><\/h3>\n\n\n\n<p>Materialerne i Evolve Balance Pad sikrer et holdbart og langtidsholdbart produkt. Med en v\u00e6gt p\u00e5 7 kg og en maksimal belastningskapacitet p\u00e5 200 kg er denne balancepude b\u00e5de robust og p\u00e5lidelig. Diameteren p\u00e5 63 cm giver rigelig plads til en r\u00e6kke forskellige \u00f8velser, hvilket g\u00f8r den velegnet til b\u00e5de begyndere og erfarne brugere. Padsens konstruktion forbedrer ikke kun dens holdbarhed, men sikrer ogs\u00e5 en behagelig overflade til alle dine tr\u00e6ningsbehov.<\/p>\n<\/div>\n\n\n\n<div class=\"wp-block-column is-vertically-aligned-center is-layout-flow wp-block-column-is-layout-flow\">\n<figure class=\"wp-block-video\"><video height=\"1200\" style=\"aspect-ratio: 1200 \/ 1200;\" width=\"1200\" autoplay=\"\" controls=\"\" loop=\"\" muted=\"\" src=\"https:\/\/evolve-fitness.eu\/wp-content\/uploads\/2024\/07\/1.mp4\"><\/video><\/figure>\n<\/div>\n<\/div>\n\n\n\n<div class=\"wp-block-columns alignwide mobile-reverse is-layout-flex wp-container-core-columns-is-layout-035fa626 wp-block-columns-is-layout-flex\" style=\"margin-bottom:var(--wp--preset--spacing--side-padding);padding-top:var(--wp--preset--spacing--tb-padding);padding-bottom:var(--wp--preset--spacing--tb-padding)\">\n<div class=\"wp-block-column is-vertically-aligned-center is-layout-flow wp-block-column-is-layout-flow\">\n<figure class=\"wp-block-video\"><video autoplay=\"\" controls=\"\" loop=\"\" muted=\"\" src=\"https:\/\/evolve-fitness.eu\/wp-content\/uploads\/2024\/07\/2.mp4\"><\/video><\/figure>\n<\/div>\n\n\n\n<div class=\"wp-block-column is-vertically-aligned-center is-layout-flow wp-block-column-is-layout-flow\">\n<h3 class=\"wp-block-heading\" style=\"margin-bottom:var(--wp--preset--spacing--h-3-bottom)\"><strong><strong><strong><strong><strong><strong><strong><strong><strong>Forbedr din fitness-rutine<\/strong><\/strong><\/strong><\/strong><\/strong><\/strong><\/strong><\/strong><\/strong><\/h3>\n\n\n\n<p>Evolve Balance Pad er et vigtigt redskab til at forbedre balance og stabilitet. Det alsidige design g\u00f8r den ideel til en bred vifte af tr\u00e6ningsformer, fra \u00f8velser til styrkelse af kernen til tr\u00e6ning af ledstabilitet. Padsens dynamiske overflade udfordrer din balance, aktiverer flere muskler og \u00f8ger den generelle kropsbevidsthed. Dens b\u00e6rbarhed g\u00f8r, at du nemt kan indarbejde den i enhver fitnessrutine, uanset om det er hjemme, i fitnesscentret eller under terapisessioner. Denne balancepude er en v\u00e6rdifuld tilf\u00f8jelse til ethvert fitnessprogram og giver betydelige fordele for b\u00e5de fysisk sundhed og pr\u00e6station.<\/p>\n<\/div>\n<\/div>\n\n\n\n<div class=\"wp-block-columns alignwide mobile-reverse is-layout-flex wp-container-core-columns-is-layout-7a02faa9 wp-block-columns-is-layout-flex\" style=\"margin-bottom:var(--wp--preset--spacing--tb-section-padding)\">\n<div class=\"wp-block-column is-vertically-aligned-center is-layout-flow wp-block-column-is-layout-flow\">\n<h3 class=\"wp-block-heading\" style=\"margin-bottom:var(--wp--preset--spacing--h-3-bottom)\"><strong><strong><strong><strong><strong><strong><strong><strong><strong>Ideel til core- og balancetr\u00e6ning<\/strong><\/strong><\/strong><\/strong><\/strong><\/strong><\/strong><\/strong><\/strong><\/h3>\n\n\n\n<p>Evolve Balance Pad er fremragende til \u00f8velser, der har til form\u00e5l at forbedre kernestyrke og balance. Den er s\u00e6rlig effektiv til aktiviteter som enkeltbensstand, squats, lunges og plankevariationer. Ved at inkorporere denne pude i disse \u00f8velser kan du \u00f8ge sv\u00e6rhedsgraden og effektiviteten, hvilket f\u00f8rer til st\u00f8rre muskelengagement og forbedret stabilitet. Derudover er puden fremragende til genoptr\u00e6ning og hj\u00e6lper med at komme sig efter ledskader ved at fremme gradvis styrkelse og proprioception.<\/p>\n<\/div>\n\n\n\n<div class=\"wp-block-column is-vertically-aligned-center is-layout-flow wp-block-column-is-layout-flow\">\n<figure class=\"wp-block-video\"><video autoplay=\"\" controls=\"\" loop=\"\" muted=\"\" src=\"https:\/\/evolve-fitness.eu\/wp-content\/uploads\/2024\/07\/3.mp4\"><\/video><\/figure>\n<\/div>\n<\/div>\n\n\n\n<div class=\"wp-block-columns alignwide mobile-reverse is-layout-flex wp-container-core-columns-is-layout-ca64bf2d wp-block-columns-is-layout-flex\" style=\"margin-bottom:var(--wp--preset--spacing--side-padding)\">\n<div class=\"wp-block-column is-vertically-aligned-center is-layout-flow wp-block-column-is-layout-flow\"><\/div>\n<\/div>\n<\/section>\n<\/section>\n<\/section>\n","protected":false},"excerpt":{"rendered":"<p>Oplev Evolve Balance Pad &#8211; din vej til bedre balance og stabilitet. Denne pude er fremstillet af f\u00f8rsteklasses materialer og giver en behagelig, men dynamisk overflade til forskellige \u00f8velser. L\u00f8ft din core-tr\u00e6ning, styrk leddene, og forfin din kropsbevidsthed. Den er kompakt og b\u00e6rbar og er din alsidige ledsager til fitness, terapi og meget mere. F\u00e5 en bedre balance med Evolve Balance Pad. Diameter &#8211; 63 cm.<\/p>\n","protected":false},"featured_media":13556,"template":"","meta":{"_acf_changed":false,"inline_featured_image":false},"product_cat":[353,585,588,459],"product_tag":[],"class_list":{"0":"post-13534","1":"product","2":"type-product","3":"status-publish","4":"has-post-thumbnail","6":"product_cat-forside","7":"product_cat-tvaergaende-og-funktionel","8":"product_cat-funktionelt-udstyr","9":"product_cat-studio-da","11":"first","12":"instock","13":"sale","14":"shipping-taxable","15":"purchasable","16":"product-type-simple"},"acf":[],"_links":{"self":[{"href":"https:\/\/store.evolve-fitness.eu\/da\/wp-json\/wp\/v2\/product\/13534","targetHints":{"allow":["GET"]}}],"collection":[{"href":"https:\/\/store.evolve-fitness.eu\/da\/wp-json\/wp\/v2\/product"}],"about":[{"href":"https:\/\/store.evolve-fitness.eu\/da\/wp-json\/wp\/v2\/types\/product"}],"wp:featuredmedia":[{"embeddable":true,"href":"https:\/\/store.evolve-fitness.eu\/da\/wp-json\/wp\/v2\/media\/13556"}],"wp:attachment":[{"href":"https:\/\/store.evolve-fitness.eu\/da\/wp-json\/wp\/v2\/media?parent=13534"}],"wp:term":[{"taxonomy":"product_cat","embeddable":true,"href":"https:\/\/store.evolve-fitness.eu\/da\/wp-json\/wp\/v2\/product_cat?post=13534"},{"taxonomy":"product_tag","embeddable":true,"href":"https:\/\/store.evolve-fitness.eu\/da\/wp-json\/wp\/v2\/product_tag?post=13534"}],"curies":[{"name":"wp","href":"https:\/\/api.w.org\/{rel}","templated":true}]}}