{"id":125408,"date":"2025-04-14T08:29:05","date_gmt":"2025-04-14T08:29:05","guid":{"rendered":"https:\/\/store.evolve-fitness.eu\/?post_type=product&#038;p=125408"},"modified":"2026-03-31T12:01:14","modified_gmt":"2026-03-31T12:01:14","slug":"evolve-cpu-handvaegte-i-urethan-saet-2-x-1-10-kg","status":"publish","type":"product","link":"https:\/\/store.evolve-fitness.eu\/da\/vare\/evolve-cpu-handvaegte-i-urethan-saet-2-x-1-10-kg\/","title":{"rendered":"Evolve CPU h\u00e5ndv\u00e6gte i urethan s\u00e6t 2 x 1-10 kg"},"content":{"rendered":"\n<section class=\"wp-block-group alignfull black-content has-white-color has-darkgray-background-color has-text-color has-background is-layout-constrained wp-block-group-is-layout-constrained\" style=\"padding-top:var(--wp--preset--spacing--section-bottom);padding-bottom:var(--wp--preset--spacing--section-bottom)\">\n<div class=\"wp-block-columns alignwide mobile-reverse is-layout-flex wp-container-core-columns-is-layout-ca64bf2d wp-block-columns-is-layout-flex\" style=\"margin-bottom:var(--wp--preset--spacing--side-padding)\">\n<div class=\"wp-block-column is-vertically-aligned-center is-layout-flow wp-block-column-is-layout-flow\">\n<h3 class=\"wp-block-heading\" style=\"margin-bottom:var(--wp--preset--spacing--h-3-bottom)\"><strong>EKSTREMT HOLDBAR URETHAN<\/strong><\/h3>\n\n\n\n<p><em><strong>Holdbar og elegant<\/strong><\/em><\/p>\n\n\n\n<p style=\"margin-bottom:var(--wp--preset--spacing--tb-section-padding)\">Uretanbel\u00e6gningen er meget slagfast og dobbelt s\u00e5 holdbar som gummibel\u00e6gningen. Malede overflader kan flosse og ruste, gummi kan skalle af eller revne med tiden. Urethan har ikke nogen s\u00e6rlig lugt, er modstandsdygtig over for varme, UV-str\u00e5ler og endda naturlig slitage. Evolve h\u00e5ndv\u00e6gte i urethan er ekstremt holdbare og nedbrydes ikke, s\u00e5 de bevarer deres perfekte udseende selv efter mange \u00e5rs intensiv brug. Disse h\u00e5ndv\u00e6gte er en perfekt investering for b\u00e5de hjemmebrugere og fitnessbrugere, fordi de vil v\u00e6re billigere p\u00e5 lang sigt og vil holde sig intakte l\u00e6ngere end h\u00e5ndv\u00e6gte af gummi eller st\u00e5l. De vil bevare en fed solid farve i hele levetiden. Uretanbel\u00e6gningen beskytter ogs\u00e5 gulvet mod ridser og skader og absorberer lyden under tr\u00e6ningen.<\/p>\n<\/div>\n\n\n\n<div class=\"wp-block-column is-vertically-aligned-center is-layout-flow wp-block-column-is-layout-flow\">\n<figure class=\"wp-block-image alignright size-large is-resized is-style-rounded\"><img decoding=\"async\" src=\"https:\/\/evolve-fitness.eu\/wp-content\/uploads\/2023\/11\/Evolve-CPU-Urethane-Dumbbells-1-1024x1024.png\" alt=\"\" class=\"wp-image-4910\" style=\"object-fit:cover;width:680px;height:600px\"\/><\/figure>\n<\/div>\n<\/div>\n\n\n\n<div class=\"wp-block-columns alignwide is-layout-flex wp-container-core-columns-is-layout-c45ee707 wp-block-columns-is-layout-flex\" style=\"margin-bottom:var(--wp--preset--spacing--side-padding);padding-top:var(--wp--preset--spacing--side-padding)\">\n<div class=\"wp-block-column is-vertically-aligned-center is-layout-flow wp-block-column-is-layout-flow\">\n<figure class=\"wp-block-image size-large is-resized\"><img decoding=\"async\" src=\"https:\/\/evolve-fitness.eu\/wp-content\/uploads\/2023\/11\/Evolve-CPU-Urethane-Dumbbells-2-1024x1024.png\" alt=\"\" class=\"wp-image-4912\" style=\"object-fit:cover;width:680px;height:600px\"\/><\/figure>\n<\/div>\n\n\n\n<div class=\"wp-block-column is-vertically-aligned-center is-layout-constrained wp-block-column-is-layout-constrained\">\n<h3 class=\"wp-block-heading\" style=\"margin-bottom:var(--wp--preset--spacing--h-3-bottom)\">ET GODT VALG TIL PROFESSIONEL BRUG<\/h3>\n\n\n\n<p><strong><em><strong><em>Evolve h\u00e5ndv\u00e6gte med tilpasset pasform<\/em><\/strong><\/em><\/strong><\/p>\n\n\n\n<p>L\u00f8ft dit fitnesscenter med Evolve tilpasseligt fitnessudstyr &#8211; skr\u00e6ddersyet til at forbedre dit brands tilstedev\u00e6relse. Vores f\u00f8rsteklasses Evolve-h\u00e5ndv\u00e6gte er ikke kun udformet med henblik p\u00e5 ydeevne, men ogs\u00e5 designet med en \u00e6stetisk kant og tilbyder en farvetilpasningsservice, s\u00e5 de problemfrit kan integreres i dit interi\u00f8rdesign. P\u00e5 anmodning leverer vi personlig flair med lasersk\u00e6ring og urethan-infusion i dine valgte brandfarver. Med en struktureret overflade, der er nem at reng\u00f8re og giver et skridsikkert greb, garanterer Evolve h\u00e5ndv\u00e6gte komfort og sikkerhed til de mest kr\u00e6vende tr\u00e6ningsprogrammer. Lav et statement og en smart investering; v\u00e6lg Evolve til udstyr, der er lige s\u00e5 dedikeret til dit fitnesscenters image, som det er til professionel holdbarhed og brugersikkerhed.<\/p>\n<\/div>\n<\/div>\n\n\n\n<div class=\"wp-block-columns alignwide is-layout-flex wp-container-core-columns-is-layout-c45ee707 wp-block-columns-is-layout-flex\" style=\"margin-bottom:var(--wp--preset--spacing--side-padding);padding-top:var(--wp--preset--spacing--side-padding)\">\n<div class=\"wp-block-column is-vertically-aligned-center is-layout-flow wp-block-column-is-layout-flow\">\n<h3 class=\"wp-block-heading\" style=\"margin-bottom:var(--wp--preset--spacing--h-3-bottom)\">FUNKTIONALITET<\/h3>\n\n\n\n<p><strong><em><strong><em>Ultimate Performance h\u00e5ndv\u00e6gte i urethan<\/em><\/strong><\/em><\/strong><\/p>\n\n\n\n<p style=\"margin-bottom:var(--wp--preset--spacing--tb-section-padding)\">L\u00f8ft dit tr\u00e6ningsprogram med vores f\u00f8rsteklasses h\u00e5ndv\u00e6gte med urethanindkapsling, der er designet til overlegen holdbarhed og gulvbeskyttelse. Vores topmoderne h\u00e5ndv\u00e6gte er udviklet til at forbedre ethvert tr\u00e6ningspas &#8211; uanset om det er til h\u00f8jintensiv CrossFit eller mangefacetterede funktionelle \u00f8velser. Det unikke anti-roll design holder dit tr\u00e6ningsrum ryddeligt og effektivt, mens urethanbel\u00e6gningen absorberer st\u00f8d, reducerer st\u00f8j og forhindrer skader p\u00e5 dit udstyr. Med ergonomisk designede, skridsikre h\u00e5ndtag sikrer disse h\u00e5ndv\u00e6gte et sikkert greb for at maksimere sikkerheden og ydeevnen under de mest kr\u00e6vende tr\u00e6ningspas. Perfekt til den dedikerede atlet, der \u00f8nsker at flytte gr\u00e6nserne for styrke- og udholdenhedstr\u00e6ning.<\/p>\n<\/div>\n\n\n\n<div class=\"wp-block-column is-vertically-aligned-center is-layout-flow wp-block-column-is-layout-flow\">\n<div class=\"wp-block-columns is-layout-flex wp-container-core-columns-is-layout-9d6595d7 wp-block-columns-is-layout-flex\">\n<div class=\"wp-block-column is-layout-flow wp-block-column-is-layout-flow\">\n<figure class=\"wp-block-image size-large\"><img decoding=\"async\" src=\"https:\/\/evolve-fitness.eu\/wp-content\/uploads\/2023\/11\/A7_08315-683x1024.jpg\" alt=\"\" class=\"wp-image-8760\"\/><\/figure>\n<\/div>\n<\/div>\n<\/div>\n<\/div>\n\n\n\n<div class=\"wp-block-columns alignwide is-layout-flex wp-container-core-columns-is-layout-c45ee707 wp-block-columns-is-layout-flex\" style=\"margin-bottom:var(--wp--preset--spacing--side-padding);padding-top:var(--wp--preset--spacing--side-padding)\">\n<div class=\"wp-block-column is-vertically-aligned-center is-layout-flow wp-block-column-is-layout-flow\">\n<div class=\"wp-block-columns is-layout-flex wp-container-core-columns-is-layout-9d6595d7 wp-block-columns-is-layout-flex\">\n<div class=\"wp-block-column is-layout-flow wp-block-column-is-layout-flow\">\n<figure class=\"wp-block-image size-full is-style-rounded\"><img decoding=\"async\" src=\"https:\/\/evolve-fitness.eu\/wp-content\/uploads\/2023\/11\/Evolve-CPU-Urethane-Dumbbells-5-handle-1.png\" alt=\"\" class=\"wp-image-4949\"\/><\/figure>\n<\/div>\n<\/div>\n<\/div>\n\n\n\n<div class=\"wp-block-column is-vertically-aligned-center is-layout-flow wp-block-column-is-layout-flow\">\n<h3 class=\"wp-block-heading\" style=\"margin-bottom:var(--wp--preset--spacing--h-3-bottom)\">FUNKTIONALITET<\/h3>\n\n\n\n<p><strong><em><strong><em>Ultimate Performance h\u00e5ndv\u00e6gte i urethan<\/em><\/strong><\/em><\/strong><\/p>\n\n\n\n<p style=\"margin-bottom:var(--wp--preset--spacing--tb-section-padding)\">Evolve krom h\u00e5ndv\u00e6gtsgreb har en l\u00e6ngde p\u00e5 120 mm, og tykkelsen p\u00e5 det bredeste sted er 30 mm, med et ergonomisk designet skridsikkert h\u00e5ndtag. Hele h\u00e5ndv\u00e6gten er belagt med et holdbart og slidst\u00e6rkt lag af urethan.<\/p>\n<\/div>\n<\/div>\n\n\n\n<div class=\"wp-block-columns alignwide is-layout-flex wp-container-core-columns-is-layout-c45ee707 wp-block-columns-is-layout-flex\" style=\"margin-bottom:var(--wp--preset--spacing--side-padding);padding-top:var(--wp--preset--spacing--side-padding)\">\n<div class=\"wp-block-column is-vertically-aligned-center is-layout-flow wp-block-column-is-layout-flow\">\n<h3 class=\"wp-block-heading\" style=\"margin-bottom:var(--wp--preset--spacing--h-3-bottom)\"><strong>ENEST\u00c5ENDE HOLDBARHED<\/strong><\/h3>\n\n\n\n<p><strong><em><strong>Holdbar ydeevne<\/strong><\/em><\/strong><\/p>\n\n\n\n<p>L\u00e5s op for hemmeligheden bag holdbar styrketr\u00e6ning med Evolve Urethane Dumbbells. Disse pr\u00e6cisionskonstruerede v\u00e6gte er st\u00f8bt af en metallegering af h\u00f8j kvalitet, der overg\u00e5r den typiske modstandsdygtighed for jernv\u00e6gte. Evolve h\u00e5ndv\u00e6gte er specielt designet til pr\u00e6cis balance og n\u00f8jagtighed og er det bedste valg, n\u00e5r det g\u00e6lder holdbarhed i alle kr\u00e6vende fitnessmilj\u00f8er, fra den h\u00e5rde milit\u00e6re tr\u00e6ning til den konstante brug p\u00e5 hoteller og rehabiliteringscentre. Evolve Urethane Dumbbells er perfekte til den seri\u00f8se hjemmefitness-entusiast eller den kommercielle fitnesscenter-ejer og garanterer vedvarende fremragende ydeevne og anvendelighed.<\/p>\n<\/div>\n\n\n\n<div class=\"wp-block-column is-vertically-aligned-center is-layout-flow wp-block-column-is-layout-flow\">\n<div class=\"wp-block-columns is-layout-flex wp-container-core-columns-is-layout-9d6595d7 wp-block-columns-is-layout-flex\">\n<div class=\"wp-block-column is-layout-flow wp-block-column-is-layout-flow\">\n<figure class=\"wp-block-video\"><video height=\"1089\" style=\"aspect-ratio: 851 \/ 1089;\" width=\"851\" autoplay=\"\" controls=\"\" loop=\"\" muted=\"\" src=\"https:\/\/evolve-fitness.eu\/wp-content\/uploads\/2023\/12\/1-5.mp4\"><\/video><\/figure>\n<\/div>\n<\/div>\n<\/div>\n<\/div>\n<\/section>\n","protected":false},"excerpt":{"rendered":"<p>Oplev varig styrke med Evolve CPU Urethane Dumbbells Set (2 x 1-10 kg), der er designet til seri\u00f8se fitnessentusiaster og professionelle fitnesscentre. Disse h\u00e5ndv\u00e6gte har en overlegen urethanbel\u00e6gning, der er kendt for sin modstandsdygtighed over for varme, UV-str\u00e5ler og slid, og som overg\u00e5r gummi i holdbarhed og vedligeholdelse af udseende. Evolve er ideel til forskellige tr\u00e6ningsmilj\u00f8er, fra milit\u00e6ret til fitnessrum p\u00e5 hospitaler, og kan tilpasses, s\u00e5 den passer til dit brands \u00e6stetik. Det ergonomiske anti-roll design og de st\u00f8jreducerende funktioner forbedrer tr\u00e6ningens funktionalitet og sikkerhed, hvilket g\u00f8r dem til en god, langsigtet investering for ethvert fitnesscenter.<\/p>\n","protected":false},"featured_media":95029,"template":"","meta":{"_acf_changed":false,"inline_featured_image":false},"product_cat":[977,1314],"product_tag":[],"class_list":{"0":"post-125408","1":"product","2":"type-product","3":"status-publish","4":"has-post-thumbnail","6":"product_cat-frie-vaegte","7":"product_cat-handvaegte","9":"first","10":"instock","11":"shipping-taxable","12":"purchasable","13":"product-type-simple"},"acf":[],"_links":{"self":[{"href":"https:\/\/store.evolve-fitness.eu\/da\/wp-json\/wp\/v2\/product\/125408","targetHints":{"allow":["GET"]}}],"collection":[{"href":"https:\/\/store.evolve-fitness.eu\/da\/wp-json\/wp\/v2\/product"}],"about":[{"href":"https:\/\/store.evolve-fitness.eu\/da\/wp-json\/wp\/v2\/types\/product"}],"wp:featuredmedia":[{"embeddable":true,"href":"https:\/\/store.evolve-fitness.eu\/da\/wp-json\/wp\/v2\/media\/95029"}],"wp:attachment":[{"href":"https:\/\/store.evolve-fitness.eu\/da\/wp-json\/wp\/v2\/media?parent=125408"}],"wp:term":[{"taxonomy":"product_cat","embeddable":true,"href":"https:\/\/store.evolve-fitness.eu\/da\/wp-json\/wp\/v2\/product_cat?post=125408"},{"taxonomy":"product_tag","embeddable":true,"href":"https:\/\/store.evolve-fitness.eu\/da\/wp-json\/wp\/v2\/product_tag?post=125408"}],"curies":[{"name":"wp","href":"https:\/\/api.w.org\/{rel}","templated":true}]}}