{"id":123249,"date":"2025-03-27T12:37:18","date_gmt":"2025-03-27T12:37:18","guid":{"rendered":"https:\/\/store.evolve-fitness.eu\/?post_type=product&#038;p=123249"},"modified":"2026-04-09T12:00:56","modified_gmt":"2026-04-09T12:00:56","slug":"evolve-gym-handtagsstativ","status":"publish","type":"product","link":"https:\/\/store.evolve-fitness.eu\/da\/vare\/evolve-gym-handtagsstativ\/","title":{"rendered":"Evolve Gym H\u00e5ndtagsstativ"},"content":{"rendered":"\n<section class=\"wp-block-group alignfull black-content has-white-color has-darkgray-background-color has-text-color has-background is-layout-constrained wp-block-group-is-layout-constrained\" style=\"padding-top:var(--wp--preset--spacing--section-bottom);padding-bottom:var(--wp--preset--spacing--section-bottom)\">\n<div class=\"wp-block-columns alignwide mobile-reverse is-layout-flex wp-container-core-columns-is-layout-ca64bf2d wp-block-columns-is-layout-flex\" style=\"margin-bottom:var(--wp--preset--spacing--side-padding)\">\n<div class=\"wp-block-column is-vertically-aligned-center is-layout-flow wp-block-column-is-layout-flow\">\n<h3 class=\"wp-block-heading\" style=\"margin-bottom:var(--wp--preset--spacing--h-3-bottom)\">Hold det rent, hold det meningsfuldt<\/h3>\n\n\n\n<p>Organiser dit tr\u00e6ningsrum som en professionel med <strong>Evolve Gym Handles Rack<\/strong> &#8211; den perfekte opbevaringsl\u00f8sning til at holde dit tr\u00e6ningsomr\u00e5de ryddeligt, sikkert og effektivt. Dette kompakte stativ er designet specielt til tr\u00e6ningsh\u00e5ndtag, greb, reb og tilbeh\u00f8r og hj\u00e6lper med at forhindre rod, samtidig med at det sikrer, at dit udstyr altid er inden for r\u00e6kkevidde. <\/p>\n<\/div>\n\n\n\n<div class=\"wp-block-column is-vertically-aligned-center is-layout-flow wp-block-column-is-layout-flow\">\n<figure class=\"wp-block-image size-large is-style-rounded\"><img loading=\"lazy\" decoding=\"async\" width=\"1024\" height=\"683\" src=\"https:\/\/store.evolve-fitness.eu\/wp-content\/uploads\/2025\/03\/EV-RS-GH-020-Evolve-Gym-Handles-Rack-6-1024x683.jpg\" alt=\"\" class=\"wp-image-123268\" srcset=\"https:\/\/store.evolve-fitness.eu\/wp-content\/uploads\/2025\/03\/EV-RS-GH-020-Evolve-Gym-Handles-Rack-6-1024x683.jpg 1024w, https:\/\/store.evolve-fitness.eu\/wp-content\/uploads\/2025\/03\/EV-RS-GH-020-Evolve-Gym-Handles-Rack-6-300x200.jpg 300w, https:\/\/store.evolve-fitness.eu\/wp-content\/uploads\/2025\/03\/EV-RS-GH-020-Evolve-Gym-Handles-Rack-6-768x512.jpg 768w, https:\/\/store.evolve-fitness.eu\/wp-content\/uploads\/2025\/03\/EV-RS-GH-020-Evolve-Gym-Handles-Rack-6-1536x1024.jpg 1536w, https:\/\/store.evolve-fitness.eu\/wp-content\/uploads\/2025\/03\/EV-RS-GH-020-Evolve-Gym-Handles-Rack-6-2048x1365.jpg 2048w, https:\/\/store.evolve-fitness.eu\/wp-content\/uploads\/2025\/03\/EV-RS-GH-020-Evolve-Gym-Handles-Rack-6-600x400.jpg 600w\" sizes=\"auto, (max-width: 1024px) 100vw, 1024px\" \/><\/figure>\n<\/div>\n<\/div>\n\n\n\n<div class=\"wp-block-columns is-layout-flex wp-container-core-columns-is-layout-9d6595d7 wp-block-columns-is-layout-flex\">\n<div class=\"wp-block-column is-layout-flow wp-block-column-is-layout-flow\">\n<div class=\"wp-block-columns is-layout-flex wp-container-core-columns-is-layout-9d6595d7 wp-block-columns-is-layout-flex\">\n<div class=\"wp-block-column is-layout-flow wp-block-column-is-layout-flow\">\n<figure class=\"wp-block-image size-large is-style-rounded\"><img loading=\"lazy\" decoding=\"async\" width=\"1024\" height=\"683\" src=\"https:\/\/store.evolve-fitness.eu\/wp-content\/uploads\/2025\/03\/EV-RS-GH-020-Evolve-Gym-Handles-Rack-10-1024x683.jpg\" alt=\"\" class=\"wp-image-123293\" srcset=\"https:\/\/store.evolve-fitness.eu\/wp-content\/uploads\/2025\/03\/EV-RS-GH-020-Evolve-Gym-Handles-Rack-10-1024x683.jpg 1024w, https:\/\/store.evolve-fitness.eu\/wp-content\/uploads\/2025\/03\/EV-RS-GH-020-Evolve-Gym-Handles-Rack-10-300x200.jpg 300w, https:\/\/store.evolve-fitness.eu\/wp-content\/uploads\/2025\/03\/EV-RS-GH-020-Evolve-Gym-Handles-Rack-10-768x512.jpg 768w, https:\/\/store.evolve-fitness.eu\/wp-content\/uploads\/2025\/03\/EV-RS-GH-020-Evolve-Gym-Handles-Rack-10-1536x1024.jpg 1536w, https:\/\/store.evolve-fitness.eu\/wp-content\/uploads\/2025\/03\/EV-RS-GH-020-Evolve-Gym-Handles-Rack-10-2048x1365.jpg 2048w, https:\/\/store.evolve-fitness.eu\/wp-content\/uploads\/2025\/03\/EV-RS-GH-020-Evolve-Gym-Handles-Rack-10-600x400.jpg 600w\" sizes=\"auto, (max-width: 1024px) 100vw, 1024px\" \/><\/figure>\n<\/div>\n\n\n\n<div class=\"wp-block-column is-layout-flow wp-block-column-is-layout-flow\">\n<h3 class=\"wp-block-heading\" style=\"margin-bottom:var(--wp--preset--spacing--h-3-bottom)\">Smart design, solid konstruktion<\/h3>\n\n\n\n<p>Dette stativ er fremstillet af st\u00e5l af h\u00f8j kvalitet og afsluttet med en elegant pulverlakering, s\u00e5 det er lavet til at holde. Designet med flere kroge giver masser af plads til alle dine kabeltilbeh\u00f8r &#8211; fra tricepsreb til D-h\u00e5ndtag &#8211; samtidig med at det kun fylder lidt. Ideelt til kommercielle fitnesscentre, PT-studier eller hjemmeops\u00e6tninger, der kr\u00e6ver organisation p\u00e5 professionelt niveau.  <\/p>\n<\/div>\n<\/div>\n<\/div>\n<\/div>\n<\/section>\n","protected":false},"excerpt":{"rendered":"<p>Organiser dit tr\u00e6ningsrum som en professionel med Evolve Gym Handles Rack &#8211; den perfekte opbevaringsl\u00f8sning til at holde dit tr\u00e6ningsomr\u00e5de ryddeligt, sikkert og effektivt. Dette kompakte stativ er designet specielt til tr\u00e6ningsh\u00e5ndtag, greb, reb og tilbeh\u00f8r og hj\u00e6lper med at forhindre rod, samtidig med at det sikrer, at dit udstyr altid er inden for r\u00e6kkevidde.<\/p>\n","protected":false},"featured_media":123397,"template":"","meta":{"_acf_changed":false,"inline_featured_image":false},"product_cat":[742],"product_tag":[],"class_list":{"0":"post-123249","1":"product","2":"type-product","3":"status-publish","4":"has-post-thumbnail","6":"product_cat-tilbehor-da","8":"first","9":"instock","10":"shipping-taxable","11":"purchasable","12":"product-type-simple"},"acf":[],"_links":{"self":[{"href":"https:\/\/store.evolve-fitness.eu\/da\/wp-json\/wp\/v2\/product\/123249","targetHints":{"allow":["GET"]}}],"collection":[{"href":"https:\/\/store.evolve-fitness.eu\/da\/wp-json\/wp\/v2\/product"}],"about":[{"href":"https:\/\/store.evolve-fitness.eu\/da\/wp-json\/wp\/v2\/types\/product"}],"wp:featuredmedia":[{"embeddable":true,"href":"https:\/\/store.evolve-fitness.eu\/da\/wp-json\/wp\/v2\/media\/123397"}],"wp:attachment":[{"href":"https:\/\/store.evolve-fitness.eu\/da\/wp-json\/wp\/v2\/media?parent=123249"}],"wp:term":[{"taxonomy":"product_cat","embeddable":true,"href":"https:\/\/store.evolve-fitness.eu\/da\/wp-json\/wp\/v2\/product_cat?post=123249"},{"taxonomy":"product_tag","embeddable":true,"href":"https:\/\/store.evolve-fitness.eu\/da\/wp-json\/wp\/v2\/product_tag?post=123249"}],"curies":[{"name":"wp","href":"https:\/\/api.w.org\/{rel}","templated":true}]}}