{"id":123099,"date":"2025-03-27T12:23:20","date_gmt":"2025-03-27T12:23:20","guid":{"rendered":"https:\/\/store.evolve-fitness.eu\/?post_type=product&#038;p=123099"},"modified":"2025-12-30T05:59:04","modified_gmt":"2025-12-30T05:59:04","slug":"evolve-gym-handtagsstativ-traekhandtag","status":"publish","type":"product","link":"https:\/\/store.evolve-fitness.eu\/da\/vare\/evolve-gym-handtagsstativ-traekhandtag\/","title":{"rendered":"Evolve Gym h\u00e5ndtagsstativ + tr\u00e6kh\u00e5ndtag"},"content":{"rendered":"\n<section class=\"wp-block-group alignfull black-content has-white-color has-darkgray-background-color has-text-color has-background is-layout-constrained wp-block-group-is-layout-constrained\" style=\"padding-top:var(--wp--preset--spacing--section-bottom);padding-bottom:var(--wp--preset--spacing--section-bottom)\">\n<div class=\"wp-block-columns alignwide mobile-reverse is-layout-flex wp-container-core-columns-is-layout-ca64bf2d wp-block-columns-is-layout-flex\" style=\"margin-bottom:var(--wp--preset--spacing--side-padding)\">\n<div class=\"wp-block-column is-vertically-aligned-center is-layout-flow wp-block-column-is-layout-flow\">\n<h3 class=\"wp-block-heading\" style=\"margin-bottom:var(--wp--preset--spacing--h-3-bottom)\">Organiser med lethed, tr\u00e6n med selvtillid<\/h3>\n\n\n\n<p><strong><em><strong>Kompakt stativ m\u00f8der ultimativ komfort<\/strong><\/em><\/strong><\/p>\n\n\n\n<p>Evolve Neoprene Pull Handle Set holder ikke kun dit tr\u00e6ningsomr\u00e5de rent og organiseret, men forbedrer ogs\u00e5 din tr\u00e6ningsoplevelse med ergonomiske neoprenh\u00e5ndtag af h\u00f8j kvalitet. H\u00e5ndtagene er omhyggeligt designet til at engagere overkroppens muskler og effektivt m\u00e5lrette mod arme, skuldre, ryg og bryst under forskellige tr\u00e6kbev\u00e6gelser. Disse h\u00e5ndtag er ideelle til kabelmaskiner eller modstandstr\u00e6ning og giver enest\u00e5ende alsidighed, holdbarhed og komfort. Uanset om du er fitnessentusiast eller professionel tr\u00e6ner, vil disse neopren-tr\u00e6kh\u00e5ndtag hj\u00e6lpe dig med at opn\u00e5 en afbalanceret styrke i overkroppen, forbedret udholdenhed og optimal kondition.   <\/p>\n<\/div>\n\n\n\n<div class=\"wp-block-column is-vertically-aligned-center is-layout-flow wp-block-column-is-layout-flow\">\n<figure class=\"wp-block-video\"><video controls=\"\" src=\"https:\/\/evolve-fitness.eu\/wp-content\/uploads\/2025\/03\/VIDEO-EV-GH-PR-100-Evolve-Prime-Series-Neoprene-Gym-Handle-Set-1.mp4\"><\/video><\/figure>\n<\/div>\n<\/div>\n\n\n\n<div class=\"wp-block-columns is-layout-flex wp-container-core-columns-is-layout-9d6595d7 wp-block-columns-is-layout-flex\">\n<div class=\"wp-block-column is-layout-flow wp-block-column-is-layout-flow\">\n<div class=\"wp-block-columns is-layout-flex wp-container-core-columns-is-layout-9d6595d7 wp-block-columns-is-layout-flex\">\n<div class=\"wp-block-column is-layout-flow wp-block-column-is-layout-flow\">\n<figure class=\"wp-block-image size-large is-style-rounded\"><img decoding=\"async\" src=\"https:\/\/evolve-fitness.eu\/wp-content\/uploads\/2025\/03\/EV-GH-PR-100-Evolve-Prime-Series-Neoprene-Gym-Handle-Set-10-3-1024x683.jpg\" alt=\"\" class=\"wp-image-189545\"\/><\/figure>\n<\/div>\n\n\n\n<div class=\"wp-block-column is-layout-flow wp-block-column-is-layout-flow\">\n<h3 class=\"wp-block-heading\" style=\"margin-bottom:var(--wp--preset--spacing--h-3-bottom)\">Opgrader dit fitnesscenters organisation<\/h3>\n\n\n\n<p>Opgrader din tr\u00e6ningsorganisation med Evolve Neoprene Pull Handle Set: Rack + Pull Handles &#8211; et alsidigt, p\u00e5lideligt system, der er bygget til at maksimere din tr\u00e6ningsplads. Det holdbare stativ opbevarer bekvemt de komfortable neoprenbekl\u00e6dte h\u00e5ndtag, hvilket giver nem adgang, \u00f8get levetid og et professionelt udseende i ethvert fitnessmilj\u00f8. Dette s\u00e6t er ideelt til b\u00e5de kommercielle faciliteter og hjemmetr\u00e6ningscentre og sikrer j\u00e6vn tr\u00e6ning, forbedret sikkerhed og overlegen komfort for atleter p\u00e5 alle niveauer.  <\/p>\n<\/div>\n<\/div>\n<\/div>\n<\/div>\n<\/section>\n","protected":false},"excerpt":{"rendered":"<p>Evolve Neoprene Pull Handle Set: Rack + Pull Handles er en praktisk, robust og alsidig opbevaringsl\u00f8sning, der er designet til at str\u00f8mline dit tr\u00e6ningsomr\u00e5de. (EV-RS-GH-020SET) Tr\u00e6kh\u00e5ndtagene er fremstillet af kvalitetsneopren og giver enest\u00e5ende komfort, sikkerhed og overlegen grebskontrol, hvilket g\u00f8r dem perfekte til brugere p\u00e5 alle fitnessniveauer. Uanset om det er til hjemmet eller et kommercielt fitnesscenter, l\u00f8fter dette s\u00e6t dit tr\u00e6ningsrum ved at organisere vigtigt udstyr p\u00e5 en p\u00e6n m\u00e5de og give hurtig adgang til dit tilbeh\u00f8r.<\/p>\n","protected":false},"featured_media":123122,"template":"","meta":{"_acf_changed":false,"inline_featured_image":false},"product_cat":[742],"product_tag":[],"class_list":{"0":"post-123099","1":"product","2":"type-product","3":"status-publish","4":"has-post-thumbnail","6":"product_cat-tilbehor-da","8":"first","9":"instock","10":"shipping-taxable","11":"purchasable","12":"product-type-simple"},"acf":[],"_links":{"self":[{"href":"https:\/\/store.evolve-fitness.eu\/da\/wp-json\/wp\/v2\/product\/123099","targetHints":{"allow":["GET"]}}],"collection":[{"href":"https:\/\/store.evolve-fitness.eu\/da\/wp-json\/wp\/v2\/product"}],"about":[{"href":"https:\/\/store.evolve-fitness.eu\/da\/wp-json\/wp\/v2\/types\/product"}],"wp:featuredmedia":[{"embeddable":true,"href":"https:\/\/store.evolve-fitness.eu\/da\/wp-json\/wp\/v2\/media\/123122"}],"wp:attachment":[{"href":"https:\/\/store.evolve-fitness.eu\/da\/wp-json\/wp\/v2\/media?parent=123099"}],"wp:term":[{"taxonomy":"product_cat","embeddable":true,"href":"https:\/\/store.evolve-fitness.eu\/da\/wp-json\/wp\/v2\/product_cat?post=123099"},{"taxonomy":"product_tag","embeddable":true,"href":"https:\/\/store.evolve-fitness.eu\/da\/wp-json\/wp\/v2\/product_tag?post=123099"}],"curies":[{"name":"wp","href":"https:\/\/api.w.org\/{rel}","templated":true}]}}