{"id":122769,"date":"2025-02-17T14:07:11","date_gmt":"2025-02-17T14:07:11","guid":{"rendered":"https:\/\/store.evolve-fitness.eu\/product\/lagersystem-v6\/"},"modified":"2025-02-17T14:07:11","modified_gmt":"2025-02-17T14:07:11","slug":"lagersystem-v6","status":"publish","type":"product","link":"https:\/\/store.evolve-fitness.eu\/da\/vare\/lagersystem-v6\/","title":{"rendered":"Lagersystem V6"},"content":{"rendered":"","protected":false},"excerpt":{"rendered":"<p>Denne kommercielle full rig er konstrueret til h\u00f8jintensive tr\u00e6ningsmilj\u00f8er og er det ultimative midtpunkt i ethvert professionelt fitnesscenter. Det modul\u00e6re design underst\u00f8tter flere brugere p\u00e5 samme tid og giver s\u00f8ml\u00f8se overgange mellem styrkel\u00f8ft, kropsv\u00e6gtstr\u00e6ning og funktionelle \u00f8velser. Den forst\u00e6rkede st\u00e5lkonstruktion sikrer maksimal holdbarhed under tunge belastninger, mens de justerbare komponenter passer til atleter p\u00e5 alle niveauer. Integrerede opbevaringsl\u00f8sninger holder tr\u00e6ningsrummet organiseret, og valgfrit tilbeh\u00f8r \u00f8ger tr\u00e6ningsvariationen. Uanset om det er i en styrkefokuseret facilitet, en CrossFit-boks eller et multifunktionelt fitnesscenter, leverer dette udstyr den p\u00e5lidelighed, sikkerhed og alsidighed, der er n\u00f8dvendig for at opn\u00e5 toppr\u00e6stationer og lang levetid.    <\/p>\n","protected":false},"featured_media":114100,"template":"","meta":{"_acf_changed":false,"inline_featured_image":false},"product_cat":[585,2149],"product_tag":[],"class_list":{"0":"post-122769","1":"product","2":"type-product","3":"status-publish","4":"has-post-thumbnail","6":"product_cat-tvaergaende-og-funktionel","7":"product_cat-opbevaring-da","9":"first","10":"outofstock","11":"shipping-taxable","12":"purchasable","13":"product-type-simple"},"acf":[],"_links":{"self":[{"href":"https:\/\/store.evolve-fitness.eu\/da\/wp-json\/wp\/v2\/product\/122769","targetHints":{"allow":["GET"]}}],"collection":[{"href":"https:\/\/store.evolve-fitness.eu\/da\/wp-json\/wp\/v2\/product"}],"about":[{"href":"https:\/\/store.evolve-fitness.eu\/da\/wp-json\/wp\/v2\/types\/product"}],"wp:featuredmedia":[{"embeddable":true,"href":"https:\/\/store.evolve-fitness.eu\/da\/wp-json\/wp\/v2\/media\/114100"}],"wp:attachment":[{"href":"https:\/\/store.evolve-fitness.eu\/da\/wp-json\/wp\/v2\/media?parent=122769"}],"wp:term":[{"taxonomy":"product_cat","embeddable":true,"href":"https:\/\/store.evolve-fitness.eu\/da\/wp-json\/wp\/v2\/product_cat?post=122769"},{"taxonomy":"product_tag","embeddable":true,"href":"https:\/\/store.evolve-fitness.eu\/da\/wp-json\/wp\/v2\/product_tag?post=122769"}],"curies":[{"name":"wp","href":"https:\/\/api.w.org\/{rel}","templated":true}]}}