{"id":121806,"date":"2025-03-26T09:53:29","date_gmt":"2025-03-26T09:53:29","guid":{"rendered":"https:\/\/store.evolve-fitness.eu\/?post_type=product&#038;p=121806"},"modified":"2025-11-07T10:11:02","modified_gmt":"2025-11-07T10:11:02","slug":"evolve-gulvflise-100-x-100-cm-10-30-mm","status":"publish","type":"product","link":"https:\/\/store.evolve-fitness.eu\/da\/vare\/evolve-gulvflise-100-x-100-cm-10-30-mm\/","title":{"rendered":"Evolve Gulvflise 100 x 100 cm, 10 &#8211; 30 mm"},"content":{"rendered":"\n<p><\/p>\n\n<section class=\"wp-block-group alignfull has-lightgray-background-color has-background is-layout-constrained wp-block-group-is-layout-constrained\">\n<div class=\"wp-block-columns alignwide is-layout-flex wp-container-core-columns-is-layout-2edb0647 wp-block-columns-is-layout-flex\" style=\"margin-top:0;margin-bottom:0\">\n<div class=\"wp-block-column is-layout-flow wp-block-column-is-layout-flow\" style=\"flex-basis:33.33%\"><\/div>\n\n\n\n<div class=\"wp-block-column is-layout-flow wp-block-column-is-layout-flow\" style=\"flex-basis:66.66%\"><\/div>\n<\/div>\n<\/section>\n","protected":false},"excerpt":{"rendered":"<p>Evolve-gummigulve er en holdbar og alsidig l\u00f8sning til motions- og fitnessomr\u00e5der. Med forskellige tykkelsesmuligheder giver dette gulv fremragende beskyttelse og komfort, hvilket g\u00f8r det ideelt til kr\u00e6vende brug. Det sammenl\u00e5sende PUZZLE-design sikrer nem installation, mens de enkle firkantede fliser er en enkel l\u00f8sning til st\u00f8rre omr\u00e5der. Gummimaterialet med h\u00f8j densitet sikrer langvarig ydeevne, slagfasthed og st\u00f8jreduktion, hvilket g\u00f8r det perfekt til b\u00e5de hjemmet og kommercielle fitnesscentre.Evolve Indoor Floor Tiles 100 x 100 x 10 &#8211; 30 mm. Tykkelse: 10 mm \/ 15 mm \/ 20 mm \/ 25 mm \/ 30 mm.     Massefylde 1000 kg\/m3.<\/p>\n","protected":false},"featured_media":84807,"template":"","meta":{"_acf_changed":false,"inline_featured_image":false},"product_cat":[852,853],"product_tag":[],"class_list":{"0":"post-121806","1":"product","2":"type-product","3":"status-publish","4":"has-post-thumbnail","6":"product_cat-platforme-og-gulvbelaegning","7":"product_cat-gulvbelaegning","9":"first","10":"outofstock","11":"shipping-taxable","12":"purchasable","13":"product-type-variable"},"acf":[],"_links":{"self":[{"href":"https:\/\/store.evolve-fitness.eu\/da\/wp-json\/wp\/v2\/product\/121806","targetHints":{"allow":["GET"]}}],"collection":[{"href":"https:\/\/store.evolve-fitness.eu\/da\/wp-json\/wp\/v2\/product"}],"about":[{"href":"https:\/\/store.evolve-fitness.eu\/da\/wp-json\/wp\/v2\/types\/product"}],"wp:featuredmedia":[{"embeddable":true,"href":"https:\/\/store.evolve-fitness.eu\/da\/wp-json\/wp\/v2\/media\/84807"}],"wp:attachment":[{"href":"https:\/\/store.evolve-fitness.eu\/da\/wp-json\/wp\/v2\/media?parent=121806"}],"wp:term":[{"taxonomy":"product_cat","embeddable":true,"href":"https:\/\/store.evolve-fitness.eu\/da\/wp-json\/wp\/v2\/product_cat?post=121806"},{"taxonomy":"product_tag","embeddable":true,"href":"https:\/\/store.evolve-fitness.eu\/da\/wp-json\/wp\/v2\/product_tag?post=121806"}],"curies":[{"name":"wp","href":"https:\/\/api.w.org\/{rel}","templated":true}]}}