{"id":119477,"date":"2025-03-20T11:56:35","date_gmt":"2025-03-20T11:56:35","guid":{"rendered":"https:\/\/store.evolve-fitness.eu\/?post_type=product&#038;p=119477"},"modified":"2026-03-18T12:00:40","modified_gmt":"2026-03-18T12:00:40","slug":"evolve-baerbar-basketballkurv","status":"publish","type":"product","link":"https:\/\/store.evolve-fitness.eu\/da\/vare\/evolve-baerbar-basketballkurv\/","title":{"rendered":"Evolve b\u00e6rbar basketballstander"},"content":{"rendered":"\n<section class=\"wp-block-group alignfull black-content has-white-color has-darkgray-background-color has-text-color has-background is-layout-constrained wp-block-group-is-layout-constrained\" style=\"padding-top:var(--wp--preset--spacing--section-bottom);padding-bottom:var(--wp--preset--spacing--section-bottom)\">\n<div class=\"wp-block-columns alignwide mobile-reverse is-layout-flex wp-container-core-columns-is-layout-ca64bf2d wp-block-columns-is-layout-flex\" style=\"margin-bottom:var(--wp--preset--spacing--side-padding)\">\n<div class=\"wp-block-column is-vertically-aligned-center is-layout-flow wp-block-column-is-layout-flow\">\n<h3 class=\"wp-block-heading\" style=\"margin-bottom:var(--wp--preset--spacing--h-3-bottom)\"><strong>EVOLVE b\u00e6rbar basketball-stativ <\/strong><\/h3>\n\n\n\n<p><strong><em><strong><strong><strong>Justerbart og holdbart basketballstativ til alle f\u00e6rdighedsniveauer<\/strong><\/strong><\/strong><\/em><\/strong><\/p>\n\n\n\n<p style=\"margin-bottom:var(--wp--preset--spacing--tb-section-padding)\"><strong>EVOLVE EV-BS-PT-140<\/strong> er et b\u00e6rbart basketballstativ af h\u00f8j kvalitet, der er perfekt til hjemmebrug, skoler eller fritidsomr\u00e5der. Med en justerbar h\u00f8jde og en robust base giver denne kurv en professionel spilleoplevelse, samtidig med at den giver mulighed for fleksibel placering. <\/p>\n<\/div>\n\n\n\n<div class=\"wp-block-column is-vertically-aligned-center is-layout-flow wp-block-column-is-layout-flow\">\n<figure class=\"wp-block-video\"><video height=\"2160\" style=\"aspect-ratio: 3840 \/ 2160;\" width=\"3840\" controls=\"\" src=\"https:\/\/store.evolve-fitness.eu\/wp-content\/uploads\/2025\/03\/Evolve-krepsinio-stovas.mp4\"><\/video><\/figure>\n<\/div>\n<\/div>\n\n\n\n<div class=\"wp-block-columns alignwide is-layout-flex wp-container-core-columns-is-layout-c45ee707 wp-block-columns-is-layout-flex\" style=\"margin-bottom:var(--wp--preset--spacing--side-padding);padding-top:var(--wp--preset--spacing--side-padding)\">\n<div class=\"wp-block-column is-vertically-aligned-center is-layout-flow wp-block-column-is-layout-flow\">\n<div class=\"wp-block-columns is-layout-flex wp-container-core-columns-is-layout-9d6595d7 wp-block-columns-is-layout-flex\">\n<div class=\"wp-block-column is-layout-flow wp-block-column-is-layout-flow\">\n<figure class=\"wp-block-image size-full is-resized is-style-rounded\"><img loading=\"lazy\" decoding=\"async\" width=\"3840\" height=\"2160\" src=\"https:\/\/store.evolve-fitness.eu\/wp-content\/uploads\/2025\/03\/Basketball-stand-1.png\" alt=\"\" class=\"wp-image-119572\" style=\"aspect-ratio:1.1333333333333333;object-fit:cover;width:757px;height:auto\" srcset=\"https:\/\/store.evolve-fitness.eu\/wp-content\/uploads\/2025\/03\/Basketball-stand-1.png 3840w, https:\/\/store.evolve-fitness.eu\/wp-content\/uploads\/2025\/03\/Basketball-stand-1-300x169.png 300w, https:\/\/store.evolve-fitness.eu\/wp-content\/uploads\/2025\/03\/Basketball-stand-1-1024x576.png 1024w, https:\/\/store.evolve-fitness.eu\/wp-content\/uploads\/2025\/03\/Basketball-stand-1-768x432.png 768w, https:\/\/store.evolve-fitness.eu\/wp-content\/uploads\/2025\/03\/Basketball-stand-1-1536x864.png 1536w, https:\/\/store.evolve-fitness.eu\/wp-content\/uploads\/2025\/03\/Basketball-stand-1-2048x1152.png 2048w, https:\/\/store.evolve-fitness.eu\/wp-content\/uploads\/2025\/03\/Basketball-stand-1-600x338.png 600w\" sizes=\"auto, (max-width: 3840px) 100vw, 3840px\" \/><\/figure>\n<\/div>\n<\/div>\n<\/div>\n\n\n\n<div class=\"wp-block-column is-vertically-aligned-center is-layout-flow wp-block-column-is-layout-flow\">\n<h3 class=\"wp-block-heading\" style=\"margin-bottom:var(--wp--preset--spacing--h-3-bottom)\">entusiaster i alle aldre<\/h3>\n\n\n\n<p>Uanset om det er til fritidsspil, personlig tr\u00e6ning eller venskabelig konkurrence, er <strong>EVOLVE EV-BS-PT-140<\/strong> et fremragende valg for basketballentusiaster i alle aldre.<\/p>\n<\/div>\n<\/div>\n\n\n\n<div class=\"wp-block-columns alignwide mobile-reverse is-layout-flex wp-container-core-columns-is-layout-ca64bf2d wp-block-columns-is-layout-flex\" style=\"margin-bottom:var(--wp--preset--spacing--side-padding)\">\n<div class=\"wp-block-column is-vertically-aligned-center is-layout-flow wp-block-column-is-layout-flow\">\n<h3 class=\"wp-block-heading\" style=\"margin-bottom:var(--wp--preset--spacing--h-3-bottom)\"><strong>Bagplade af h\u00e6rdet glas med forst\u00e6rket ramme<\/strong><\/h3>\n\n\n\n<p style=\"margin-bottom:var(--wp--preset--spacing--tb-section-padding)\"><strong>Bagplade St\u00f8rrelse:<\/strong><strong>136 x 80 cmMateriale<\/strong><strong>:<\/strong><strong>8 mm tykt h\u00e6rdet glas<\/strong> &#8211; giver en professionel rebound-oplevelse sammenlignet med tyndere alternativer i polykarbonat. <strong>Beskyttende ramme:<\/strong> Fremstillet af <strong>svejset metal og belagt med anodiserede aluminiumsprofiler<\/strong> for \u00f8get holdbarhed mod vejrforhold. <strong>Termoplastisk forst\u00e6rkning med h\u00f8j densitet:<\/strong> Styrker strukturen, minimerer vibrationer og forbedrer boldens opspring.<\/p>\n\n\n\n<p style=\"margin-bottom:var(--wp--preset--spacing--tb-section-padding)\"><\/p>\n<\/div>\n\n\n\n<div class=\"wp-block-column is-vertically-aligned-center is-layout-flow wp-block-column-is-layout-flow\">\n<figure class=\"wp-block-image size-large is-style-rounded\"><img loading=\"lazy\" decoding=\"async\" width=\"1024\" height=\"576\" src=\"https:\/\/store.evolve-fitness.eu\/wp-content\/uploads\/2025\/03\/vlcsnap-2023-06-22-17h40m07s325-1-1024x576.png\" alt=\"\" class=\"wp-image-119597\" srcset=\"https:\/\/store.evolve-fitness.eu\/wp-content\/uploads\/2025\/03\/vlcsnap-2023-06-22-17h40m07s325-1-1024x576.png 1024w, https:\/\/store.evolve-fitness.eu\/wp-content\/uploads\/2025\/03\/vlcsnap-2023-06-22-17h40m07s325-1-300x169.png 300w, https:\/\/store.evolve-fitness.eu\/wp-content\/uploads\/2025\/03\/vlcsnap-2023-06-22-17h40m07s325-1-768x432.png 768w, https:\/\/store.evolve-fitness.eu\/wp-content\/uploads\/2025\/03\/vlcsnap-2023-06-22-17h40m07s325-1-1536x864.png 1536w, https:\/\/store.evolve-fitness.eu\/wp-content\/uploads\/2025\/03\/vlcsnap-2023-06-22-17h40m07s325-1-2048x1152.png 2048w, https:\/\/store.evolve-fitness.eu\/wp-content\/uploads\/2025\/03\/vlcsnap-2023-06-22-17h40m07s325-1-600x338.png 600w\" sizes=\"auto, (max-width: 1024px) 100vw, 1024px\" \/><\/figure>\n<\/div>\n<\/div>\n\n\n\n<div class=\"wp-block-columns alignwide is-layout-flex wp-container-core-columns-is-layout-c45ee707 wp-block-columns-is-layout-flex\" style=\"margin-bottom:var(--wp--preset--spacing--side-padding);padding-top:var(--wp--preset--spacing--side-padding)\">\n<div class=\"wp-block-column is-vertically-aligned-center is-layout-flow wp-block-column-is-layout-flow\">\n<div class=\"wp-block-columns is-layout-flex wp-container-core-columns-is-layout-9d6595d7 wp-block-columns-is-layout-flex\">\n<div class=\"wp-block-column is-layout-flow wp-block-column-is-layout-flow\">\n<figure class=\"wp-block-image size-full is-resized is-style-rounded\"><img loading=\"lazy\" decoding=\"async\" width=\"3840\" height=\"2160\" src=\"https:\/\/store.evolve-fitness.eu\/wp-content\/uploads\/2025\/03\/Basketball-stand-15.png\" alt=\"\" class=\"wp-image-119622\" style=\"aspect-ratio:1.1333333333333333;object-fit:cover;width:757px;height:auto\" srcset=\"https:\/\/store.evolve-fitness.eu\/wp-content\/uploads\/2025\/03\/Basketball-stand-15.png 3840w, https:\/\/store.evolve-fitness.eu\/wp-content\/uploads\/2025\/03\/Basketball-stand-15-300x169.png 300w, https:\/\/store.evolve-fitness.eu\/wp-content\/uploads\/2025\/03\/Basketball-stand-15-1024x576.png 1024w, https:\/\/store.evolve-fitness.eu\/wp-content\/uploads\/2025\/03\/Basketball-stand-15-768x432.png 768w, https:\/\/store.evolve-fitness.eu\/wp-content\/uploads\/2025\/03\/Basketball-stand-15-1536x864.png 1536w, https:\/\/store.evolve-fitness.eu\/wp-content\/uploads\/2025\/03\/Basketball-stand-15-2048x1152.png 2048w, https:\/\/store.evolve-fitness.eu\/wp-content\/uploads\/2025\/03\/Basketball-stand-15-600x338.png 600w\" sizes=\"auto, (max-width: 3840px) 100vw, 3840px\" \/><\/figure>\n<\/div>\n<\/div>\n<\/div>\n\n\n\n<div class=\"wp-block-column is-vertically-aligned-center is-layout-flow wp-block-column-is-layout-flow\">\n<h3 class=\"wp-block-heading\" style=\"margin-bottom:var(--wp--preset--spacing--h-3-bottom)\">Fjederbelastet f\u00e6lg i professionel kvalitet<\/h3>\n\n\n\n<p><strong>F\u00e6lgdiameter<\/strong>:<strong>45 cm<\/strong> (standardst\u00f8rrelse). <strong>Fjedermekanisme:<\/strong> Absorberer st\u00f8d, s\u00e5 man kan dunke og spille med h\u00f8j intensitet. <strong>Overd\u00e6kkede fjedre:<\/strong> Beskyttelse mod korrosion og ydre skader.<\/p>\n<\/div>\n<\/div>\n\n\n\n<div class=\"wp-block-columns alignwide mobile-reverse is-layout-flex wp-container-core-columns-is-layout-ca64bf2d wp-block-columns-is-layout-flex\" style=\"margin-bottom:var(--wp--preset--spacing--side-padding)\">\n<div class=\"wp-block-column is-vertically-aligned-center is-layout-flow wp-block-column-is-layout-flow\">\n<h3 class=\"wp-block-heading\" style=\"margin-bottom:var(--wp--preset--spacing--h-3-bottom)\"><strong>Robust og stabil base<\/strong><\/h3>\n\n\n\n<p style=\"margin-bottom:var(--wp--preset--spacing--tb-section-padding)\"><strong>Basest\u00f8rrelse:<\/strong><strong>130 x 82 x 20 cm<\/strong> Kan fyldes med <strong>op til 160 kg vand<\/strong> eller <strong>220 kg sand<\/strong> for <strong>maksimal stabilitet<\/strong>. <strong>Indbyggede transporthjul<\/strong> g\u00f8r det nemt at flytte den, hvilket g\u00f8r den ideel til dem, der ikke har plads til en permanent kurv i jorden.<\/p>\n\n\n\n<p style=\"margin-bottom:var(--wp--preset--spacing--tb-section-padding)\"><\/p>\n\n\n\n<p style=\"margin-bottom:var(--wp--preset--spacing--tb-section-padding)\"><\/p>\n\n\n\n<p style=\"margin-bottom:var(--wp--preset--spacing--tb-section-padding)\"><\/p>\n<\/div>\n\n\n\n<div class=\"wp-block-column is-vertically-aligned-center is-layout-flow wp-block-column-is-layout-flow\">\n<figure class=\"wp-block-image size-large is-style-rounded\"><img loading=\"lazy\" decoding=\"async\" width=\"1024\" height=\"576\" src=\"https:\/\/store.evolve-fitness.eu\/wp-content\/uploads\/2025\/03\/Basketball-stand-3-1024x576.png\" alt=\"\" class=\"wp-image-119647\" srcset=\"https:\/\/store.evolve-fitness.eu\/wp-content\/uploads\/2025\/03\/Basketball-stand-3-1024x576.png 1024w, https:\/\/store.evolve-fitness.eu\/wp-content\/uploads\/2025\/03\/Basketball-stand-3-300x169.png 300w, https:\/\/store.evolve-fitness.eu\/wp-content\/uploads\/2025\/03\/Basketball-stand-3-768x432.png 768w, https:\/\/store.evolve-fitness.eu\/wp-content\/uploads\/2025\/03\/Basketball-stand-3-1536x864.png 1536w, https:\/\/store.evolve-fitness.eu\/wp-content\/uploads\/2025\/03\/Basketball-stand-3-2048x1152.png 2048w, https:\/\/store.evolve-fitness.eu\/wp-content\/uploads\/2025\/03\/Basketball-stand-3-600x338.png 600w\" sizes=\"auto, (max-width: 1024px) 100vw, 1024px\" \/><\/figure>\n<\/div>\n<\/div>\n\n\n\n<div class=\"wp-block-columns alignwide is-layout-flex wp-container-core-columns-is-layout-c45ee707 wp-block-columns-is-layout-flex\" style=\"margin-bottom:var(--wp--preset--spacing--side-padding);padding-top:var(--wp--preset--spacing--side-padding)\">\n<div class=\"wp-block-column is-vertically-aligned-center is-layout-flow wp-block-column-is-layout-flow\">\n<div class=\"wp-block-columns is-layout-flex wp-container-core-columns-is-layout-9d6595d7 wp-block-columns-is-layout-flex\">\n<div class=\"wp-block-column is-layout-flow wp-block-column-is-layout-flow\">\n<figure class=\"wp-block-image size-full is-resized is-style-rounded\"><img loading=\"lazy\" decoding=\"async\" width=\"3840\" height=\"2160\" src=\"https:\/\/store.evolve-fitness.eu\/wp-content\/uploads\/2025\/03\/Basketball-stand-13.png\" alt=\"\" class=\"wp-image-119672\" style=\"aspect-ratio:1.1333333333333333;object-fit:cover;width:757px;height:auto\" srcset=\"https:\/\/store.evolve-fitness.eu\/wp-content\/uploads\/2025\/03\/Basketball-stand-13.png 3840w, https:\/\/store.evolve-fitness.eu\/wp-content\/uploads\/2025\/03\/Basketball-stand-13-300x169.png 300w, https:\/\/store.evolve-fitness.eu\/wp-content\/uploads\/2025\/03\/Basketball-stand-13-1024x576.png 1024w, https:\/\/store.evolve-fitness.eu\/wp-content\/uploads\/2025\/03\/Basketball-stand-13-768x432.png 768w, https:\/\/store.evolve-fitness.eu\/wp-content\/uploads\/2025\/03\/Basketball-stand-13-1536x864.png 1536w, https:\/\/store.evolve-fitness.eu\/wp-content\/uploads\/2025\/03\/Basketball-stand-13-2048x1152.png 2048w, https:\/\/store.evolve-fitness.eu\/wp-content\/uploads\/2025\/03\/Basketball-stand-13-600x338.png 600w\" sizes=\"auto, (max-width: 3840px) 100vw, 3840px\" \/><\/figure>\n<\/div>\n<\/div>\n<\/div>\n\n\n\n<div class=\"wp-block-column is-vertically-aligned-center is-layout-flow wp-block-column-is-layout-flow\">\n<h3 class=\"wp-block-heading\" style=\"margin-bottom:var(--wp--preset--spacing--h-3-bottom)\">Holdbart, vejrbestandigt net<\/h3>\n\n\n\n<p>Fremstillet af <strong>nylon i h\u00f8j kvalitet<\/strong>, der er modstandsdygtig over for alle vejrforhold. Det <strong>r\u00f8rformede fastg\u00f8relsessystem<\/strong> sikrer overlegen holdbarhed og sikkerhed og forebygger skader i forhold til traditionelle krogsystemer.<\/p>\n<\/div>\n<\/div>\n\n\n\n<div class=\"wp-block-columns alignwide mobile-reverse is-layout-flex wp-container-core-columns-is-layout-ca64bf2d wp-block-columns-is-layout-flex\" style=\"margin-bottom:var(--wp--preset--spacing--side-padding)\">\n<div class=\"wp-block-column is-vertically-aligned-center is-layout-flow wp-block-column-is-layout-flow\">\n<h3 class=\"wp-block-heading\" style=\"margin-bottom:var(--wp--preset--spacing--h-3-bottom)\"><strong>Elektroforese-belagt st\u00e5lramme for maksimal holdbarhed<\/strong><\/h3>\n\n\n\n<p><\/p>\n\n\n\n<p style=\"margin-bottom:var(--wp--preset--spacing--tb-section-padding)\"><strong>Rust- og UV-beskyttelse:<\/strong> Avanceret <strong>elektroforese-bel\u00e6gning<\/strong> binder malingsmolekyler direkte til st\u00e5let, hvilket g\u00f8r den betydeligt <strong>mere holdbar end traditionel pulverlakering<\/strong>. <strong>St\u00f8dabsorberende polstring:<\/strong> St\u00e5lrammen er yderligere <strong>beskyttet med polstring<\/strong>, hvilket reducerer mekaniske skader og \u00f8ger sikkerheden under spillet.<\/p>\n\n\n\n<p style=\"margin-bottom:var(--wp--preset--spacing--tb-section-padding)\"><\/p>\n\n\n\n<p style=\"margin-bottom:var(--wp--preset--spacing--tb-section-padding)\"><\/p>\n\n\n\n<p style=\"margin-bottom:var(--wp--preset--spacing--tb-section-padding)\"><\/p>\n\n\n\n<p style=\"margin-bottom:var(--wp--preset--spacing--tb-section-padding)\"><\/p>\n<\/div>\n\n\n\n<div class=\"wp-block-column is-vertically-aligned-center is-layout-flow wp-block-column-is-layout-flow\">\n<figure class=\"wp-block-image size-large is-style-rounded\"><img loading=\"lazy\" decoding=\"async\" width=\"1024\" height=\"842\" src=\"https:\/\/store.evolve-fitness.eu\/wp-content\/uploads\/2025\/03\/vlcsnap-2023-06-22-17h45m54s417-1024x842.png\" alt=\"\" class=\"wp-image-119697\" srcset=\"https:\/\/store.evolve-fitness.eu\/wp-content\/uploads\/2025\/03\/vlcsnap-2023-06-22-17h45m54s417-1024x842.png 1024w, https:\/\/store.evolve-fitness.eu\/wp-content\/uploads\/2025\/03\/vlcsnap-2023-06-22-17h45m54s417-300x247.png 300w, https:\/\/store.evolve-fitness.eu\/wp-content\/uploads\/2025\/03\/vlcsnap-2023-06-22-17h45m54s417-768x631.png 768w, https:\/\/store.evolve-fitness.eu\/wp-content\/uploads\/2025\/03\/vlcsnap-2023-06-22-17h45m54s417-1536x1262.png 1536w, https:\/\/store.evolve-fitness.eu\/wp-content\/uploads\/2025\/03\/vlcsnap-2023-06-22-17h45m54s417-2048x1683.png 2048w, https:\/\/store.evolve-fitness.eu\/wp-content\/uploads\/2025\/03\/vlcsnap-2023-06-22-17h45m54s417-600x493.png 600w\" sizes=\"auto, (max-width: 1024px) 100vw, 1024px\" \/><\/figure>\n<\/div>\n<\/div>\n<\/section>\n","protected":false},"excerpt":{"rendered":"<p>Evolve Portable Basketball Stand, EV-BS-PT-140-B, er en h\u00f8jtydende b\u00e6rbar basketballstander designet til spillere i alle aldre og p\u00e5 alle niveauer. Med et justerbart h\u00f8jdesystem, en holdbar konstruktion og en bagplade af f\u00f8rsteklasses h\u00e6rdet glas sikrer denne stander en fremragende spilleoplevelse, uanset om det er til afslappet spil eller seri\u00f8s tr\u00e6ning. <\/p>\n","protected":false},"featured_media":119726,"template":"","meta":{"_acf_changed":false,"inline_featured_image":false},"product_cat":[2242],"product_tag":[],"class_list":{"0":"post-119477","1":"product","2":"type-product","3":"status-publish","4":"has-post-thumbnail","6":"product_cat-basketball-equipment","8":"first","9":"outofstock","10":"sale","11":"shipping-taxable","12":"purchasable","13":"product-type-simple"},"acf":[],"_links":{"self":[{"href":"https:\/\/store.evolve-fitness.eu\/da\/wp-json\/wp\/v2\/product\/119477","targetHints":{"allow":["GET"]}}],"collection":[{"href":"https:\/\/store.evolve-fitness.eu\/da\/wp-json\/wp\/v2\/product"}],"about":[{"href":"https:\/\/store.evolve-fitness.eu\/da\/wp-json\/wp\/v2\/types\/product"}],"wp:featuredmedia":[{"embeddable":true,"href":"https:\/\/store.evolve-fitness.eu\/da\/wp-json\/wp\/v2\/media\/119726"}],"wp:attachment":[{"href":"https:\/\/store.evolve-fitness.eu\/da\/wp-json\/wp\/v2\/media?parent=119477"}],"wp:term":[{"taxonomy":"product_cat","embeddable":true,"href":"https:\/\/store.evolve-fitness.eu\/da\/wp-json\/wp\/v2\/product_cat?post=119477"},{"taxonomy":"product_tag","embeddable":true,"href":"https:\/\/store.evolve-fitness.eu\/da\/wp-json\/wp\/v2\/product_tag?post=119477"}],"curies":[{"name":"wp","href":"https:\/\/api.w.org\/{rel}","templated":true}]}}