{"id":118948,"date":"2025-03-19T13:52:58","date_gmt":"2025-03-19T13:52:58","guid":{"rendered":"https:\/\/store.evolve-fitness.eu\/?post_type=product&#038;p=118948"},"modified":"2026-02-04T12:00:27","modified_gmt":"2026-02-04T12:00:27","slug":"evolve-battle-rope-38-cm-x-15-m","status":"publish","type":"product","link":"https:\/\/store.evolve-fitness.eu\/da\/vare\/evolve-battle-rope-38-cm-x-15-m\/","title":{"rendered":"Evolve Battle Rope 3,8 cm x 15 m"},"content":{"rendered":"\n<section class=\"wp-block-group alignfull black-content has-white-color has-darkgray-background-color has-text-color has-background is-layout-constrained wp-block-group-is-layout-constrained\" style=\"padding-top:var(--wp--preset--spacing--section-bottom);padding-bottom:var(--wp--preset--spacing--section-bottom)\">\n<div class=\"wp-block-columns alignwide mobile-reverse is-layout-flex wp-container-core-columns-is-layout-ca64bf2d wp-block-columns-is-layout-flex\" style=\"margin-bottom:var(--wp--preset--spacing--side-padding)\">\n<div class=\"wp-block-column is-vertically-aligned-center is-layout-flow wp-block-column-is-layout-flow\">\n<h3 class=\"wp-block-heading\" style=\"margin-bottom:var(--wp--preset--spacing--h-3-bottom)\">Slip den eksplosive kraft l\u00f8s<\/h3>\n\n\n\n<p><strong><em><strong>H\u00f8jintensiv konditionstr\u00e6ning med hvert eneste sving<\/strong><\/em><\/strong><\/p>\n\n\n\n<p>Evolve EV-RP-BR-385 Battle Rope er den ultimative l\u00f8sning til atleter, der \u00f8nsker at opbygge eksplosiv styrke, muskul\u00e6r udholdenhed og koordination. Med sin holdbare konstruktion af h\u00f8j kvalitet kan dette battle rope modst\u00e5 h\u00e5rd og gentagen brug, hvilket giver ensartet ydeevne og uovertruffen holdbarhed. Det er specielt designet til dynamiske helkropsbev\u00e6gelser som b\u00f8lger, slams og spiraler, og det aktiverer flere muskelgrupper p\u00e5 samme tid med fokus p\u00e5 arme, skuldre, core, ryg og underkrop. EV-RP-BR-385 Battle Rope er ideelt til CrossFit-tr\u00e6ning, h\u00f8jintensiv intervaltr\u00e6ning og funktionelle fitnesskredsl\u00f8b og hj\u00e6lper dig med hurtigt at \u00f8ge styrken, fremskynde kalorieforbr\u00e6ndingen og forbedre din generelle kondition og atletiske pr\u00e6station betydeligt.   <\/p>\n<\/div>\n\n\n\n<div class=\"wp-block-column is-vertically-aligned-center is-layout-flow wp-block-column-is-layout-flow\">\n<figure class=\"wp-block-image size-large\"><img loading=\"lazy\" decoding=\"async\" width=\"1024\" height=\"683\" src=\"https:\/\/store.evolve-fitness.eu\/wp-content\/uploads\/2025\/03\/EV-RP-BR-385-Evolve-Battle-Rope-3.8-cm-x-15-m-15-1024x683.jpg\" alt=\"\" class=\"wp-image-122724\" srcset=\"https:\/\/store.evolve-fitness.eu\/wp-content\/uploads\/2025\/03\/EV-RP-BR-385-Evolve-Battle-Rope-3.8-cm-x-15-m-15-1024x683.jpg 1024w, https:\/\/store.evolve-fitness.eu\/wp-content\/uploads\/2025\/03\/EV-RP-BR-385-Evolve-Battle-Rope-3.8-cm-x-15-m-15-300x200.jpg 300w, https:\/\/store.evolve-fitness.eu\/wp-content\/uploads\/2025\/03\/EV-RP-BR-385-Evolve-Battle-Rope-3.8-cm-x-15-m-15-768x512.jpg 768w, https:\/\/store.evolve-fitness.eu\/wp-content\/uploads\/2025\/03\/EV-RP-BR-385-Evolve-Battle-Rope-3.8-cm-x-15-m-15-1536x1024.jpg 1536w, https:\/\/store.evolve-fitness.eu\/wp-content\/uploads\/2025\/03\/EV-RP-BR-385-Evolve-Battle-Rope-3.8-cm-x-15-m-15-2048x1365.jpg 2048w, https:\/\/store.evolve-fitness.eu\/wp-content\/uploads\/2025\/03\/EV-RP-BR-385-Evolve-Battle-Rope-3.8-cm-x-15-m-15-600x400.jpg 600w\" sizes=\"auto, (max-width: 1024px) 100vw, 1024px\" \/><\/figure>\n<\/div>\n<\/div>\n<\/section>\n\n<p><\/p>\n","protected":false},"excerpt":{"rendered":"<p>Tag din tr\u00e6ning til det n\u00e6ste niveau med Evolve EV-RP-BR-385 Battle Rope, der er designet til h\u00f8jintensiv tr\u00e6ning, der \u00f8ger styrke, udholdenhed og koordination. Dette kraftige reb er perfekt til funktionel tr\u00e6ning og hj\u00e6lper med at udvikle eksplosiv kraft, mens det involverer flere muskelgrupper. <\/p>\n<p>\n","protected":false},"featured_media":147054,"template":"","meta":{"_acf_changed":false,"inline_featured_image":false},"product_cat":[588,459],"product_tag":[],"class_list":{"0":"post-118948","1":"product","2":"type-product","3":"status-publish","4":"has-post-thumbnail","6":"product_cat-funktionelt-udstyr","7":"product_cat-studio-da","9":"first","10":"instock","11":"shipping-taxable","12":"purchasable","13":"product-type-simple"},"acf":[],"_links":{"self":[{"href":"https:\/\/store.evolve-fitness.eu\/da\/wp-json\/wp\/v2\/product\/118948","targetHints":{"allow":["GET"]}}],"collection":[{"href":"https:\/\/store.evolve-fitness.eu\/da\/wp-json\/wp\/v2\/product"}],"about":[{"href":"https:\/\/store.evolve-fitness.eu\/da\/wp-json\/wp\/v2\/types\/product"}],"wp:featuredmedia":[{"embeddable":true,"href":"https:\/\/store.evolve-fitness.eu\/da\/wp-json\/wp\/v2\/media\/147054"}],"wp:attachment":[{"href":"https:\/\/store.evolve-fitness.eu\/da\/wp-json\/wp\/v2\/media?parent=118948"}],"wp:term":[{"taxonomy":"product_cat","embeddable":true,"href":"https:\/\/store.evolve-fitness.eu\/da\/wp-json\/wp\/v2\/product_cat?post=118948"},{"taxonomy":"product_tag","embeddable":true,"href":"https:\/\/store.evolve-fitness.eu\/da\/wp-json\/wp\/v2\/product_tag?post=118948"}],"curies":[{"name":"wp","href":"https:\/\/api.w.org\/{rel}","templated":true}]}}