{"id":118898,"date":"2025-03-19T13:46:36","date_gmt":"2025-03-19T13:46:36","guid":{"rendered":"https:\/\/store.evolve-fitness.eu\/?post_type=product&#038;p=118898"},"modified":"2026-04-02T12:00:43","modified_gmt":"2026-04-02T12:00:43","slug":"evolve-mini-band-set-3-i-1","status":"publish","type":"product","link":"https:\/\/store.evolve-fitness.eu\/da\/vare\/evolve-mini-band-set-3-i-1\/","title":{"rendered":"Evolve Mini Band Set 3 i 1"},"content":{"rendered":"\n<p><\/p>\n\n<p><\/p>\n","protected":false},"excerpt":{"rendered":"<p>Forbedr din tr\u00e6ning med Evolve EV-BD-FB-300 Resistance Bands, der er designet til styrketr\u00e6ning, rehabilitering og smidigheds\u00f8velser. Disse b\u00e5nd er lavet af holdbar latex af h\u00f8j kvalitet og giver ensartet modstand til forskellige fitnessniveauer, hvilket hj\u00e6lper dig med at opbygge muskler, forbedre mobiliteten og \u00f8ge udholdenheden. <\/p>\n<p>\n","protected":false},"featured_media":123625,"template":"","meta":{"_acf_changed":false,"inline_featured_image":false},"product_cat":[2411,588,459],"product_tag":[],"class_list":{"0":"post-118898","1":"product","2":"type-product","3":"status-publish","4":"has-post-thumbnail","6":"product_cat-hyrox-gear","7":"product_cat-funktionelt-udstyr","8":"product_cat-studio-da","10":"first","11":"instock","12":"shipping-taxable","13":"purchasable","14":"product-type-simple"},"acf":[],"_links":{"self":[{"href":"https:\/\/store.evolve-fitness.eu\/da\/wp-json\/wp\/v2\/product\/118898","targetHints":{"allow":["GET"]}}],"collection":[{"href":"https:\/\/store.evolve-fitness.eu\/da\/wp-json\/wp\/v2\/product"}],"about":[{"href":"https:\/\/store.evolve-fitness.eu\/da\/wp-json\/wp\/v2\/types\/product"}],"wp:featuredmedia":[{"embeddable":true,"href":"https:\/\/store.evolve-fitness.eu\/da\/wp-json\/wp\/v2\/media\/123625"}],"wp:attachment":[{"href":"https:\/\/store.evolve-fitness.eu\/da\/wp-json\/wp\/v2\/media?parent=118898"}],"wp:term":[{"taxonomy":"product_cat","embeddable":true,"href":"https:\/\/store.evolve-fitness.eu\/da\/wp-json\/wp\/v2\/product_cat?post=118898"},{"taxonomy":"product_tag","embeddable":true,"href":"https:\/\/store.evolve-fitness.eu\/da\/wp-json\/wp\/v2\/product_tag?post=118898"}],"curies":[{"name":"wp","href":"https:\/\/api.w.org\/{rel}","templated":true}]}}