{"id":118848,"date":"2025-03-19T13:27:06","date_gmt":"2025-03-19T13:27:06","guid":{"rendered":"https:\/\/store.evolve-fitness.eu\/?post_type=product&#038;p=118848"},"modified":"2026-04-04T12:00:38","modified_gmt":"2026-04-04T12:00:38","slug":"evolve-balance-pude","status":"publish","type":"product","link":"https:\/\/store.evolve-fitness.eu\/da\/vare\/evolve-balance-pude\/","title":{"rendered":"Evolve Balance Pude"},"content":{"rendered":"\n<p><\/p>\n\n\n\n<p><\/p>\n","protected":false},"excerpt":{"rendered":"<p>Balancepuden &#8220;Evolve&#8221; (EV-BP-BC-025) er et innovativt redskab, der er designet til at forbedre kroppens balance, koordination og muskelstyrke. Puden er fremstillet af materialer af h\u00f8j kvalitet og underst\u00f8tter en lang r\u00e6kke fysiske \u00f8velser og sikrer stabilitet og komfort. Den er ideel til b\u00e5de begyndere og avancerede brugere, der \u00f8nsker at forbedre kropsholdningen og tr\u00e6ne de dybe muskler. Perfekt til brug derhjemme eller i fitnesscentret.     <\/p>\n<p>\n","protected":false},"featured_media":118871,"template":"","meta":{"_acf_changed":false,"inline_featured_image":false},"product_cat":[459],"product_tag":[],"class_list":{"0":"post-118848","1":"product","2":"type-product","3":"status-publish","4":"has-post-thumbnail","6":"product_cat-studio-da","8":"first","9":"instock","10":"shipping-taxable","11":"purchasable","12":"product-type-simple"},"acf":[],"_links":{"self":[{"href":"https:\/\/store.evolve-fitness.eu\/da\/wp-json\/wp\/v2\/product\/118848","targetHints":{"allow":["GET"]}}],"collection":[{"href":"https:\/\/store.evolve-fitness.eu\/da\/wp-json\/wp\/v2\/product"}],"about":[{"href":"https:\/\/store.evolve-fitness.eu\/da\/wp-json\/wp\/v2\/types\/product"}],"wp:featuredmedia":[{"embeddable":true,"href":"https:\/\/store.evolve-fitness.eu\/da\/wp-json\/wp\/v2\/media\/118871"}],"wp:attachment":[{"href":"https:\/\/store.evolve-fitness.eu\/da\/wp-json\/wp\/v2\/media?parent=118848"}],"wp:term":[{"taxonomy":"product_cat","embeddable":true,"href":"https:\/\/store.evolve-fitness.eu\/da\/wp-json\/wp\/v2\/product_cat?post=118848"},{"taxonomy":"product_tag","embeddable":true,"href":"https:\/\/store.evolve-fitness.eu\/da\/wp-json\/wp\/v2\/product_tag?post=118848"}],"curies":[{"name":"wp","href":"https:\/\/api.w.org\/{rel}","templated":true}]}}