{"id":118772,"date":"2025-03-19T13:05:09","date_gmt":"2025-03-19T13:05:09","guid":{"rendered":"https:\/\/store.evolve-fitness.eu\/?post_type=product&#038;p=118772"},"modified":"2026-03-13T12:01:47","modified_gmt":"2026-03-13T12:01:47","slug":"evolve-body-pump-rack-ev-rs-pr-200-4","status":"publish","type":"product","link":"https:\/\/store.evolve-fitness.eu\/da\/vare\/evolve-body-pump-rack-ev-rs-pr-200-4\/","title":{"rendered":"Evolve Body-Pump Rack, EV-RS-PR-200"},"content":{"rendered":"","protected":false},"excerpt":{"rendered":"<p>Hold dit tr\u00e6ningsrum p\u00e6nt og effektivt med Evolve Body Pump Rack. Dette stativ er designet til at rumme flere kropspumpes\u00e6t og sikrer nem adgang og organisering, hvilket g\u00f8r det til en vigtig tilf\u00f8jelse til ethvert motionscenter eller fitnesscenter. Den holdbare konstruktion og det pladsbesparende design giver mulighed for problemfri integration i ethvert tr\u00e6ningsmilj\u00f8 og hj\u00e6lper brugerne med at opretholde et ryddeligt og professionelt tr\u00e6ningsrum.<\/p>\n","protected":false},"featured_media":118795,"template":"","meta":{"_acf_changed":false,"inline_featured_image":false},"product_cat":[977,978],"product_tag":[],"class_list":{"0":"post-118772","1":"product","2":"type-product","3":"status-publish","4":"has-post-thumbnail","6":"product_cat-frie-vaegte","7":"product_cat-reoler-og-opbevaringslosninger","9":"first","10":"instock","11":"shipping-taxable","12":"purchasable","13":"product-type-simple"},"acf":[],"_links":{"self":[{"href":"https:\/\/store.evolve-fitness.eu\/da\/wp-json\/wp\/v2\/product\/118772","targetHints":{"allow":["GET"]}}],"collection":[{"href":"https:\/\/store.evolve-fitness.eu\/da\/wp-json\/wp\/v2\/product"}],"about":[{"href":"https:\/\/store.evolve-fitness.eu\/da\/wp-json\/wp\/v2\/types\/product"}],"wp:featuredmedia":[{"embeddable":true,"href":"https:\/\/store.evolve-fitness.eu\/da\/wp-json\/wp\/v2\/media\/118795"}],"wp:attachment":[{"href":"https:\/\/store.evolve-fitness.eu\/da\/wp-json\/wp\/v2\/media?parent=118772"}],"wp:term":[{"taxonomy":"product_cat","embeddable":true,"href":"https:\/\/store.evolve-fitness.eu\/da\/wp-json\/wp\/v2\/product_cat?post=118772"},{"taxonomy":"product_tag","embeddable":true,"href":"https:\/\/store.evolve-fitness.eu\/da\/wp-json\/wp\/v2\/product_tag?post=118772"}],"curies":[{"name":"wp","href":"https:\/\/api.w.org\/{rel}","templated":true}]}}