{"id":118344,"date":"2025-03-17T12:14:37","date_gmt":"2025-03-17T12:14:37","guid":{"rendered":"https:\/\/store.evolve-fitness.eu\/?post_type=product&#038;p=118344"},"modified":"2025-12-01T13:29:30","modified_gmt":"2025-12-01T13:29:30","slug":"evolve-econ-series-sissy-squat-3","status":"publish","type":"product","link":"https:\/\/store.evolve-fitness.eu\/da\/vare\/evolve-econ-series-sissy-squat-3\/","title":{"rendered":"Evolve Econ Series Sissy Squat Bench (EC-038)"},"content":{"rendered":"\n<section class=\"wp-block-group alignfull black-content has-white-color has-darkgray-background-color has-text-color has-background is-layout-constrained wp-block-group-is-layout-constrained\" style=\"padding-top:var(--wp--preset--spacing--section-bottom);padding-bottom:var(--wp--preset--spacing--section-bottom)\">\n<h3 class=\"wp-block-heading has-text-align-center\" style=\"margin-bottom:var(--wp--preset--spacing--tb-section-padding)\"><strong>\n  <strong>\n    <strong>EVOLVE <\/strong>\n  <\/strong>\n<\/strong>B\u00e6nke i Econ-serien<\/h3>\n\n\n\n<div class=\"wp-block-columns alignwide mobile-reverse is-layout-flex wp-container-core-columns-is-layout-ca64bf2d wp-block-columns-is-layout-flex\" style=\"margin-bottom:var(--wp--preset--spacing--side-padding)\">\n<div class=\"wp-block-column is-vertically-aligned-center is-layout-flow wp-block-column-is-layout-flow\">\n<h3 class=\"wp-block-heading\" style=\"margin-bottom:var(--wp--preset--spacing--h-3-bottom)\"><strong><strong><strong><strong><strong><strong>H\u00f8j kvalitet<\/strong><\/strong><\/strong><\/strong><\/strong><\/strong><\/h3>\n\n\n\n<p><strong><em><strong><strong><strong><strong>Holdbart design<\/strong><\/strong><\/strong><\/strong><\/em><\/strong><\/p>\n\n\n\n<p style=\"margin-bottom:var(--wp--preset--spacing--tb-section-padding)\">Vores fitnessb\u00e6nke er bygget til at holde, med en solid metalramme konstrueret af svejsede cirkul\u00e6re r\u00f8r. Den avancerede elektrostatiske spr\u00f8jteteknologi med termoh\u00e6rdende pulver giver ikke kun overfladen et slankt udseende, men giver ogs\u00e5 fremragende rustbeskyttelse. Uanset om du tr\u00e6ner hjemme eller i et professionelt fitnesscenter, er vores Evolve-b\u00e6nke designet til at opfylde dine behov. De er ogs\u00e5 perfekte til kommercielle fitnessfaciliteter p\u00e5 milit\u00e6rbaser, hoteller, vandrehjem og rehabiliteringscentre.<\/p>\n\n\n\n<h3 class=\"wp-block-heading\" style=\"margin-bottom:var(--wp--preset--spacing--h-3-bottom)\"><strong><strong><strong><strong><strong><strong><strong><strong>Justerbar b\u00e6nk til brystpres<\/strong><\/strong><\/strong><\/strong><\/strong><\/strong><\/strong><\/strong><\/h3>\n\n\n\n<p><strong><em><strong><strong><strong><strong><strong>Tilpas din overkropstr\u00e6ning<\/strong><\/strong><\/strong><\/strong><\/strong><\/em><\/strong><\/p>\n\n\n\n<p>Denne b\u00e6nk er konstrueret til at m\u00e5lrette bryst-, skulder- og tricepsmuskler med justerbare indstillinger til at im\u00f8dekomme skr\u00e5, flade og faldende positioner. Den er ideel til at udf\u00f8re en r\u00e6kke \u00f8velser som brystpres, skulderpres og meget mere, og dens ergonomiske design sikrer maksimal komfort og effektivitet. Med en robust konstruktion og et kompakt fodaftryk er denne b\u00e6nk den perfekte tilf\u00f8jelse til ethvert fitnessrum og leverer resultater uden at g\u00e5 p\u00e5 kompromis.  <\/p>\n<\/div>\n\n\n\n<div class=\"wp-block-column is-vertically-aligned-center is-layout-flow wp-block-column-is-layout-flow\">\n<figure class=\"wp-block-image size-full is-style-rounded\"><img decoding=\"async\" src=\"https:\/\/evolve-fitness.eu\/wp-content\/uploads\/2025\/01\/EV-BN-EC-086-Evolve-Econ-Series-Adjustable-Chest-Press-Bench.png\" alt=\"EV-BN-EC-086\" class=\"wp-image-172329\" style=\"object-fit:cover\"\/><\/figure>\n<\/div>\n<\/div>\n<\/section>\n","protected":false},"excerpt":{"rendered":"<p>Evolve Econ Series Sissy Squat Bench er en kompakt, men kraftfuld tr\u00e6ningsmaskine til underkroppen, der er designet til at forbedre quad-udvikling, styrke core-stabilitet og forbedre funktionelle bev\u00e6gelser. Dette udstyr er ideelt til at opbygge eksplosiv benstyrke og er perfekt til atleter, fitnessentusiaster og rehabiliteringstr\u00e6ning. Uanset om den bruges til squats med kropsv\u00e6gt eller v\u00e6gtede variationer, isolerer Sissy Squat effektivt quadriceps, hvilket g\u00f8r den til et must-have for alle, der \u00f8nsker at forfine deres bentr\u00e6ning.  <\/p>\n","protected":false},"featured_media":130736,"template":"","meta":{"_acf_changed":false,"inline_featured_image":false},"product_cat":[1230,1324],"product_tag":[],"class_list":{"0":"post-118344","1":"product","2":"type-product","3":"status-publish","4":"has-post-thumbnail","6":"product_cat-baenke","7":"product_cat-baenke-i-econ-serien","9":"first","10":"outofstock","11":"shipping-taxable","12":"purchasable","13":"product-type-simple"},"acf":[],"_links":{"self":[{"href":"https:\/\/store.evolve-fitness.eu\/da\/wp-json\/wp\/v2\/product\/118344","targetHints":{"allow":["GET"]}}],"collection":[{"href":"https:\/\/store.evolve-fitness.eu\/da\/wp-json\/wp\/v2\/product"}],"about":[{"href":"https:\/\/store.evolve-fitness.eu\/da\/wp-json\/wp\/v2\/types\/product"}],"wp:featuredmedia":[{"embeddable":true,"href":"https:\/\/store.evolve-fitness.eu\/da\/wp-json\/wp\/v2\/media\/130736"}],"wp:attachment":[{"href":"https:\/\/store.evolve-fitness.eu\/da\/wp-json\/wp\/v2\/media?parent=118344"}],"wp:term":[{"taxonomy":"product_cat","embeddable":true,"href":"https:\/\/store.evolve-fitness.eu\/da\/wp-json\/wp\/v2\/product_cat?post=118344"},{"taxonomy":"product_tag","embeddable":true,"href":"https:\/\/store.evolve-fitness.eu\/da\/wp-json\/wp\/v2\/product_tag?post=118344"}],"curies":[{"name":"wp","href":"https:\/\/api.w.org\/{rel}","templated":true}]}}