{"id":118159,"date":"2025-03-12T10:52:42","date_gmt":"2025-03-12T10:52:42","guid":{"rendered":"https:\/\/store.evolve-fitness.eu\/?post_type=product&#038;p=118159"},"modified":"2026-01-14T12:00:44","modified_gmt":"2026-01-14T12:00:44","slug":"evolve-prime-series-pladelaesset-smith-maskine","status":"publish","type":"product","link":"https:\/\/store.evolve-fitness.eu\/da\/vare\/evolve-prime-series-pladelaesset-smith-maskine\/","title":{"rendered":"Evolve Prime Series pladel\u00e6sset Smith-maskine"},"content":{"rendered":"\n<section class=\"wp-block-group alignfull black-content has-white-color has-darkgray-background-color has-text-color has-background is-layout-constrained wp-block-group-is-layout-constrained\" style=\"padding-top:var(--wp--preset--spacing--section-bottom);padding-bottom:var(--wp--preset--spacing--section-bottom)\">\n<h3 class=\"wp-block-heading has-text-align-center\"><strong><strong>EVOLVE PLADEBELASTET PRIME-SERIE<\/strong><\/strong><\/h3>\n\n\n\n<p>Med Evolve Plate Loaded Prime Series er ekspertise standarden. L\u00f8ft din styrketr\u00e6ning med maskiner, der er designet til komfort, holdbarhed og ydeevne. Udforsk hele serien i dag, og omdefiner din fitnessrejse.  <\/p>\n\n\n\n<section class=\"wp-block-group alignfull black-content has-white-color has-darkgray-background-color has-text-color has-background is-layout-constrained wp-block-group-is-layout-constrained\" style=\"padding-top:var(--wp--preset--spacing--section-bottom);padding-bottom:var(--wp--preset--spacing--section-bottom)\">\n<div class=\"wp-block-columns alignwide mobile-reverse is-layout-flex wp-container-core-columns-is-layout-ca64bf2d wp-block-columns-is-layout-flex\" style=\"margin-bottom:var(--wp--preset--spacing--side-padding)\">\n<div class=\"wp-block-column is-vertically-aligned-center is-layout-flow wp-block-column-is-layout-flow\">\n<h3 class=\"wp-block-heading\" style=\"margin-bottom:var(--wp--preset--spacing--h-3-bottom)\"><strong><strong><strong><strong><strong><strong><strong><strong><strong>Evolve Prime Series pladel\u00e6sset Smith-maskine<\/strong><\/strong><\/strong><\/strong><\/strong><\/strong><\/strong><\/strong><\/strong><\/h3>\n\n\n\n<p><strong><em><strong><strong><strong>Alsidig og sikker styrketr\u00e6ning for maksimal pr\u00e6station<\/strong><\/strong><\/strong><\/em><\/strong><\/p>\n\n\n\n<p style=\"margin-bottom:var(--wp--preset--spacing--tb-section-padding)\"><strong>Evolve Prime Series Plate Loaded Smith Machine<\/strong> er designet til at give et kontrolleret og stabilt milj\u00f8 til styrketr\u00e6ning, s\u00e5 brugerne kan udf\u00f8re en r\u00e6kke forskellige \u00f8velser med \u00f8get sikkerhed og effektivitet. Med en j\u00e6vn, styret v\u00e6gtstangsbane, holdbar konstruktion og et pladebelastet modstandssystem sikrer denne maskine korrekt biomekanik og minimerer samtidig risikoen for skader. Den er ideel til squats, presses, lunges og meget mere og underst\u00f8tter progressiv overbelastning og muskeludvikling p\u00e5 alle fitnessniveauer.  <\/p>\n\n\n\n<h3 class=\"wp-block-heading\" style=\"margin-bottom:var(--wp--preset--spacing--h-3-bottom)\"><strong><strong><strong><strong><strong><strong><strong><strong>Maksimer styrken med kontrollerede bev\u00e6gelser<\/strong><\/strong><\/strong><\/strong><\/strong><\/strong><\/strong><\/strong><\/h3>\n\n\n\n<p><strong><em><strong><strong><strong>Smooth Glide System til sikker og effektiv tr\u00e6ning<\/strong><\/strong><\/strong><\/em><\/strong><\/p>\n\n\n\n<p><strong>Evolve Prime Series Plate Loaded Smith Machine<\/strong> giver en problemfri l\u00f8fteoplevelse med sine pr\u00e6cisionskonstruerede styreskinner, der sikrer en j\u00e6vn og ensartet bev\u00e6gelse. Flere sikkerhedsstop giver mulighed for sikre l\u00f8ft uden behov for en spotter, hvilket g\u00f8r den til et fremragende v\u00e6rkt\u00f8j til solotr\u00e6ning. Den kraftige ramme forbedrer stabiliteten, mens det pladebelastede system giver brugerdefineret modstand til skr\u00e6ddersyede tr\u00e6ningsprogrammer. Uanset om du fokuserer p\u00e5 muskelopbygning, udholdenhed eller genoptr\u00e6ning, leverer denne Smith-maskine en p\u00e5lidelig og effektiv styrketr\u00e6ningsl\u00f8sning.   <\/p>\n<\/div>\n\n\n\n<div class=\"wp-block-column is-vertically-aligned-center is-layout-flow wp-block-column-is-layout-flow\">\n<figure class=\"wp-block-image size-large\"><img loading=\"lazy\" decoding=\"async\" width=\"1024\" height=\"1024\" src=\"https:\/\/store.evolve-fitness.eu\/wp-content\/uploads\/2025\/03\/EV-PL-PR-116-Evolve-Prime-Series-Plate-Loaded-Smith-Machine-Recovered-1024x1024.png\" alt=\"\" class=\"wp-image-118178\" srcset=\"https:\/\/store.evolve-fitness.eu\/wp-content\/uploads\/2025\/03\/EV-PL-PR-116-Evolve-Prime-Series-Plate-Loaded-Smith-Machine-Recovered-1024x1024.png 1024w, https:\/\/store.evolve-fitness.eu\/wp-content\/uploads\/2025\/03\/EV-PL-PR-116-Evolve-Prime-Series-Plate-Loaded-Smith-Machine-Recovered-300x300.png 300w, https:\/\/store.evolve-fitness.eu\/wp-content\/uploads\/2025\/03\/EV-PL-PR-116-Evolve-Prime-Series-Plate-Loaded-Smith-Machine-Recovered-150x150.png 150w, https:\/\/store.evolve-fitness.eu\/wp-content\/uploads\/2025\/03\/EV-PL-PR-116-Evolve-Prime-Series-Plate-Loaded-Smith-Machine-Recovered-768x768.png 768w, https:\/\/store.evolve-fitness.eu\/wp-content\/uploads\/2025\/03\/EV-PL-PR-116-Evolve-Prime-Series-Plate-Loaded-Smith-Machine-Recovered-1536x1536.png 1536w, https:\/\/store.evolve-fitness.eu\/wp-content\/uploads\/2025\/03\/EV-PL-PR-116-Evolve-Prime-Series-Plate-Loaded-Smith-Machine-Recovered-2048x2048.png 2048w, https:\/\/store.evolve-fitness.eu\/wp-content\/uploads\/2025\/03\/EV-PL-PR-116-Evolve-Prime-Series-Plate-Loaded-Smith-Machine-Recovered-600x600.png 600w, https:\/\/store.evolve-fitness.eu\/wp-content\/uploads\/2025\/03\/EV-PL-PR-116-Evolve-Prime-Series-Plate-Loaded-Smith-Machine-Recovered-100x100.png 100w\" sizes=\"auto, (max-width: 1024px) 100vw, 1024px\" \/><\/figure>\n<\/div>\n<\/div>\n<\/section>\n<\/section>\n","protected":false},"excerpt":{"rendered":"<p>Evolve Prime Series Plate Loaded Smith Machine er designet til at give et kontrolleret og stabilt milj\u00f8 til styrketr\u00e6ning, s\u00e5 brugerne kan udf\u00f8re en r\u00e6kke forskellige \u00f8velser med \u00f8get sikkerhed og effektivitet. Med en j\u00e6vn, styret v\u00e6gtstangsbane, holdbar konstruktion og et pladebelastet modstandssystem sikrer denne maskine korrekt biomekanik og minimerer samtidig risikoen for skader. Den er ideel til squats, presses, lunges og meget mere og underst\u00f8tter progressiv overbelastning og muskeludvikling p\u00e5 alle fitnessniveauer.  <\/p>\n","protected":false},"featured_media":118207,"template":"","meta":{"_acf_changed":false,"inline_featured_image":false},"product_cat":[748,1199],"product_tag":[],"class_list":{"0":"post-118159","1":"product","2":"type-product","3":"status-publish","4":"has-post-thumbnail","6":"product_cat-pladebelastede-maskiner","7":"product_cat-prime-series-pladelaesset","9":"first","10":"outofstock","11":"shipping-taxable","12":"purchasable","13":"product-type-simple"},"acf":[],"_links":{"self":[{"href":"https:\/\/store.evolve-fitness.eu\/da\/wp-json\/wp\/v2\/product\/118159","targetHints":{"allow":["GET"]}}],"collection":[{"href":"https:\/\/store.evolve-fitness.eu\/da\/wp-json\/wp\/v2\/product"}],"about":[{"href":"https:\/\/store.evolve-fitness.eu\/da\/wp-json\/wp\/v2\/types\/product"}],"wp:featuredmedia":[{"embeddable":true,"href":"https:\/\/store.evolve-fitness.eu\/da\/wp-json\/wp\/v2\/media\/118207"}],"wp:attachment":[{"href":"https:\/\/store.evolve-fitness.eu\/da\/wp-json\/wp\/v2\/media?parent=118159"}],"wp:term":[{"taxonomy":"product_cat","embeddable":true,"href":"https:\/\/store.evolve-fitness.eu\/da\/wp-json\/wp\/v2\/product_cat?post=118159"},{"taxonomy":"product_tag","embeddable":true,"href":"https:\/\/store.evolve-fitness.eu\/da\/wp-json\/wp\/v2\/product_tag?post=118159"}],"curies":[{"name":"wp","href":"https:\/\/api.w.org\/{rel}","templated":true}]}}