{"id":118059,"date":"2025-03-12T09:32:47","date_gmt":"2025-03-12T09:32:47","guid":{"rendered":"https:\/\/store.evolve-fitness.eu\/?post_type=product&#038;p=118059"},"modified":"2026-01-14T12:00:43","modified_gmt":"2026-01-14T12:00:43","slug":"evolve-prime-series-plate-loaded-lateral-raise-3","status":"publish","type":"product","link":"https:\/\/store.evolve-fitness.eu\/da\/vare\/evolve-prime-series-plate-loaded-lateral-raise-3\/","title":{"rendered":"Evolve Prime Series Plate Loaded Lateral Raise"},"content":{"rendered":"\n<section class=\"wp-block-group alignfull black-content has-white-color has-darkgray-background-color has-text-color has-background is-layout-constrained wp-block-group-is-layout-constrained\" style=\"padding-top:var(--wp--preset--spacing--section-bottom);padding-bottom:var(--wp--preset--spacing--section-bottom)\">\n<h3 class=\"wp-block-heading has-text-align-center\"><strong><strong>EVOLVE PLADEBELASTET PRIME-SERIE<\/strong><\/strong><\/h3>\n\n\n\n<p>Med Evolve Plate Loaded Prime Series er ekspertise standarden. L\u00f8ft din styrketr\u00e6ning med maskiner, der er designet til komfort, holdbarhed og ydeevne. Udforsk hele serien i dag, og omdefiner din fitnessrejse.  <\/p>\n\n\n\n<section class=\"wp-block-group alignfull black-content has-white-color has-darkgray-background-color has-text-color has-background is-layout-constrained wp-block-group-is-layout-constrained\" style=\"padding-top:var(--wp--preset--spacing--section-bottom);padding-bottom:var(--wp--preset--spacing--section-bottom)\">\n<div class=\"wp-block-columns alignwide mobile-reverse is-layout-flex wp-container-core-columns-is-layout-ca64bf2d wp-block-columns-is-layout-flex\" style=\"margin-bottom:var(--wp--preset--spacing--side-padding)\">\n<div class=\"wp-block-column is-vertically-aligned-center is-layout-flow wp-block-column-is-layout-flow\">\n<h3 class=\"wp-block-heading\" style=\"margin-bottom:var(--wp--preset--spacing--h-3-bottom)\"><strong><strong><strong><strong><strong><strong><strong>Evolve Prime Series Plate Loaded Lateral Raise<\/strong><\/strong><\/strong><\/strong><\/strong><\/strong><\/strong><\/h3>\n\n\n\n<p><strong><em><strong><strong>M\u00e5lret og styrk dine skuldre med pr\u00e6cision<\/strong><\/strong><\/em><\/strong><\/p>\n\n\n\n<p style=\"margin-bottom:var(--wp--preset--spacing--tb-section-padding)\"><strong>Evolve Prime Series Plate Loaded Lateral Raise<\/strong> er designet til at isolere og udvikle de laterale deltamuskler og \u00f8ge skulderbredden og -styrken med kontrolleret modstand. Med et ergonomisk s\u00e6de, justerbare armpuder og et glat pladebelastet modstandssystem sikrer denne maskine korrekt biomekanik for effektiv muskelaktivering. Dens robuste konstruktion og flydende bev\u00e6gelse g\u00f8r den til en vigtig tilf\u00f8jelse til ethvert tr\u00e6ningscenter for brugere, der \u00f8nsker at forbedre skulderdefinitionen og den generelle styrke i overkroppen.  <\/p>\n\n\n\n<h3 class=\"wp-block-heading\" style=\"margin-bottom:var(--wp--preset--spacing--h-3-bottom)\"><strong><strong><strong><strong><strong><strong><strong>Opn\u00e5 bredere og st\u00e6rkere skuldre<\/strong><\/strong><\/strong><\/strong><\/strong><\/strong><\/strong><\/h3>\n\n\n\n<p><strong><em><strong><strong>J\u00e6vn og kontrolleret bev\u00e6gelse for maksimal deltoid-engagement<\/strong><\/strong><\/em><\/strong><\/p>\n\n\n\n<p><strong>Evolve Prime Series Plate Loaded Lateral Raise<\/strong> giver en guidet bev\u00e6gelsesbane, der eliminerer momentum, hvilket giver mulighed for streng form og konsekvent sp\u00e6nding p\u00e5 deltamusklerne. Det pladebelastede system muligg\u00f8r progressiv overbelastning, hvilket g\u00f8r den velegnet til alle fitnessniveauer. Med det ergonomiske design kan brugerne tr\u00e6ne komfortabelt og samtidig sikre optimal muskelaktivering. Uanset om du sigter mod \u00e6stetisk skulderudvikling eller forbedret atletisk pr\u00e6station, leverer denne maskine en meget effektiv og effektiv lateral raise-tr\u00e6ning.   <\/p>\n<\/div>\n\n\n\n<div class=\"wp-block-column is-vertically-aligned-center is-layout-flow wp-block-column-is-layout-flow\">\n<figure class=\"wp-block-image size-large\"><img loading=\"lazy\" decoding=\"async\" width=\"1024\" height=\"1024\" src=\"https:\/\/store.evolve-fitness.eu\/wp-content\/uploads\/2025\/03\/EV-PL-PR-115-Evolve-Prime-Series-Plate-Loaded-Lateral-Raise-Recovered-2-1024x1024.png\" alt=\"\" class=\"wp-image-121641\" srcset=\"https:\/\/store.evolve-fitness.eu\/wp-content\/uploads\/2025\/03\/EV-PL-PR-115-Evolve-Prime-Series-Plate-Loaded-Lateral-Raise-Recovered-2-1024x1024.png 1024w, https:\/\/store.evolve-fitness.eu\/wp-content\/uploads\/2025\/03\/EV-PL-PR-115-Evolve-Prime-Series-Plate-Loaded-Lateral-Raise-Recovered-2-300x300.png 300w, https:\/\/store.evolve-fitness.eu\/wp-content\/uploads\/2025\/03\/EV-PL-PR-115-Evolve-Prime-Series-Plate-Loaded-Lateral-Raise-Recovered-2-150x150.png 150w, https:\/\/store.evolve-fitness.eu\/wp-content\/uploads\/2025\/03\/EV-PL-PR-115-Evolve-Prime-Series-Plate-Loaded-Lateral-Raise-Recovered-2-768x768.png 768w, https:\/\/store.evolve-fitness.eu\/wp-content\/uploads\/2025\/03\/EV-PL-PR-115-Evolve-Prime-Series-Plate-Loaded-Lateral-Raise-Recovered-2-1536x1536.png 1536w, https:\/\/store.evolve-fitness.eu\/wp-content\/uploads\/2025\/03\/EV-PL-PR-115-Evolve-Prime-Series-Plate-Loaded-Lateral-Raise-Recovered-2-2048x2048.png 2048w, https:\/\/store.evolve-fitness.eu\/wp-content\/uploads\/2025\/03\/EV-PL-PR-115-Evolve-Prime-Series-Plate-Loaded-Lateral-Raise-Recovered-2-600x600.png 600w, https:\/\/store.evolve-fitness.eu\/wp-content\/uploads\/2025\/03\/EV-PL-PR-115-Evolve-Prime-Series-Plate-Loaded-Lateral-Raise-Recovered-2-100x100.png 100w\" sizes=\"auto, (max-width: 1024px) 100vw, 1024px\" \/><\/figure>\n<\/div>\n<\/div>\n<\/section>\n<\/section>\n","protected":false},"excerpt":{"rendered":"<p>Evolve Prime Series Plate Loaded Lateral Raise er designet til at isolere og udvikle de laterale deltamuskler og \u00f8ge skulderbredden og -styrken med kontrolleret modstand. Med et ergonomisk s\u00e6de, justerbare armpuder og et glat pladebelastet modstandssystem sikrer denne maskine korrekt biomekanik for effektiv muskelaktivering. Dens robuste konstruktion og flydende bev\u00e6gelse g\u00f8r den til en vigtig tilf\u00f8jelse til ethvert tr\u00e6ningscenter for brugere, der \u00f8nsker at forbedre skulderdefinitionen og den generelle styrke i overkroppen.  <\/p>\n","protected":false},"featured_media":121670,"template":"","meta":{"_acf_changed":false,"inline_featured_image":false},"product_cat":[748,1199],"product_tag":[],"class_list":{"0":"post-118059","1":"product","2":"type-product","3":"status-publish","4":"has-post-thumbnail","6":"product_cat-pladebelastede-maskiner","7":"product_cat-prime-series-pladelaesset","9":"first","10":"instock","11":"shipping-taxable","12":"purchasable","13":"product-type-simple"},"acf":[],"_links":{"self":[{"href":"https:\/\/store.evolve-fitness.eu\/da\/wp-json\/wp\/v2\/product\/118059","targetHints":{"allow":["GET"]}}],"collection":[{"href":"https:\/\/store.evolve-fitness.eu\/da\/wp-json\/wp\/v2\/product"}],"about":[{"href":"https:\/\/store.evolve-fitness.eu\/da\/wp-json\/wp\/v2\/types\/product"}],"wp:featuredmedia":[{"embeddable":true,"href":"https:\/\/store.evolve-fitness.eu\/da\/wp-json\/wp\/v2\/media\/121670"}],"wp:attachment":[{"href":"https:\/\/store.evolve-fitness.eu\/da\/wp-json\/wp\/v2\/media?parent=118059"}],"wp:term":[{"taxonomy":"product_cat","embeddable":true,"href":"https:\/\/store.evolve-fitness.eu\/da\/wp-json\/wp\/v2\/product_cat?post=118059"},{"taxonomy":"product_tag","embeddable":true,"href":"https:\/\/store.evolve-fitness.eu\/da\/wp-json\/wp\/v2\/product_tag?post=118059"}],"curies":[{"name":"wp","href":"https:\/\/api.w.org\/{rel}","templated":true}]}}