{"id":117934,"date":"2025-03-12T09:26:26","date_gmt":"2025-03-12T09:26:26","guid":{"rendered":"https:\/\/store.evolve-fitness.eu\/?post_type=product&#038;p=117934"},"modified":"2025-04-04T06:08:08","modified_gmt":"2025-04-04T06:08:08","slug":"evolve-prime-series-pladebelastet-hack-squat","status":"publish","type":"product","link":"https:\/\/store.evolve-fitness.eu\/da\/vare\/evolve-prime-series-pladebelastet-hack-squat\/","title":{"rendered":"Evolve Prime Series pladebelastet hack squat"},"content":{"rendered":"\n<section class=\"wp-block-group alignfull black-content has-white-color has-darkgray-background-color has-text-color has-background is-layout-constrained wp-block-group-is-layout-constrained\" style=\"padding-top:var(--wp--preset--spacing--section-bottom);padding-bottom:var(--wp--preset--spacing--section-bottom)\">\n<h3 class=\"wp-block-heading has-text-align-center\"><strong><strong>EVOLVE PLADEBELASTET PRIME-SERIE<\/strong><\/strong><\/h3>\n\n\n\n<p>Med Evolve Plate Loaded Prime Series er ekspertise standarden. L\u00f8ft din styrketr\u00e6ning med maskiner, der er designet til komfort, holdbarhed og ydeevne. Udforsk hele serien i dag, og omdefiner din fitnessrejse.  <\/p>\n\n\n\n<section class=\"wp-block-group alignfull black-content has-white-color has-darkgray-background-color has-text-color has-background is-layout-constrained wp-block-group-is-layout-constrained\" style=\"padding-top:var(--wp--preset--spacing--section-bottom);padding-bottom:var(--wp--preset--spacing--section-bottom)\">\n<div class=\"wp-block-columns alignwide mobile-reverse is-layout-flex wp-container-core-columns-is-layout-ca64bf2d wp-block-columns-is-layout-flex\" style=\"margin-bottom:var(--wp--preset--spacing--side-padding)\">\n<div class=\"wp-block-column is-vertically-aligned-center is-layout-flow wp-block-column-is-layout-flow\">\n<h3 class=\"wp-block-heading\" style=\"margin-bottom:var(--wp--preset--spacing--h-3-bottom)\"><strong><strong><strong><strong><strong><strong>Evolve Prime Series pladebelastet hack squat<\/strong><\/strong><\/strong><\/strong><\/strong><\/strong><\/h3>\n\n\n\n<p><strong><em><strong>Maksimer benkraften med kontrolleret og effektiv squat-tr\u00e6ning<\/strong><\/em><\/strong><\/p>\n\n\n\n<p style=\"margin-bottom:var(--wp--preset--spacing--tb-section-padding)\"><strong>Evolve Prime Series Plate Loaded Hack Squat<\/strong> er designet til at give en biomekanisk optimeret tr\u00e6ning af underkroppen, der er m\u00e5lrettet quads, glutes og hamstrings med en j\u00e6vn og kontrolleret bev\u00e6gelse. Med en vinklet fodplade, ergonomisk rygst\u00f8tte og et pladebelastet modstandssystem sikrer denne maskine korrekt squat-mekanik, samtidig med at den reducerer belastningen p\u00e5 l\u00e6nden og leddene. Den er bygget med henblik p\u00e5 holdbarhed og stabilitet og giver brugerne mulighed for sikkert at skubbe deres gr\u00e6nser, hvilket g\u00f8r den til et vigtigt redskab til udvikling af styrke og muskelmasse i underkroppen.  <\/p>\n\n\n\n<h3 class=\"wp-block-heading\" style=\"margin-bottom:var(--wp--preset--spacing--h-3-bottom)\"><strong><strong><strong><strong><strong><strong>Forbedre benenes udvikling med pr\u00e6cisionsmodstand<\/strong><\/strong><\/strong><\/strong><\/strong><\/strong><\/h3>\n\n\n\n<p><strong><em><strong>Ergonomisk design for sikker og effektiv tr\u00e6ning<\/strong><\/em><\/strong><\/p>\n\n\n\n<p><strong>Evolve Prime Series Plate Loaded Hack Squat<\/strong> underst\u00f8tter et fuldt bev\u00e6gelsesomr\u00e5de med en guidet bev\u00e6gelsesbane, der sikrer ensartet modstand og korrekt form. Det pladebelastede system giver mulighed for progressiv overbelastning og henvender sig til b\u00e5de begyndere og avancerede l\u00f8ftere. Den vinklede fodplatform fremmer stabiliteten i kn\u00e6 og ankler, mens den polstrede rygst\u00f8tte \u00f8ger komforten og kontrollen under tunge l\u00f8ft. Uanset om du fokuserer p\u00e5 muskelhypertrofi, atletisk pr\u00e6station eller generel benstyrke, leverer denne maskine en yderst effektiv squat-tr\u00e6ning.   <\/p>\n<\/div>\n\n\n\n<div class=\"wp-block-column is-vertically-aligned-center is-layout-flow wp-block-column-is-layout-flow\">\n<figure class=\"wp-block-image size-large\"><img loading=\"lazy\" decoding=\"async\" width=\"1024\" height=\"1024\" src=\"https:\/\/store.evolve-fitness.eu\/wp-content\/uploads\/2025\/03\/EV-PL-PR-114-Evolve-Prime-Series-Plate-Loaded-Hack-Squat-Recovered-2-1024x1024.png\" alt=\"\" class=\"wp-image-118028\" srcset=\"https:\/\/store.evolve-fitness.eu\/wp-content\/uploads\/2025\/03\/EV-PL-PR-114-Evolve-Prime-Series-Plate-Loaded-Hack-Squat-Recovered-2-1024x1024.png 1024w, https:\/\/store.evolve-fitness.eu\/wp-content\/uploads\/2025\/03\/EV-PL-PR-114-Evolve-Prime-Series-Plate-Loaded-Hack-Squat-Recovered-2-300x300.png 300w, https:\/\/store.evolve-fitness.eu\/wp-content\/uploads\/2025\/03\/EV-PL-PR-114-Evolve-Prime-Series-Plate-Loaded-Hack-Squat-Recovered-2-150x150.png 150w, https:\/\/store.evolve-fitness.eu\/wp-content\/uploads\/2025\/03\/EV-PL-PR-114-Evolve-Prime-Series-Plate-Loaded-Hack-Squat-Recovered-2-768x768.png 768w, https:\/\/store.evolve-fitness.eu\/wp-content\/uploads\/2025\/03\/EV-PL-PR-114-Evolve-Prime-Series-Plate-Loaded-Hack-Squat-Recovered-2-1536x1536.png 1536w, https:\/\/store.evolve-fitness.eu\/wp-content\/uploads\/2025\/03\/EV-PL-PR-114-Evolve-Prime-Series-Plate-Loaded-Hack-Squat-Recovered-2-2048x2048.png 2048w, https:\/\/store.evolve-fitness.eu\/wp-content\/uploads\/2025\/03\/EV-PL-PR-114-Evolve-Prime-Series-Plate-Loaded-Hack-Squat-Recovered-2-600x600.png 600w, https:\/\/store.evolve-fitness.eu\/wp-content\/uploads\/2025\/03\/EV-PL-PR-114-Evolve-Prime-Series-Plate-Loaded-Hack-Squat-Recovered-2-100x100.png 100w\" sizes=\"auto, (max-width: 1024px) 100vw, 1024px\" \/><\/figure>\n<\/div>\n<\/div>\n<\/section>\n<\/section>\n","protected":false},"excerpt":{"rendered":"<p>Evolve Prime Series Plate Loaded Hack Squat er designet til at give en biomekanisk optimeret tr\u00e6ning af underkroppen, der er m\u00e5lrettet quads, glutes og hamstrings med en j\u00e6vn og kontrolleret bev\u00e6gelse. Med en vinklet fodplade, ergonomisk rygst\u00f8tte og et pladebelastet modstandssystem sikrer denne maskine korrekt squat-mekanik, samtidig med at den reducerer belastningen p\u00e5 l\u00e6nden og leddene. Den er bygget med henblik p\u00e5 holdbarhed og stabilitet og giver brugerne mulighed for sikkert at skubbe deres gr\u00e6nser, hvilket g\u00f8r den til et vigtigt redskab til udvikling af styrke og muskelmasse i underkroppen.  <\/p>\n","protected":false},"featured_media":118007,"template":"","meta":{"_acf_changed":false,"inline_featured_image":false},"product_cat":[748,1199],"product_tag":[],"class_list":{"0":"post-117934","1":"product","2":"type-product","3":"status-publish","4":"has-post-thumbnail","6":"product_cat-pladebelastede-maskiner","7":"product_cat-prime-series-pladelaesset","9":"first","10":"instock","11":"shipping-taxable","12":"purchasable","13":"product-type-simple"},"acf":[],"_links":{"self":[{"href":"https:\/\/store.evolve-fitness.eu\/da\/wp-json\/wp\/v2\/product\/117934","targetHints":{"allow":["GET"]}}],"collection":[{"href":"https:\/\/store.evolve-fitness.eu\/da\/wp-json\/wp\/v2\/product"}],"about":[{"href":"https:\/\/store.evolve-fitness.eu\/da\/wp-json\/wp\/v2\/types\/product"}],"wp:featuredmedia":[{"embeddable":true,"href":"https:\/\/store.evolve-fitness.eu\/da\/wp-json\/wp\/v2\/media\/118007"}],"wp:attachment":[{"href":"https:\/\/store.evolve-fitness.eu\/da\/wp-json\/wp\/v2\/media?parent=117934"}],"wp:term":[{"taxonomy":"product_cat","embeddable":true,"href":"https:\/\/store.evolve-fitness.eu\/da\/wp-json\/wp\/v2\/product_cat?post=117934"},{"taxonomy":"product_tag","embeddable":true,"href":"https:\/\/store.evolve-fitness.eu\/da\/wp-json\/wp\/v2\/product_tag?post=117934"}],"curies":[{"name":"wp","href":"https:\/\/api.w.org\/{rel}","templated":true}]}}