{"id":117808,"date":"2025-03-12T09:13:10","date_gmt":"2025-03-12T09:13:10","guid":{"rendered":"https:\/\/store.evolve-fitness.eu\/?post_type=product&#038;p=117808"},"modified":"2025-04-04T06:09:06","modified_gmt":"2025-04-04T06:09:06","slug":"evolve-prime-series-pladebelastet-benpres-ny-model","status":"publish","type":"product","link":"https:\/\/store.evolve-fitness.eu\/da\/vare\/evolve-prime-series-pladebelastet-benpres-ny-model\/","title":{"rendered":"Evolve Prime Series pladebelastet benpres Ny model"},"content":{"rendered":"\n<section class=\"wp-block-group alignfull black-content has-white-color has-darkgray-background-color has-text-color has-background is-layout-constrained wp-block-group-is-layout-constrained\" style=\"padding-top:var(--wp--preset--spacing--section-bottom);padding-bottom:var(--wp--preset--spacing--section-bottom)\">\n<h3 class=\"wp-block-heading has-text-align-center\"><strong><strong>EVOLVE PLADEBELASTET PRIME-SERIE<\/strong><\/strong><\/h3>\n\n\n\n<p>Med Evolve Plate Loaded Prime Series er ekspertise standarden. L\u00f8ft din styrketr\u00e6ning med maskiner, der er designet til komfort, holdbarhed og ydeevne. Udforsk hele serien i dag, og omdefiner din fitnessrejse.  <\/p>\n\n\n\n<section class=\"wp-block-group alignfull black-content has-white-color has-darkgray-background-color has-text-color has-background is-layout-constrained wp-block-group-is-layout-constrained\" style=\"padding-top:var(--wp--preset--spacing--section-bottom);padding-bottom:var(--wp--preset--spacing--section-bottom)\">\n<div class=\"wp-block-columns alignwide mobile-reverse is-layout-flex wp-container-core-columns-is-layout-ca64bf2d wp-block-columns-is-layout-flex\" style=\"margin-bottom:var(--wp--preset--spacing--side-padding)\">\n<div class=\"wp-block-column is-vertically-aligned-center is-layout-flow wp-block-column-is-layout-flow\">\n<h3 class=\"wp-block-heading\" style=\"margin-bottom:var(--wp--preset--spacing--h-3-bottom)\"><strong><strong><strong><strong><strong>Omfattende udnyttelsesmuligheder<\/strong><\/strong><\/strong><\/strong><\/strong><\/h3>\n\n\n\n<p><strong><em>Omfattende tr\u00e6ning af underkroppen<\/em><\/strong><\/p>\n\n\n\n<p style=\"margin-bottom:var(--wp--preset--spacing--tb-section-padding)\">Evolve Prime Series Plate Loaded Leg Press er designet til at tr\u00e6ne vigtige muskelgrupper, herunder quadriceps, hamstrings, baller og l\u00e6gge. Det \u00e5bne rammedesign giver mulighed for glidende overgange mellem forskellige tr\u00e6ningsprogrammer, hvilket forbedrer den samlede tr\u00e6ningsoplevelse. <\/p>\n\n\n\n<h3 class=\"wp-block-heading\" style=\"margin-bottom:var(--wp--preset--spacing--h-3-bottom)\"><strong><strong><strong><strong><strong>F\u00f8rsteklasses funktioner<\/strong><\/strong><\/strong><\/strong><\/strong><\/h3>\n\n\n\n<p><strong><em>Bygget til udholdenhed og effektivitet<\/em><\/strong><\/p>\n\n\n\n<p>Denne benpres har materialer af h\u00f8j kvalitet, f.eks. kraftigt stof og hardware i rustfrit st\u00e5l, der sikrer langvarig brug. Den elektrostatiske spr\u00f8jteteknologi med termoh\u00e6rdende pulver giver en holdbar finish, der bevarer udstyrets udseende over tid. Derudover hj\u00e6lper de integrerede opbevaringspinde til v\u00e6gtskiver med at holde dit tr\u00e6ningsomr\u00e5de organiseret og effektivt.  <\/p>\n<\/div>\n\n\n\n<div class=\"wp-block-column is-vertically-aligned-center is-layout-flow wp-block-column-is-layout-flow\">\n<figure class=\"wp-block-image size-large\"><img loading=\"lazy\" decoding=\"async\" width=\"1024\" height=\"1024\" src=\"https:\/\/store.evolve-fitness.eu\/wp-content\/uploads\/2025\/03\/EV-PL-PR-091-Evolve-Prime-Series-Plate-Loaded-Leg-Press-Recovered-3-1024x1024.png\" alt=\"\" class=\"wp-image-121564\" srcset=\"https:\/\/store.evolve-fitness.eu\/wp-content\/uploads\/2025\/03\/EV-PL-PR-091-Evolve-Prime-Series-Plate-Loaded-Leg-Press-Recovered-3-1024x1024.png 1024w, https:\/\/store.evolve-fitness.eu\/wp-content\/uploads\/2025\/03\/EV-PL-PR-091-Evolve-Prime-Series-Plate-Loaded-Leg-Press-Recovered-3-300x300.png 300w, https:\/\/store.evolve-fitness.eu\/wp-content\/uploads\/2025\/03\/EV-PL-PR-091-Evolve-Prime-Series-Plate-Loaded-Leg-Press-Recovered-3-150x150.png 150w, https:\/\/store.evolve-fitness.eu\/wp-content\/uploads\/2025\/03\/EV-PL-PR-091-Evolve-Prime-Series-Plate-Loaded-Leg-Press-Recovered-3-768x768.png 768w, https:\/\/store.evolve-fitness.eu\/wp-content\/uploads\/2025\/03\/EV-PL-PR-091-Evolve-Prime-Series-Plate-Loaded-Leg-Press-Recovered-3-1536x1536.png 1536w, https:\/\/store.evolve-fitness.eu\/wp-content\/uploads\/2025\/03\/EV-PL-PR-091-Evolve-Prime-Series-Plate-Loaded-Leg-Press-Recovered-3-2048x2048.png 2048w, https:\/\/store.evolve-fitness.eu\/wp-content\/uploads\/2025\/03\/EV-PL-PR-091-Evolve-Prime-Series-Plate-Loaded-Leg-Press-Recovered-3-600x600.png 600w, https:\/\/store.evolve-fitness.eu\/wp-content\/uploads\/2025\/03\/EV-PL-PR-091-Evolve-Prime-Series-Plate-Loaded-Leg-Press-Recovered-3-100x100.png 100w\" sizes=\"auto, (max-width: 1024px) 100vw, 1024px\" \/><\/figure>\n<\/div>\n<\/div>\n<\/section>\n<\/section>\n","protected":false},"excerpt":{"rendered":"<p>Evolve Prime Series Plate Loaded Leg Press (EV-PL-PR-091) er konstrueret til at l\u00f8fte din styrketr\u00e6ningsrutine. Denne kommercielle maskine tilbyder holdbarhed, komfort og ydeevne. Dens ergonomiske design kombineret med justerbare komponenter sikrer, at den henvender sig til brugere p\u00e5 alle fitnessniveauer, hvilket g\u00f8r den til en v\u00e6rdifuld tilf\u00f8jelse til ethvert professionelt fitnesscenter.  <\/p>\n","protected":false},"featured_media":121593,"template":"","meta":{"_acf_changed":false,"inline_featured_image":false},"product_cat":[748,1199],"product_tag":[],"class_list":{"0":"post-117808","1":"product","2":"type-product","3":"status-publish","4":"has-post-thumbnail","6":"product_cat-pladebelastede-maskiner","7":"product_cat-prime-series-pladelaesset","9":"first","10":"instock","11":"shipping-taxable","12":"purchasable","13":"product-type-simple"},"acf":[],"_links":{"self":[{"href":"https:\/\/store.evolve-fitness.eu\/da\/wp-json\/wp\/v2\/product\/117808","targetHints":{"allow":["GET"]}}],"collection":[{"href":"https:\/\/store.evolve-fitness.eu\/da\/wp-json\/wp\/v2\/product"}],"about":[{"href":"https:\/\/store.evolve-fitness.eu\/da\/wp-json\/wp\/v2\/types\/product"}],"wp:featuredmedia":[{"embeddable":true,"href":"https:\/\/store.evolve-fitness.eu\/da\/wp-json\/wp\/v2\/media\/121593"}],"wp:attachment":[{"href":"https:\/\/store.evolve-fitness.eu\/da\/wp-json\/wp\/v2\/media?parent=117808"}],"wp:term":[{"taxonomy":"product_cat","embeddable":true,"href":"https:\/\/store.evolve-fitness.eu\/da\/wp-json\/wp\/v2\/product_cat?post=117808"},{"taxonomy":"product_tag","embeddable":true,"href":"https:\/\/store.evolve-fitness.eu\/da\/wp-json\/wp\/v2\/product_tag?post=117808"}],"curies":[{"name":"wp","href":"https:\/\/api.w.org\/{rel}","templated":true}]}}