{"id":117708,"date":"2025-03-12T09:06:09","date_gmt":"2025-03-12T09:06:09","guid":{"rendered":"https:\/\/store.evolve-fitness.eu\/?post_type=product&#038;p=117708"},"modified":"2025-04-04T06:09:54","modified_gmt":"2025-04-04T06:09:54","slug":"evolve-prime-series-pladebelastet-ab-maskine","status":"publish","type":"product","link":"https:\/\/store.evolve-fitness.eu\/da\/vare\/evolve-prime-series-pladebelastet-ab-maskine\/","title":{"rendered":"Evolve Prime Series pladebelastet ab-maskine"},"content":{"rendered":"\n<section class=\"wp-block-group alignfull black-content has-white-color has-darkgray-background-color has-text-color has-background is-layout-constrained wp-block-group-is-layout-constrained\" style=\"padding-top:var(--wp--preset--spacing--section-bottom);padding-bottom:var(--wp--preset--spacing--section-bottom)\">\n<h3 class=\"wp-block-heading has-text-align-center\"><strong><strong>EVOLVE PLADEBELASTET PRIME-SERIE<\/strong><\/strong><\/h3>\n\n\n\n<p>Med Evolve Plate Loaded Prime Series er ekspertise standarden. L\u00f8ft din styrketr\u00e6ning med maskiner, der er designet til komfort, holdbarhed og ydeevne. Udforsk hele serien i dag, og omdefiner din fitnessrejse.  <\/p>\n\n\n\n<section class=\"wp-block-group alignfull black-content has-white-color has-darkgray-background-color has-text-color has-background is-layout-constrained wp-block-group-is-layout-constrained\" style=\"padding-top:var(--wp--preset--spacing--section-bottom);padding-bottom:var(--wp--preset--spacing--section-bottom)\">\n<div class=\"wp-block-columns alignwide mobile-reverse is-layout-flex wp-container-core-columns-is-layout-ca64bf2d wp-block-columns-is-layout-flex\" style=\"margin-bottom:var(--wp--preset--spacing--side-padding)\">\n<div class=\"wp-block-column is-vertically-aligned-center is-layout-flow wp-block-column-is-layout-flow\">\n<h3 class=\"wp-block-heading\" style=\"margin-bottom:var(--wp--preset--spacing--h-3-bottom)\"><strong><strong><strong><strong>Evolve Prime Series pladebelastet ab-maskine<\/strong><\/strong><\/strong><\/strong><\/h3>\n\n\n\n<p><strong><em><strong><strong>Forbedr kernestyrken med m\u00e5lrettet modstandstr\u00e6ning<\/strong><\/strong><\/em><\/strong><\/p>\n\n\n\n<p style=\"margin-bottom:var(--wp--preset--spacing--tb-section-padding)\"><strong>Evolve Prime Series Plate Loaded Ab Machine<\/strong> er designet til at isolere og styrke mavemusklerne med kontrollerede, modstandsbaserede bev\u00e6gelser. Med et ergonomisk s\u00e6de, polstret st\u00f8tte og et glat pladebelastet modstandssystem giver denne maskine brugerne mulighed for at engagere deres kerne effektivt og samtidig minimere belastningen p\u00e5 l\u00e6nden. Den robuste ramme og de justerbare indstillinger sikrer komfort og stabilitet, hvilket g\u00f8r den ideel til alle fitnessniveauer, der \u00f8nsker at forbedre kernestyrke og udholdenhed.  <\/p>\n\n\n\n<h3 class=\"wp-block-heading\" style=\"margin-bottom:var(--wp--preset--spacing--h-3-bottom)\"><strong><strong><strong><strong><strong>Maksimer dit kerneengagement<\/strong><\/strong><\/strong><\/strong><\/strong><\/h3>\n\n\n\n<p><strong><em><strong>J\u00e6vn og kontrolleret bev\u00e6gelse til effektiv mavetr\u00e6ning<\/strong><\/em><\/strong><\/p>\n\n\n\n<p><strong>Evolve Prime Series Plate Loaded Ab Machine<\/strong> giver en guidet bev\u00e6gelsesbane, der sikrer ensartet modstand i hele bev\u00e6gelsesomr\u00e5det. Med det pladebelastede system kan brugerne gradvist \u00f8ge modstanden for kontinuerlig muskeludvikling. Det ergonomiske design fremmer korrekt kropsholdning, reducerer un\u00f8dvendig belastning og maksimerer kerneaktivering. Uanset om dit m\u00e5l er at forbedre den overordnede stabilitet, opbygge en st\u00e6rkere core eller forbedre din atletiske pr\u00e6station, s\u00e5 leverer denne maskine en effektiv mavetr\u00e6ning.   <\/p>\n<\/div>\n\n\n\n<div class=\"wp-block-column is-vertically-aligned-center is-layout-flow wp-block-column-is-layout-flow\">\n<figure class=\"wp-block-image size-large\"><img loading=\"lazy\" decoding=\"async\" width=\"1024\" height=\"1024\" src=\"https:\/\/store.evolve-fitness.eu\/wp-content\/uploads\/2025\/03\/EV-PL-PR-072-Evolve-Prime-Series-Plate-Loaded-AB-Machine-1024x1024.png\" alt=\"\" class=\"wp-image-117727\" srcset=\"https:\/\/store.evolve-fitness.eu\/wp-content\/uploads\/2025\/03\/EV-PL-PR-072-Evolve-Prime-Series-Plate-Loaded-AB-Machine-1024x1024.png 1024w, https:\/\/store.evolve-fitness.eu\/wp-content\/uploads\/2025\/03\/EV-PL-PR-072-Evolve-Prime-Series-Plate-Loaded-AB-Machine-300x300.png 300w, https:\/\/store.evolve-fitness.eu\/wp-content\/uploads\/2025\/03\/EV-PL-PR-072-Evolve-Prime-Series-Plate-Loaded-AB-Machine-150x150.png 150w, https:\/\/store.evolve-fitness.eu\/wp-content\/uploads\/2025\/03\/EV-PL-PR-072-Evolve-Prime-Series-Plate-Loaded-AB-Machine-768x768.png 768w, https:\/\/store.evolve-fitness.eu\/wp-content\/uploads\/2025\/03\/EV-PL-PR-072-Evolve-Prime-Series-Plate-Loaded-AB-Machine-1536x1536.png 1536w, https:\/\/store.evolve-fitness.eu\/wp-content\/uploads\/2025\/03\/EV-PL-PR-072-Evolve-Prime-Series-Plate-Loaded-AB-Machine-2048x2048.png 2048w, https:\/\/store.evolve-fitness.eu\/wp-content\/uploads\/2025\/03\/EV-PL-PR-072-Evolve-Prime-Series-Plate-Loaded-AB-Machine-600x600.png 600w, https:\/\/store.evolve-fitness.eu\/wp-content\/uploads\/2025\/03\/EV-PL-PR-072-Evolve-Prime-Series-Plate-Loaded-AB-Machine-100x100.png 100w\" sizes=\"auto, (max-width: 1024px) 100vw, 1024px\" \/><\/figure>\n<\/div>\n<\/div>\n<\/section>\n<\/section>\n","protected":false},"excerpt":{"rendered":"<p>Evolve Prime Series Plate Loaded Ab Machine er designet til at isolere og styrke mavemusklerne med kontrollerede, modstandsbaserede bev\u00e6gelser. Med et ergonomisk s\u00e6de, polstret st\u00f8tte og et glat pladebelastet modstandssystem giver denne maskine brugerne mulighed for at engagere deres kerne effektivt og samtidig minimere belastningen p\u00e5 l\u00e6nden. Den robuste ramme og de justerbare indstillinger sikrer komfort og stabilitet, hvilket g\u00f8r den ideel til alle fitnessniveauer, der \u00f8nsker at forbedre kernestyrke og udholdenhed.  <\/p>\n","protected":false},"featured_media":117731,"template":"","meta":{"_acf_changed":false,"inline_featured_image":false},"product_cat":[748,1199],"product_tag":[],"class_list":{"0":"post-117708","1":"product","2":"type-product","3":"status-publish","4":"has-post-thumbnail","6":"product_cat-pladebelastede-maskiner","7":"product_cat-prime-series-pladelaesset","9":"first","10":"instock","11":"shipping-taxable","12":"purchasable","13":"product-type-simple"},"acf":[],"_links":{"self":[{"href":"https:\/\/store.evolve-fitness.eu\/da\/wp-json\/wp\/v2\/product\/117708","targetHints":{"allow":["GET"]}}],"collection":[{"href":"https:\/\/store.evolve-fitness.eu\/da\/wp-json\/wp\/v2\/product"}],"about":[{"href":"https:\/\/store.evolve-fitness.eu\/da\/wp-json\/wp\/v2\/types\/product"}],"wp:featuredmedia":[{"embeddable":true,"href":"https:\/\/store.evolve-fitness.eu\/da\/wp-json\/wp\/v2\/media\/117731"}],"wp:attachment":[{"href":"https:\/\/store.evolve-fitness.eu\/da\/wp-json\/wp\/v2\/media?parent=117708"}],"wp:term":[{"taxonomy":"product_cat","embeddable":true,"href":"https:\/\/store.evolve-fitness.eu\/da\/wp-json\/wp\/v2\/product_cat?post=117708"},{"taxonomy":"product_tag","embeddable":true,"href":"https:\/\/store.evolve-fitness.eu\/da\/wp-json\/wp\/v2\/product_tag?post=117708"}],"curies":[{"name":"wp","href":"https:\/\/api.w.org\/{rel}","templated":true}]}}