{"id":117127,"date":"2025-03-12T07:41:47","date_gmt":"2025-03-12T07:41:47","guid":{"rendered":"https:\/\/store.evolve-fitness.eu\/?post_type=product&#038;p=117127"},"modified":"2025-04-04T06:12:36","modified_gmt":"2025-04-04T06:12:36","slug":"evolve-prime-series-plate-loaded-seated-arm-curl-genoprettet","status":"publish","type":"product","link":"https:\/\/store.evolve-fitness.eu\/da\/vare\/evolve-prime-series-plate-loaded-seated-arm-curl-genoprettet\/","title":{"rendered":"Evolve Prime Series Plate Loaded Seated Arm Curl Genoprettet"},"content":{"rendered":"\n<section class=\"wp-block-group alignfull black-content has-white-color has-darkgray-background-color has-text-color has-background is-layout-constrained wp-block-group-is-layout-constrained\" style=\"padding-top:var(--wp--preset--spacing--section-bottom);padding-bottom:var(--wp--preset--spacing--section-bottom)\">\n<h3 class=\"wp-block-heading has-text-align-center\"><strong><strong>EVOLVE PLADEBELASTET PRIME-SERIE<\/strong><\/strong><\/h3>\n\n\n\n<p>Med Evolve Plate Loaded Prime Series er ekspertise standarden. L\u00f8ft din styrketr\u00e6ning med maskiner, der er designet til komfort, holdbarhed og ydeevne. Udforsk hele serien i dag, og omdefiner din fitnessrejse.  <\/p>\n\n\n\n<section class=\"wp-block-group alignfull black-content has-white-color has-darkgray-background-color has-text-color has-background is-layout-constrained wp-block-group-is-layout-constrained\" style=\"padding-top:var(--wp--preset--spacing--section-bottom);padding-bottom:var(--wp--preset--spacing--section-bottom)\">\n<div class=\"wp-block-columns alignwide mobile-reverse is-layout-flex wp-container-core-columns-is-layout-ca64bf2d wp-block-columns-is-layout-flex\" style=\"margin-bottom:var(--wp--preset--spacing--side-padding)\">\n<div class=\"wp-block-column is-vertically-aligned-center is-layout-flow wp-block-column-is-layout-flow\">\n<h3 class=\"wp-block-heading\" style=\"margin-bottom:var(--wp--preset--spacing--h-3-bottom)\"><strong><strong><strong><strong>Evolve Prime Series Plate Loaded Seated Arm Curl<\/strong><\/strong><\/strong><\/strong><\/h3>\n\n\n\n<p><strong>Isol\u00e9r og styrk dine biceps med pr\u00e6cisionsmodstand<\/strong><\/p>\n\n\n\n<p style=\"margin-bottom:var(--wp--preset--spacing--tb-section-padding)\"><strong>Evolve Prime Series Plate Loaded Seated Arm Curl<\/strong> er designet til at maksimere biceps-engagementet med et j\u00e6vnt, kontrolleret bev\u00e6gelsesomr\u00e5de. Med et ergonomisk s\u00e6de, en vinklet armpude og et pladebelastet modstandssystem sikrer denne maskine korrekt form og muskelisolering, hvilket minimerer momentum for en mere effektiv tr\u00e6ning. Den robuste konstruktion og de justerbare grebspositioner g\u00f8r den velegnet til alle fitnessniveauer og giver en p\u00e5lidelig og effektiv m\u00e5de at udvikle armstyrke og -definition p\u00e5.  <\/p>\n\n\n\n<h3 class=\"wp-block-heading\" style=\"margin-bottom:var(--wp--preset--spacing--h-3-bottom)\"><strong><strong><strong><strong><strong>Opn\u00e5 maksimal aktivering af biceps<\/strong><\/strong><\/strong><\/strong><\/strong><\/h3>\n\n\n\n<p><strong>J\u00e6vn og kontrolleret kr\u00f8llebev\u00e6gelse for maksimal v\u00e6kst<\/strong><\/p>\n\n\n\n<p><strong>Evolve Prime Series Plate Loaded Seated Arm Curl<\/strong> underst\u00f8tter progressiv overbelastning, s\u00e5 brugerne gradvist kan \u00f8ge modstanden for kontinuerlig muskeludvikling. Den polstrede armst\u00f8tte stabiliserer overkroppen og sikrer streng form og fuld sammentr\u00e6kning af biceps ved hver gentagelse. Denne maskine er bygget med henblik p\u00e5 holdbarhed og komfort og er en vigtig tilf\u00f8jelse til ethvert fitnesscenter, hvor den hj\u00e6lper atleter og fitnessentusiaster med at opn\u00e5 st\u00e6rkere, veldefinerede arme med pr\u00e6cis og effektiv modstandstr\u00e6ning. <\/p>\n<\/div>\n\n\n\n<div class=\"wp-block-column is-vertically-aligned-center is-layout-flow wp-block-column-is-layout-flow\">\n<figure class=\"wp-block-image size-large is-resized is-style-rounded\"><img loading=\"lazy\" decoding=\"async\" width=\"1024\" height=\"1024\" src=\"https:\/\/store.evolve-fitness.eu\/wp-content\/uploads\/2025\/03\/EV-PL-PR-029-Evolve-Prime-Series-Plate-Loaded-Seated-Arm-Curl-Recovered-1024x1024.png\" alt=\"\" class=\"wp-image-117146\" style=\"width:643px;height:706px\" srcset=\"https:\/\/store.evolve-fitness.eu\/wp-content\/uploads\/2025\/03\/EV-PL-PR-029-Evolve-Prime-Series-Plate-Loaded-Seated-Arm-Curl-Recovered-1024x1024.png 1024w, https:\/\/store.evolve-fitness.eu\/wp-content\/uploads\/2025\/03\/EV-PL-PR-029-Evolve-Prime-Series-Plate-Loaded-Seated-Arm-Curl-Recovered-300x300.png 300w, https:\/\/store.evolve-fitness.eu\/wp-content\/uploads\/2025\/03\/EV-PL-PR-029-Evolve-Prime-Series-Plate-Loaded-Seated-Arm-Curl-Recovered-150x150.png 150w, https:\/\/store.evolve-fitness.eu\/wp-content\/uploads\/2025\/03\/EV-PL-PR-029-Evolve-Prime-Series-Plate-Loaded-Seated-Arm-Curl-Recovered-768x768.png 768w, https:\/\/store.evolve-fitness.eu\/wp-content\/uploads\/2025\/03\/EV-PL-PR-029-Evolve-Prime-Series-Plate-Loaded-Seated-Arm-Curl-Recovered-1536x1536.png 1536w, https:\/\/store.evolve-fitness.eu\/wp-content\/uploads\/2025\/03\/EV-PL-PR-029-Evolve-Prime-Series-Plate-Loaded-Seated-Arm-Curl-Recovered-2048x2048.png 2048w, https:\/\/store.evolve-fitness.eu\/wp-content\/uploads\/2025\/03\/EV-PL-PR-029-Evolve-Prime-Series-Plate-Loaded-Seated-Arm-Curl-Recovered-600x600.png 600w, https:\/\/store.evolve-fitness.eu\/wp-content\/uploads\/2025\/03\/EV-PL-PR-029-Evolve-Prime-Series-Plate-Loaded-Seated-Arm-Curl-Recovered-100x100.png 100w\" sizes=\"auto, (max-width: 1024px) 100vw, 1024px\" \/><\/figure>\n<\/div>\n<\/div>\n<\/section>\n<\/section>\n","protected":false},"excerpt":{"rendered":"<p>Evolve Prime Series Plate Loaded Seated Arm Curl er designet til at maksimere biceps-engagementet med et j\u00e6vnt, kontrolleret bev\u00e6gelsesomr\u00e5de. Med et ergonomisk s\u00e6de, en vinklet armpude og et pladebelastet modstandssystem sikrer denne maskine korrekt form og muskelisolering, hvilket minimerer momentum for en mere effektiv tr\u00e6ning. Den robuste konstruktion og de justerbare grebspositioner g\u00f8r den velegnet til alle fitnessniveauer og giver en p\u00e5lidelig og effektiv m\u00e5de at udvikle armstyrke og -definition p\u00e5.  <\/p>\n","protected":false},"featured_media":117175,"template":"","meta":{"_acf_changed":false,"inline_featured_image":false},"product_cat":[748,1199],"product_tag":[],"class_list":{"0":"post-117127","1":"product","2":"type-product","3":"status-publish","4":"has-post-thumbnail","6":"product_cat-pladebelastede-maskiner","7":"product_cat-prime-series-pladelaesset","9":"first","10":"instock","11":"shipping-taxable","12":"purchasable","13":"product-type-simple"},"acf":[],"_links":{"self":[{"href":"https:\/\/store.evolve-fitness.eu\/da\/wp-json\/wp\/v2\/product\/117127","targetHints":{"allow":["GET"]}}],"collection":[{"href":"https:\/\/store.evolve-fitness.eu\/da\/wp-json\/wp\/v2\/product"}],"about":[{"href":"https:\/\/store.evolve-fitness.eu\/da\/wp-json\/wp\/v2\/types\/product"}],"wp:featuredmedia":[{"embeddable":true,"href":"https:\/\/store.evolve-fitness.eu\/da\/wp-json\/wp\/v2\/media\/117175"}],"wp:attachment":[{"href":"https:\/\/store.evolve-fitness.eu\/da\/wp-json\/wp\/v2\/media?parent=117127"}],"wp:term":[{"taxonomy":"product_cat","embeddable":true,"href":"https:\/\/store.evolve-fitness.eu\/da\/wp-json\/wp\/v2\/product_cat?post=117127"},{"taxonomy":"product_tag","embeddable":true,"href":"https:\/\/store.evolve-fitness.eu\/da\/wp-json\/wp\/v2\/product_tag?post=117127"}],"curies":[{"name":"wp","href":"https:\/\/api.w.org\/{rel}","templated":true}]}}