{"id":117026,"date":"2025-03-12T07:33:11","date_gmt":"2025-03-12T07:33:11","guid":{"rendered":"https:\/\/store.evolve-fitness.eu\/?post_type=product&#038;p=117026"},"modified":"2026-01-09T12:00:18","modified_gmt":"2026-01-09T12:00:18","slug":"evolve-prime-series-lodret-benpres-ny-model","status":"publish","type":"product","link":"https:\/\/store.evolve-fitness.eu\/da\/vare\/evolve-prime-series-lodret-benpres-ny-model\/","title":{"rendered":"Evolve Prime Series lodret benpres Ny model"},"content":{"rendered":"\n<section class=\"wp-block-group alignfull black-content has-white-color has-darkgray-background-color has-text-color has-background is-layout-constrained wp-block-group-is-layout-constrained\" style=\"padding-top:var(--wp--preset--spacing--section-bottom);padding-bottom:var(--wp--preset--spacing--section-bottom)\">\n<h3 class=\"wp-block-heading has-text-align-center\"><strong><strong>EVOLVE PLADEBELASTET PRIME-SERIE<\/strong><\/strong><\/h3>\n\n\n\n<p>Med Evolve Plate Loaded Prime Series er ekspertise standarden. L\u00f8ft din styrketr\u00e6ning med maskiner, der er designet til komfort, holdbarhed og ydeevne. Udforsk hele serien i dag, og omdefiner din fitnessrejse.  <\/p>\n\n\n\n<section class=\"wp-block-group alignfull black-content has-white-color has-darkgray-background-color has-text-color has-background is-layout-constrained wp-block-group-is-layout-constrained\" style=\"padding-top:var(--wp--preset--spacing--section-bottom);padding-bottom:var(--wp--preset--spacing--section-bottom)\">\n<div class=\"wp-block-columns alignwide mobile-reverse is-layout-flex wp-container-core-columns-is-layout-ca64bf2d wp-block-columns-is-layout-flex\" style=\"margin-bottom:var(--wp--preset--spacing--side-padding)\">\n<div class=\"wp-block-column is-vertically-aligned-center is-layout-flow wp-block-column-is-layout-flow\">\n<h3 class=\"wp-block-heading\" style=\"margin-bottom:var(--wp--preset--spacing--h-3-bottom)\"><strong><strong><strong>Maksimer din bentr\u00e6ning med den lodrette benpres<\/strong><\/strong><\/strong><\/h3>\n\n\n\n<p style=\"margin-bottom:var(--wp--preset--spacing--tb-section-padding)\"><strong>Vertical Leg Press<\/strong> er designet til at give en uovertruffen oplevelse af bentr\u00e6ning med et direkte, isoleret fokus p\u00e5 underkroppens muskler. Med sin smidige betjening og ergonomiske design giver denne maskine dig mulighed for sikkert at udf\u00f8re dybe, kontrollerede pres, der er m\u00e5lrettet dine quads, hamstrings og glutes for maksimal styrke og udvikling. <\/p>\n\n\n\n<h3 class=\"wp-block-heading\" style=\"margin-bottom:var(--wp--preset--spacing--h-3-bottom)\"><strong><strong><strong><strong><strong>Udviklet til stabilitet og pr\u00e6cision<\/strong><\/strong><\/strong><\/strong><\/strong><\/h3>\n\n\n\n<p>Vertical Leg Press er bygget med tanke p\u00e5 holdbarhed og har en robust ramme, der sikrer stabilitet under hele tr\u00e6ningen. Det kompakte fodaftryk g\u00f8r den ideel til hjemmetr\u00e6ningscentre eller professionelle fitnesscentre, hvor den leverer h\u00f8j ydeevne uden at g\u00e5 p\u00e5 kompromis med pladsen. Med pr\u00e6cis justering af fodpladen og rygl\u00e6net sikrer den, at din krop forbliver i den optimale position for en sikker og effektiv tr\u00e6ning hver gang.  <\/p>\n<\/div>\n\n\n\n<div class=\"wp-block-column is-vertically-aligned-center is-layout-flow wp-block-column-is-layout-flow\">\n<figure class=\"wp-block-image size-large is-resized is-style-rounded\"><img loading=\"lazy\" decoding=\"async\" width=\"1024\" height=\"1024\" src=\"https:\/\/store.evolve-fitness.eu\/wp-content\/uploads\/2025\/03\/EV-PL-PR-039-Evolve-Prime-Series-Plate-Loaded-Vertical-Leg-Press-2-1024x1024.png\" alt=\"\" class=\"wp-image-121260\" style=\"width:643px;height:706px\" srcset=\"https:\/\/store.evolve-fitness.eu\/wp-content\/uploads\/2025\/03\/EV-PL-PR-039-Evolve-Prime-Series-Plate-Loaded-Vertical-Leg-Press-2-1024x1024.png 1024w, https:\/\/store.evolve-fitness.eu\/wp-content\/uploads\/2025\/03\/EV-PL-PR-039-Evolve-Prime-Series-Plate-Loaded-Vertical-Leg-Press-2-300x300.png 300w, https:\/\/store.evolve-fitness.eu\/wp-content\/uploads\/2025\/03\/EV-PL-PR-039-Evolve-Prime-Series-Plate-Loaded-Vertical-Leg-Press-2-150x150.png 150w, https:\/\/store.evolve-fitness.eu\/wp-content\/uploads\/2025\/03\/EV-PL-PR-039-Evolve-Prime-Series-Plate-Loaded-Vertical-Leg-Press-2-768x768.png 768w, https:\/\/store.evolve-fitness.eu\/wp-content\/uploads\/2025\/03\/EV-PL-PR-039-Evolve-Prime-Series-Plate-Loaded-Vertical-Leg-Press-2-1536x1536.png 1536w, https:\/\/store.evolve-fitness.eu\/wp-content\/uploads\/2025\/03\/EV-PL-PR-039-Evolve-Prime-Series-Plate-Loaded-Vertical-Leg-Press-2-2048x2048.png 2048w, https:\/\/store.evolve-fitness.eu\/wp-content\/uploads\/2025\/03\/EV-PL-PR-039-Evolve-Prime-Series-Plate-Loaded-Vertical-Leg-Press-2-600x600.png 600w, https:\/\/store.evolve-fitness.eu\/wp-content\/uploads\/2025\/03\/EV-PL-PR-039-Evolve-Prime-Series-Plate-Loaded-Vertical-Leg-Press-2-100x100.png 100w\" sizes=\"auto, (max-width: 1024px) 100vw, 1024px\" \/><\/figure>\n<\/div>\n<\/div>\n<\/section>\n<\/section>\n","protected":false},"excerpt":{"rendered":"<p>Evolve Prime Series Vertical Leg Press (EV-PL-PR-039) er en kompakt, men kraftfuld maskine, der er designet til at give en effektiv tr\u00e6ning af underkroppen ved at fokusere p\u00e5 quads, hamstrings og glutes. Den er bygget med en robust, pladsbesparende ramme, der sikrer stabilitet og holdbarhed til b\u00e5de hjemmebrug og professionel brug i fitnesscentre. Med sin kraftige konstruktion og fokus p\u00e5 sikkerhed er denne maskine ideel til dem, der \u00f8nsker at opbygge styrke, muskeldefinition og generel kraft i underkroppen.  <\/p>\n","protected":false},"featured_media":121289,"template":"","meta":{"_acf_changed":false,"inline_featured_image":false},"product_cat":[748,1199],"product_tag":[],"class_list":{"0":"post-117026","1":"product","2":"type-product","3":"status-publish","4":"has-post-thumbnail","6":"product_cat-pladebelastede-maskiner","7":"product_cat-prime-series-pladelaesset","9":"first","10":"outofstock","11":"shipping-taxable","12":"purchasable","13":"product-type-simple"},"acf":[],"_links":{"self":[{"href":"https:\/\/store.evolve-fitness.eu\/da\/wp-json\/wp\/v2\/product\/117026","targetHints":{"allow":["GET"]}}],"collection":[{"href":"https:\/\/store.evolve-fitness.eu\/da\/wp-json\/wp\/v2\/product"}],"about":[{"href":"https:\/\/store.evolve-fitness.eu\/da\/wp-json\/wp\/v2\/types\/product"}],"wp:featuredmedia":[{"embeddable":true,"href":"https:\/\/store.evolve-fitness.eu\/da\/wp-json\/wp\/v2\/media\/121289"}],"wp:attachment":[{"href":"https:\/\/store.evolve-fitness.eu\/da\/wp-json\/wp\/v2\/media?parent=117026"}],"wp:term":[{"taxonomy":"product_cat","embeddable":true,"href":"https:\/\/store.evolve-fitness.eu\/da\/wp-json\/wp\/v2\/product_cat?post=117026"},{"taxonomy":"product_tag","embeddable":true,"href":"https:\/\/store.evolve-fitness.eu\/da\/wp-json\/wp\/v2\/product_tag?post=117026"}],"curies":[{"name":"wp","href":"https:\/\/api.w.org\/{rel}","templated":true}]}}