{"id":116749,"date":"2025-03-10T13:42:02","date_gmt":"2025-03-10T13:42:02","guid":{"rendered":"https:\/\/store.evolve-fitness.eu\/?post_type=product&#038;p=116749"},"modified":"2026-04-08T12:00:30","modified_gmt":"2026-04-08T12:00:30","slug":"evolve-prime-series-pladebelastet-decline-brystpres","status":"publish","type":"product","link":"https:\/\/store.evolve-fitness.eu\/da\/vare\/evolve-prime-series-pladebelastet-decline-brystpres\/","title":{"rendered":"Evolve Prime Series Plate Loaded Decline Chest Press (PR-026)"},"content":{"rendered":"\n<section class=\"wp-block-group alignfull black-content has-white-color has-darkgray-background-color has-text-color has-background is-layout-constrained wp-block-group-is-layout-constrained\" style=\"padding-top:var(--wp--preset--spacing--section-bottom);padding-bottom:var(--wp--preset--spacing--section-bottom)\">\n<h3 class=\"wp-block-heading has-text-align-center\"><strong><strong>EVOLVE PLADEBELASTET PRIME-SERIE<\/strong><\/strong><\/h3>\n\n\n\n<p>Med Evolve Plate Loaded Prime Series er ekspertise standarden. L\u00f8ft din styrketr\u00e6ning med maskiner, der er designet til komfort, holdbarhed og ydeevne. Udforsk hele serien i dag, og omdefiner din fitnessrejse.  <\/p>\n\n\n\n<section class=\"wp-block-group alignfull black-content has-white-color has-darkgray-background-color has-text-color has-background is-layout-constrained wp-block-group-is-layout-constrained\" style=\"padding-top:var(--wp--preset--spacing--section-bottom);padding-bottom:var(--wp--preset--spacing--section-bottom)\">\n<div class=\"wp-block-columns alignwide mobile-reverse is-layout-flex wp-container-core-columns-is-layout-ca64bf2d wp-block-columns-is-layout-flex\" style=\"margin-bottom:var(--wp--preset--spacing--side-padding)\">\n<div class=\"wp-block-column is-vertically-aligned-center is-layout-flow wp-block-column-is-layout-flow\">\n<h3 class=\"wp-block-heading\" style=\"margin-bottom:var(--wp--preset--spacing--h-3-bottom)\"><strong><strong><strong><strong>Evolve Prime Series pladebelastet decline brystpres<\/strong><\/strong><\/strong><\/strong><\/h3>\n\n\n\n<p><strong><em><strong><strong><strong><strong>Maksimer styrken i den nedre del af brystet med overlegen biomekanik<\/strong><\/strong><\/strong><\/strong><\/em><\/strong><\/p>\n\n\n\n<p style=\"margin-bottom:var(--wp--preset--spacing--tb-section-padding)\"><strong>Evolve Prime Series Plate Loaded Decline Chest<\/strong> Press er designet til effektivt at ramme de nedre brystmuskler og samtidig sikre en naturlig og kontrolleret pressebev\u00e6gelse. Med sit ergonomiske s\u00e6de, vinklede rygl\u00e6n og pladebelastede modstandssystem optimerer denne maskine muskelengagementet og minimerer samtidig belastningen af leddene. Den uafh\u00e6ngige armbev\u00e6gelse fremmer en afbalanceret udvikling, mens den robuste ramme sikrer holdbarhed og stabilitet, hvilket g\u00f8r den til et vigtigt redskab til progressiv styrketr\u00e6ning.  <\/p>\n\n\n\n<h3 class=\"wp-block-heading\" style=\"margin-bottom:var(--wp--preset--spacing--h-3-bottom)\"><strong><strong><strong><strong><strong><strong>Forbedr din nedre brystdefinition<\/strong><\/strong><\/strong><\/strong><\/strong><\/strong><\/h3>\n\n\n\n<p><strong><em><strong>J\u00e6vn, kontrolleret bev\u00e6gelse for maksimal muskelaktivering<\/strong><\/em><\/strong><\/p>\n\n\n\n<p><strong>Evolve Prime Series Plate Loaded Decline Chest<\/strong> Press giver brugerne mulighed for at udvikle eksplosiv pressekraft med en guidet, biomekanisk optimeret bane. Det pladebelastede system g\u00f8r det muligt at tilpasse modstandsniveauet til b\u00e5de begyndere og avancerede l\u00f8ftere. Den strategisk designede decline-vinkel forbedrer aktiveringen af de nedre brystmuskler og reducerer samtidig un\u00f8dvendig skulderbelastning. Uanset om dit m\u00e5l er styrke, muskelv\u00e6kst eller udholdenhed, leverer denne maskine en yderst effektiv tr\u00e6ning af den nedre del af brystet med j\u00e6vn og effektiv modstand.   <\/p>\n<\/div>\n\n\n\n<div class=\"wp-block-column is-vertically-aligned-center is-layout-flow wp-block-column-is-layout-flow\">\n<figure class=\"wp-block-image size-large is-resized is-style-rounded\"><img loading=\"lazy\" decoding=\"async\" width=\"1024\" height=\"1024\" src=\"https:\/\/store.evolve-fitness.eu\/wp-content\/uploads\/2025\/03\/EV-PL-PR-026-Evolve-Prime-Series-Plate-Loaded-Decline-Chest-Press-Recovered-2-1024x1024.png\" alt=\"\" class=\"wp-image-121035\" style=\"width:643px;height:706px\" srcset=\"https:\/\/store.evolve-fitness.eu\/wp-content\/uploads\/2025\/03\/EV-PL-PR-026-Evolve-Prime-Series-Plate-Loaded-Decline-Chest-Press-Recovered-2-1024x1024.png 1024w, https:\/\/store.evolve-fitness.eu\/wp-content\/uploads\/2025\/03\/EV-PL-PR-026-Evolve-Prime-Series-Plate-Loaded-Decline-Chest-Press-Recovered-2-300x300.png 300w, https:\/\/store.evolve-fitness.eu\/wp-content\/uploads\/2025\/03\/EV-PL-PR-026-Evolve-Prime-Series-Plate-Loaded-Decline-Chest-Press-Recovered-2-150x150.png 150w, https:\/\/store.evolve-fitness.eu\/wp-content\/uploads\/2025\/03\/EV-PL-PR-026-Evolve-Prime-Series-Plate-Loaded-Decline-Chest-Press-Recovered-2-768x768.png 768w, https:\/\/store.evolve-fitness.eu\/wp-content\/uploads\/2025\/03\/EV-PL-PR-026-Evolve-Prime-Series-Plate-Loaded-Decline-Chest-Press-Recovered-2-1536x1536.png 1536w, https:\/\/store.evolve-fitness.eu\/wp-content\/uploads\/2025\/03\/EV-PL-PR-026-Evolve-Prime-Series-Plate-Loaded-Decline-Chest-Press-Recovered-2-2048x2048.png 2048w, https:\/\/store.evolve-fitness.eu\/wp-content\/uploads\/2025\/03\/EV-PL-PR-026-Evolve-Prime-Series-Plate-Loaded-Decline-Chest-Press-Recovered-2-600x600.png 600w, https:\/\/store.evolve-fitness.eu\/wp-content\/uploads\/2025\/03\/EV-PL-PR-026-Evolve-Prime-Series-Plate-Loaded-Decline-Chest-Press-Recovered-2-100x100.png 100w\" sizes=\"auto, (max-width: 1024px) 100vw, 1024px\" \/><\/figure>\n<\/div>\n<\/div>\n<\/section>\n<\/section>\n","protected":false},"excerpt":{"rendered":"<p>Evolve Prime Series Plate Loaded Decline Chest Press er designet til at m\u00e5lrette de nedre brystmuskler med en j\u00e6vn, kontrolleret pressebev\u00e6gelse. Med en holdbar ramme, et ergonomisk s\u00e6de og et pladebelastet modstandssystem giver denne maskine mulighed for at tilpasse intensiteten, s\u00e5 den passer til alle fitnessniveauer. Den er ideel til at opbygge overkropsstyrke og sikrer effektiv muskelaktivering, samtidig med at den giver stabilitet og komfort under tr\u00e6ningen. Perfekt til at forbedre brystdefinitionen og overkroppens samlede styrke.   <\/p>\n","protected":false},"featured_media":121064,"template":"","meta":{"_acf_changed":false,"inline_featured_image":false},"product_cat":[748,1199],"product_tag":[],"class_list":{"0":"post-116749","1":"product","2":"type-product","3":"status-publish","4":"has-post-thumbnail","6":"product_cat-pladebelastede-maskiner","7":"product_cat-prime-series-pladelaesset","9":"first","10":"instock","11":"shipping-taxable","12":"purchasable","13":"product-type-simple"},"acf":[],"_links":{"self":[{"href":"https:\/\/store.evolve-fitness.eu\/da\/wp-json\/wp\/v2\/product\/116749","targetHints":{"allow":["GET"]}}],"collection":[{"href":"https:\/\/store.evolve-fitness.eu\/da\/wp-json\/wp\/v2\/product"}],"about":[{"href":"https:\/\/store.evolve-fitness.eu\/da\/wp-json\/wp\/v2\/types\/product"}],"wp:featuredmedia":[{"embeddable":true,"href":"https:\/\/store.evolve-fitness.eu\/da\/wp-json\/wp\/v2\/media\/121064"}],"wp:attachment":[{"href":"https:\/\/store.evolve-fitness.eu\/da\/wp-json\/wp\/v2\/media?parent=116749"}],"wp:term":[{"taxonomy":"product_cat","embeddable":true,"href":"https:\/\/store.evolve-fitness.eu\/da\/wp-json\/wp\/v2\/product_cat?post=116749"},{"taxonomy":"product_tag","embeddable":true,"href":"https:\/\/store.evolve-fitness.eu\/da\/wp-json\/wp\/v2\/product_tag?post=116749"}],"curies":[{"name":"wp","href":"https:\/\/api.w.org\/{rel}","templated":true}]}}