{"id":116473,"date":"2025-03-10T13:08:39","date_gmt":"2025-03-10T13:08:39","guid":{"rendered":"https:\/\/store.evolve-fitness.eu\/?post_type=product&#038;p=116473"},"modified":"2025-03-27T09:21:34","modified_gmt":"2025-03-27T09:21:34","slug":"evolve-prime-series-pladebelastet-skulderpres","status":"publish","type":"product","link":"https:\/\/store.evolve-fitness.eu\/da\/vare\/evolve-prime-series-pladebelastet-skulderpres\/","title":{"rendered":"Evolve Prime Series pladebelastet skulderpres"},"content":{"rendered":"\n<section class=\"wp-block-group alignfull black-content has-white-color has-darkgray-background-color has-text-color has-background is-layout-constrained wp-block-group-is-layout-constrained\" style=\"padding-top:var(--wp--preset--spacing--section-bottom);padding-bottom:var(--wp--preset--spacing--section-bottom)\">\n<h3 class=\"wp-block-heading has-text-align-center\"><strong><strong>EVOLVE PLADEBELASTET PRIME-SERIE<\/strong><\/strong><\/h3>\n\n\n\n<p>Med Evolve Plate Loaded Prime Series er ekspertise standarden. L\u00f8ft din styrketr\u00e6ning med maskiner, der er designet til komfort, holdbarhed og ydeevne. Udforsk hele serien i dag, og omdefiner din fitnessrejse.  <\/p>\n\n\n\n<section class=\"wp-block-group alignfull black-content has-white-color has-darkgray-background-color has-text-color has-background is-layout-constrained wp-block-group-is-layout-constrained\" style=\"padding-top:var(--wp--preset--spacing--section-bottom);padding-bottom:var(--wp--preset--spacing--section-bottom)\">\n<div class=\"wp-block-columns alignwide mobile-reverse is-layout-flex wp-container-core-columns-is-layout-ca64bf2d wp-block-columns-is-layout-flex\" style=\"margin-bottom:var(--wp--preset--spacing--side-padding)\">\n<div class=\"wp-block-column is-vertically-aligned-center is-layout-flow wp-block-column-is-layout-flow\">\n<h3 class=\"wp-block-heading\" style=\"margin-bottom:var(--wp--preset--spacing--h-3-bottom)\"><strong><strong><strong>Evolve Prime Series pladebelastet skulderpres<\/strong><\/strong><\/strong><\/h3>\n\n\n\n<p><strong><em><strong><strong><strong>Forbedr skulderstyrken med pr\u00e6cision og kraft<\/strong><\/strong><\/strong><\/em><\/strong><\/p>\n\n\n\n<p style=\"margin-bottom:var(--wp--preset--spacing--tb-section-padding)\"><strong>Evolve Prime Series Plate Loaded Shoulder Press<\/strong> er designet til at give en kontrolleret og effektiv overkropstr\u00e6ning med fokus p\u00e5 deltamuskler, triceps og \u00f8vre bryst. Med sit ergonomiske s\u00e6de, uafh\u00e6ngige armbev\u00e6gelser og pladebelastede modstandssystem giver denne maskine mulighed for en naturlig pressebev\u00e6gelse, samtidig med at belastningen p\u00e5 leddene minimeres. Den robuste konstruktion sikrer holdbarhed, hvilket g\u00f8r den til en vigtig tilf\u00f8jelse til ethvert styrketr\u00e6ningsprogram. Uanset om du sigter mod muskelv\u00e6kst, forbedret udholdenhed eller forbedret skulderstabilitet, giver denne maskine den perfekte kombination af kraft og pr\u00e6cision.   <\/p>\n\n\n\n<h3 class=\"wp-block-heading\" style=\"margin-bottom:var(--wp--preset--spacing--h-3-bottom)\"><strong><strong><strong><strong><strong>Maksimer udviklingen af skuldrene<\/strong><\/strong><\/strong><\/strong><\/strong><\/h3>\n\n\n\n<p><strong><em>Biomekanisk optimeret til styrke og sikkerhed<\/em><\/strong><\/p>\n\n\n\n<p><strong>Evolve Prime Series Plate Loaded Shoulder Press<\/strong> har en j\u00e6vn og guidet bev\u00e6gelsesbane, der sikrer et j\u00e6vnt muskelengagement i hele bev\u00e6gelsesomr\u00e5det. Det justerbare s\u00e6de og de mange grebspositioner giver mulighed for skr\u00e6ddersyet tr\u00e6ning til forskellige kropstyper og tr\u00e6ningspr\u00e6ferencer. Det pladebelastede system underst\u00f8tter progressiv overbelastning, hvilket g\u00f8r den velegnet til b\u00e5de begyndere og avancerede l\u00f8ftere. Denne skulderpresmaskine er designet til stabilitet og ydeevne og er et ideelt redskab til at opbygge st\u00e6rke, veldefinerede skuldre med kontrolleret, effektiv modstand.   <\/p>\n<\/div>\n\n\n\n<div class=\"wp-block-column is-vertically-aligned-center is-layout-flow wp-block-column-is-layout-flow\">\n<figure class=\"wp-block-image size-large is-resized is-style-rounded\"><img loading=\"lazy\" decoding=\"async\" width=\"1024\" height=\"1024\" src=\"https:\/\/store.evolve-fitness.eu\/wp-content\/uploads\/2025\/03\/EV-PL-PR-024-Evolve-Prime-Series-Plate-Loaded-Shoulder-Press-Recovered-2-1024x1024.png\" alt=\"\" class=\"wp-image-116542\" style=\"width:643px;height:706px\" srcset=\"https:\/\/store.evolve-fitness.eu\/wp-content\/uploads\/2025\/03\/EV-PL-PR-024-Evolve-Prime-Series-Plate-Loaded-Shoulder-Press-Recovered-2-1024x1024.png 1024w, https:\/\/store.evolve-fitness.eu\/wp-content\/uploads\/2025\/03\/EV-PL-PR-024-Evolve-Prime-Series-Plate-Loaded-Shoulder-Press-Recovered-2-300x300.png 300w, https:\/\/store.evolve-fitness.eu\/wp-content\/uploads\/2025\/03\/EV-PL-PR-024-Evolve-Prime-Series-Plate-Loaded-Shoulder-Press-Recovered-2-150x150.png 150w, https:\/\/store.evolve-fitness.eu\/wp-content\/uploads\/2025\/03\/EV-PL-PR-024-Evolve-Prime-Series-Plate-Loaded-Shoulder-Press-Recovered-2-768x768.png 768w, https:\/\/store.evolve-fitness.eu\/wp-content\/uploads\/2025\/03\/EV-PL-PR-024-Evolve-Prime-Series-Plate-Loaded-Shoulder-Press-Recovered-2-1536x1536.png 1536w, https:\/\/store.evolve-fitness.eu\/wp-content\/uploads\/2025\/03\/EV-PL-PR-024-Evolve-Prime-Series-Plate-Loaded-Shoulder-Press-Recovered-2-2048x2048.png 2048w, https:\/\/store.evolve-fitness.eu\/wp-content\/uploads\/2025\/03\/EV-PL-PR-024-Evolve-Prime-Series-Plate-Loaded-Shoulder-Press-Recovered-2-600x600.png 600w, https:\/\/store.evolve-fitness.eu\/wp-content\/uploads\/2025\/03\/EV-PL-PR-024-Evolve-Prime-Series-Plate-Loaded-Shoulder-Press-Recovered-2-100x100.png 100w\" sizes=\"auto, (max-width: 1024px) 100vw, 1024px\" \/><\/figure>\n<\/div>\n<\/div>\n<\/section>\n<\/section>\n","protected":false},"excerpt":{"rendered":"<p>Evolve Prime Series Plate Loaded Shoulder Press er designet til at give en kontrolleret og effektiv overkropstr\u00e6ning med fokus p\u00e5 deltamuskler, triceps og \u00f8vre bryst. Med sit ergonomiske s\u00e6de, uafh\u00e6ngige armbev\u00e6gelser og pladebelastede modstandssystem giver denne maskine mulighed for en naturlig pressebev\u00e6gelse, samtidig med at belastningen p\u00e5 leddene minimeres. Den robuste konstruktion sikrer holdbarhed, hvilket g\u00f8r den til en vigtig tilf\u00f8jelse til ethvert styrketr\u00e6ningsprogram. Uanset om du sigter mod muskelv\u00e6kst, forbedret udholdenhed eller forbedret skulderstabilitet, giver denne maskine den perfekte kombination af kraft og pr\u00e6cision.   <\/p>\n","protected":false},"featured_media":116496,"template":"","meta":{"_acf_changed":false,"inline_featured_image":false},"product_cat":[748,1199],"product_tag":[],"class_list":{"0":"post-116473","1":"product","2":"type-product","3":"status-publish","4":"has-post-thumbnail","6":"product_cat-pladebelastede-maskiner","7":"product_cat-prime-series-pladelaesset","9":"first","10":"instock","11":"shipping-taxable","12":"purchasable","13":"product-type-simple"},"acf":[],"_links":{"self":[{"href":"https:\/\/store.evolve-fitness.eu\/da\/wp-json\/wp\/v2\/product\/116473","targetHints":{"allow":["GET"]}}],"collection":[{"href":"https:\/\/store.evolve-fitness.eu\/da\/wp-json\/wp\/v2\/product"}],"about":[{"href":"https:\/\/store.evolve-fitness.eu\/da\/wp-json\/wp\/v2\/types\/product"}],"wp:featuredmedia":[{"embeddable":true,"href":"https:\/\/store.evolve-fitness.eu\/da\/wp-json\/wp\/v2\/media\/116496"}],"wp:attachment":[{"href":"https:\/\/store.evolve-fitness.eu\/da\/wp-json\/wp\/v2\/media?parent=116473"}],"wp:term":[{"taxonomy":"product_cat","embeddable":true,"href":"https:\/\/store.evolve-fitness.eu\/da\/wp-json\/wp\/v2\/product_cat?post=116473"},{"taxonomy":"product_tag","embeddable":true,"href":"https:\/\/store.evolve-fitness.eu\/da\/wp-json\/wp\/v2\/product_tag?post=116473"}],"curies":[{"name":"wp","href":"https:\/\/api.w.org\/{rel}","templated":true}]}}