{"id":115942,"date":"2025-03-10T08:57:00","date_gmt":"2025-03-10T08:57:00","guid":{"rendered":"https:\/\/store.evolve-fitness.eu\/?post_type=product&#038;p=115942"},"modified":"2025-04-04T06:21:47","modified_gmt":"2025-04-04T06:21:47","slug":"evolve-prime-series-plate-loaded-front-lat-pull-down-1","status":"publish","type":"product","link":"https:\/\/store.evolve-fitness.eu\/da\/vare\/evolve-prime-series-plate-loaded-front-lat-pull-down-1\/","title":{"rendered":"Evolve Prime Series Plate Loaded Front Lat Pull Down"},"content":{"rendered":"\n<section class=\"wp-block-group alignfull black-content has-white-color has-darkgray-background-color has-text-color has-background is-layout-constrained wp-block-group-is-layout-constrained\" style=\"padding-top:var(--wp--preset--spacing--section-bottom);padding-bottom:var(--wp--preset--spacing--section-bottom)\">\n<h3 class=\"wp-block-heading has-text-align-center\"><strong><strong>EVOLVE PLADEBELASTET PRIME-SERIE<\/strong><\/strong><\/h3>\n\n\n\n<p>Med Evolve Plate Loaded Prime Series er ekspertise standarden. L\u00f8ft din styrketr\u00e6ning med maskiner, der er designet til komfort, holdbarhed og ydeevne. Udforsk hele serien i dag, og omdefiner din fitnessrejse.  <\/p>\n\n\n\n<section class=\"wp-block-group alignfull black-content has-white-color has-darkgray-background-color has-text-color has-background is-layout-constrained wp-block-group-is-layout-constrained\" style=\"padding-top:var(--wp--preset--spacing--section-bottom);padding-bottom:var(--wp--preset--spacing--section-bottom)\">\n<div class=\"wp-block-columns alignwide mobile-reverse is-layout-flex wp-container-core-columns-is-layout-ca64bf2d wp-block-columns-is-layout-flex\" style=\"margin-bottom:var(--wp--preset--spacing--side-padding)\">\n<div class=\"wp-block-column is-vertically-aligned-center is-layout-flow wp-block-column-is-layout-flow\">\n<h3 class=\"wp-block-heading\" style=\"margin-bottom:var(--wp--preset--spacing--h-3-bottom)\"><strong><strong><strong><strong><strong><strong><strong><strong>Evolve Prime Series Plate Loaded Front Lat Pulldown<\/strong><\/strong><\/strong><\/strong><\/strong><\/strong><\/strong><\/strong><\/h3>\n\n\n\n<p><em><strong><em><strong><strong><strong><strong>L\u00e5s op for overlegen rygstyrke med pr\u00e6cise tr\u00e6kkemekanismer<\/strong><\/strong><\/strong><\/strong><\/em><\/strong><\/em><\/p>\n\n\n\n<p style=\"margin-bottom:var(--wp--preset--spacing--tb-section-padding)\"><strong>Evolve Prime Series Plate Loaded Front Lat Pulldown<\/strong> er designet til at maksimere lat-engagement og overkropsstyrke med en naturlig og kontrolleret tr\u00e6kbev\u00e6gelse. Med et ergonomisk s\u00e6de, justerbare l\u00e5rpuder og et pladebelastet modstandssystem giver denne maskine mulighed for progressiv overbelastning for at im\u00f8dekomme alle fitnessniveauer. Den glatte og biomekanisk optimerede bev\u00e6gelsesbane sikrer effektiv muskelaktivering, samtidig med at belastningen p\u00e5 leddene minimeres. Denne lat pulldown-maskine er ideel til at udvikle en bred, st\u00e6rk ryg og er et vigtigt element i ethvert styrketr\u00e6ningsprogram.   <\/p>\n\n\n\n<h3 class=\"wp-block-heading\" style=\"margin-bottom:var(--wp--preset--spacing--h-3-bottom)\"><strong><strong><strong><strong><strong><strong><strong>Pr\u00e6cisions-lat-aktivering for maksimal gevinst<\/strong><\/strong><\/strong><\/strong><\/strong><\/strong><\/strong><\/h3>\n\n\n\n<p><strong><em><strong><strong><strong><strong>Kontrolleret, effektiv og tilpasselig modstand<\/strong><\/strong><\/strong><\/strong><\/em><\/strong><\/p>\n\n\n\n<p><strong>Evolve Prime Series Plate Loaded Front Lat Pulldown<\/strong> har uafh\u00e6ngig armbev\u00e6gelse for afbalanceret muskeludvikling, mens de vinklede h\u00e5ndtag giver flere grebsvarianter for at ramme forskellige omr\u00e5der af ryggen. Den robuste ramme og det glatte pladebelastede system sikrer ensartet modstand, s\u00e5 brugerne kan skubbe deres gr\u00e6nser sikkert og effektivt. Uanset om dit m\u00e5l er at forbedre overkroppens styrke, forbedre kropsholdningen eller opbygge en veldefineret ryg, s\u00e5 tilbyder denne maskine den perfekte kombination af stabilitet, komfort og ydeevne.  <\/p>\n<\/div>\n\n\n\n<div class=\"wp-block-column is-vertically-aligned-center is-layout-flow wp-block-column-is-layout-flow\">\n<figure class=\"wp-block-image size-large\"><img loading=\"lazy\" decoding=\"async\" width=\"1024\" height=\"1024\" src=\"https:\/\/store.evolve-fitness.eu\/wp-content\/uploads\/2025\/03\/EV-PL-PR-016-Evolve-Prime-Series-Plate-Loaded-Fron-Lat-Pull-Down-Recovered-1024x1024.png\" alt=\"\" class=\"wp-image-115961\" srcset=\"https:\/\/store.evolve-fitness.eu\/wp-content\/uploads\/2025\/03\/EV-PL-PR-016-Evolve-Prime-Series-Plate-Loaded-Fron-Lat-Pull-Down-Recovered-1024x1024.png 1024w, https:\/\/store.evolve-fitness.eu\/wp-content\/uploads\/2025\/03\/EV-PL-PR-016-Evolve-Prime-Series-Plate-Loaded-Fron-Lat-Pull-Down-Recovered-300x300.png 300w, https:\/\/store.evolve-fitness.eu\/wp-content\/uploads\/2025\/03\/EV-PL-PR-016-Evolve-Prime-Series-Plate-Loaded-Fron-Lat-Pull-Down-Recovered-150x150.png 150w, https:\/\/store.evolve-fitness.eu\/wp-content\/uploads\/2025\/03\/EV-PL-PR-016-Evolve-Prime-Series-Plate-Loaded-Fron-Lat-Pull-Down-Recovered-768x768.png 768w, https:\/\/store.evolve-fitness.eu\/wp-content\/uploads\/2025\/03\/EV-PL-PR-016-Evolve-Prime-Series-Plate-Loaded-Fron-Lat-Pull-Down-Recovered-1536x1536.png 1536w, https:\/\/store.evolve-fitness.eu\/wp-content\/uploads\/2025\/03\/EV-PL-PR-016-Evolve-Prime-Series-Plate-Loaded-Fron-Lat-Pull-Down-Recovered-2048x2048.png 2048w, https:\/\/store.evolve-fitness.eu\/wp-content\/uploads\/2025\/03\/EV-PL-PR-016-Evolve-Prime-Series-Plate-Loaded-Fron-Lat-Pull-Down-Recovered-600x600.png 600w, https:\/\/store.evolve-fitness.eu\/wp-content\/uploads\/2025\/03\/EV-PL-PR-016-Evolve-Prime-Series-Plate-Loaded-Fron-Lat-Pull-Down-Recovered-100x100.png 100w\" sizes=\"auto, (max-width: 1024px) 100vw, 1024px\" \/><\/figure>\n<\/div>\n<\/div>\n<\/section>\n<\/section>\n","protected":false},"excerpt":{"rendered":"<p>Evolve Prime Series Plate Loaded Front Lat Pulldown er designet til at maksimere lat-engagement og overkropsstyrke med en naturlig og kontrolleret tr\u00e6kbev\u00e6gelse. Med et ergonomisk s\u00e6de, justerbare l\u00e5rpuder og et pladebelastet modstandssystem giver denne maskine mulighed for progressiv overbelastning for at im\u00f8dekomme alle fitnessniveauer. Den glatte og biomekanisk optimerede bev\u00e6gelsesbane sikrer effektiv muskelaktivering, samtidig med at belastningen p\u00e5 leddene minimeres. Denne lat pulldown-maskine er ideel til at udvikle en bred, st\u00e6rk ryg og er et vigtigt element i ethvert styrketr\u00e6ningsprogram.   <\/p>\n","protected":false},"featured_media":115965,"template":"","meta":{"_acf_changed":false,"inline_featured_image":false},"product_cat":[748,1199],"product_tag":[],"class_list":{"0":"post-115942","1":"product","2":"type-product","3":"status-publish","4":"has-post-thumbnail","6":"product_cat-pladebelastede-maskiner","7":"product_cat-prime-series-pladelaesset","9":"first","10":"instock","11":"shipping-taxable","12":"purchasable","13":"product-type-simple"},"acf":[],"_links":{"self":[{"href":"https:\/\/store.evolve-fitness.eu\/da\/wp-json\/wp\/v2\/product\/115942","targetHints":{"allow":["GET"]}}],"collection":[{"href":"https:\/\/store.evolve-fitness.eu\/da\/wp-json\/wp\/v2\/product"}],"about":[{"href":"https:\/\/store.evolve-fitness.eu\/da\/wp-json\/wp\/v2\/types\/product"}],"wp:featuredmedia":[{"embeddable":true,"href":"https:\/\/store.evolve-fitness.eu\/da\/wp-json\/wp\/v2\/media\/115965"}],"wp:attachment":[{"href":"https:\/\/store.evolve-fitness.eu\/da\/wp-json\/wp\/v2\/media?parent=115942"}],"wp:term":[{"taxonomy":"product_cat","embeddable":true,"href":"https:\/\/store.evolve-fitness.eu\/da\/wp-json\/wp\/v2\/product_cat?post=115942"},{"taxonomy":"product_tag","embeddable":true,"href":"https:\/\/store.evolve-fitness.eu\/da\/wp-json\/wp\/v2\/product_tag?post=115942"}],"curies":[{"name":"wp","href":"https:\/\/api.w.org\/{rel}","templated":true}]}}