{"id":115766,"date":"2025-03-10T08:29:17","date_gmt":"2025-03-10T08:29:17","guid":{"rendered":"https:\/\/store.evolve-fitness.eu\/?post_type=product&#038;p=115766"},"modified":"2025-12-13T13:25:59","modified_gmt":"2025-12-13T13:25:59","slug":"evolve-prime-series-pladebelastet-brystpres-med-hoj-haeldning","status":"publish","type":"product","link":"https:\/\/store.evolve-fitness.eu\/da\/vare\/evolve-prime-series-pladebelastet-brystpres-med-hoj-haeldning\/","title":{"rendered":"Evolve Prime Series pladebelastet brystpres med h\u00f8j h\u00e6ldning (PR-010)"},"content":{"rendered":"\n<section class=\"wp-block-group alignfull black-content has-white-color has-darkgray-background-color has-text-color has-background is-layout-constrained wp-block-group-is-layout-constrained\" style=\"padding-top:var(--wp--preset--spacing--section-bottom);padding-bottom:var(--wp--preset--spacing--section-bottom)\">\n<h3 class=\"wp-block-heading has-text-align-center\"><strong><strong>EVOLVE PLADEBELASTET PRIME-SERIE<\/strong><\/strong><\/h3>\n\n\n\n<p>Med Evolve Plate Loaded Prime Series er ekspertise standarden. L\u00f8ft din styrketr\u00e6ning med maskiner, der er designet til komfort, holdbarhed og ydeevne. Udforsk hele serien i dag, og omdefiner din fitnessrejse.  <\/p>\n\n\n\n<section class=\"wp-block-group alignfull black-content has-white-color has-darkgray-background-color has-text-color has-background is-layout-constrained wp-block-group-is-layout-constrained\" style=\"padding-top:var(--wp--preset--spacing--section-bottom);padding-bottom:var(--wp--preset--spacing--section-bottom)\">\n<div class=\"wp-block-columns alignwide mobile-reverse is-layout-flex wp-container-core-columns-is-layout-ca64bf2d wp-block-columns-is-layout-flex\" style=\"margin-bottom:var(--wp--preset--spacing--side-padding)\">\n<div class=\"wp-block-column is-vertically-aligned-center is-layout-flow wp-block-column-is-layout-flow\">\n<h3 class=\"wp-block-heading\" style=\"margin-bottom:var(--wp--preset--spacing--h-3-bottom)\"><strong><strong><strong><strong><strong><strong><strong>Evolve Prime Series pladebelastet brystpres med h\u00f8j h\u00e6ldning<\/strong><\/strong><\/strong><\/strong><\/strong><\/strong><\/strong><\/h3>\n\n\n\n<p><em><strong><em><strong><strong><strong>Forbedr udviklingen af det \u00f8vre bryst med optimal biomekanik<\/strong><\/strong><\/strong><\/em><\/strong><\/em><\/p>\n\n\n\n<p style=\"margin-bottom:var(--wp--preset--spacing--tb-section-padding)\"><strong>Evolve Prime Series Plate Loaded High Incline Chest Press<\/strong> er udviklet til at tr\u00e6ne den \u00f8vre del af brystet, skuldrene og triceps med pr\u00e6cision. Denne maskine er designet med en vinklet pressebev\u00e6gelse, der efterligner den naturlige biomekanik i et skr\u00e5t b\u00e6nkpres, samtidig med at den giver stabilitet og sikkerhed p\u00e5 en guidet bane. Det pladebelastede modstandssystem giver mulighed for progressiv overbelastning, hvilket g\u00f8r den ideel til brugere p\u00e5 alle fitnessniveauer. Med et ergonomisk s\u00e6de og justerbare grebspositioner sikrer denne maskine maksimal komfort og effektivitet, s\u00e5 brugerne kan skubbe deres gr\u00e6nser med selvtillid.   <\/p>\n\n\n\n<h3 class=\"wp-block-heading\" style=\"margin-bottom:var(--wp--preset--spacing--h-3-bottom)\"><strong><strong><strong><strong><strong><strong>Maksimer styrken i overkroppen<\/strong><\/strong><\/strong><\/strong><\/strong><\/strong><\/h3>\n\n\n\n<p><strong><em><strong><strong><strong>J\u00e6vn og kontrolleret bev\u00e6gelse for overlegen muskelaktivering<\/strong><\/strong><\/strong><\/em><\/strong><\/p>\n\n\n\n<p><strong>Evolve Prime Series Plate Loaded High Incline Chest Press<\/strong> er bygget til atleter og fitnessentusiaster, der \u00f8nsker at forbedre deres \u00f8vre bryststyrke og definition. Den uafh\u00e6ngige armbev\u00e6gelse fremmer en afbalanceret muskeludvikling, mens den optimerede pressevinkel reducerer belastningen p\u00e5 skuldrene. Den kraftige ramme og den glatte modstandsmekanisme sikrer holdbarhed og ydeevne i ethvert fitnesscenter. Uanset om dit m\u00e5l er muskelhypertrofi, styrkeopbygning eller generel konditionering af overkroppen, giver denne maskine en effektiv og kontrolleret tr\u00e6ningsoplevelse.   <\/p>\n<\/div>\n\n\n\n<div class=\"wp-block-column is-vertically-aligned-center is-layout-flow wp-block-column-is-layout-flow\">\n<figure class=\"wp-block-image size-large\"><img loading=\"lazy\" decoding=\"async\" width=\"1024\" height=\"1024\" src=\"https:\/\/store.evolve-fitness.eu\/wp-content\/uploads\/2025\/03\/EV-PL-PR-010-Evolve-Prime-Series-Plate-Loaded-High-Incline-Chest-Press-Recovered-1024x1024.png\" alt=\"\" class=\"wp-image-115785\" srcset=\"https:\/\/store.evolve-fitness.eu\/wp-content\/uploads\/2025\/03\/EV-PL-PR-010-Evolve-Prime-Series-Plate-Loaded-High-Incline-Chest-Press-Recovered-1024x1024.png 1024w, https:\/\/store.evolve-fitness.eu\/wp-content\/uploads\/2025\/03\/EV-PL-PR-010-Evolve-Prime-Series-Plate-Loaded-High-Incline-Chest-Press-Recovered-300x300.png 300w, https:\/\/store.evolve-fitness.eu\/wp-content\/uploads\/2025\/03\/EV-PL-PR-010-Evolve-Prime-Series-Plate-Loaded-High-Incline-Chest-Press-Recovered-150x150.png 150w, https:\/\/store.evolve-fitness.eu\/wp-content\/uploads\/2025\/03\/EV-PL-PR-010-Evolve-Prime-Series-Plate-Loaded-High-Incline-Chest-Press-Recovered-768x768.png 768w, https:\/\/store.evolve-fitness.eu\/wp-content\/uploads\/2025\/03\/EV-PL-PR-010-Evolve-Prime-Series-Plate-Loaded-High-Incline-Chest-Press-Recovered-1536x1536.png 1536w, https:\/\/store.evolve-fitness.eu\/wp-content\/uploads\/2025\/03\/EV-PL-PR-010-Evolve-Prime-Series-Plate-Loaded-High-Incline-Chest-Press-Recovered-2048x2048.png 2048w, https:\/\/store.evolve-fitness.eu\/wp-content\/uploads\/2025\/03\/EV-PL-PR-010-Evolve-Prime-Series-Plate-Loaded-High-Incline-Chest-Press-Recovered-600x600.png 600w, https:\/\/store.evolve-fitness.eu\/wp-content\/uploads\/2025\/03\/EV-PL-PR-010-Evolve-Prime-Series-Plate-Loaded-High-Incline-Chest-Press-Recovered-100x100.png 100w\" sizes=\"auto, (max-width: 1024px) 100vw, 1024px\" \/><\/figure>\n<\/div>\n<\/div>\n<\/section>\n<\/section>\n","protected":false},"excerpt":{"rendered":"<p>Evolve Prime Series Plate-Loaded High Incline Chest Press (EV-PL-PR-010) er ekspertdesignet til at m\u00e5lrette den \u00f8vre del af brystet, skuldrene og triceps, hvilket giver en kraftfuld og kontrolleret pressebev\u00e6gelse. Med sin h\u00f8je h\u00e6ldningsvinkel fremh\u00e6ver denne maskine den clavikul\u00e6re del af brystmusklerne og fremmer overlegen udvikling af overkroppen. Den er konstrueret til j\u00e6vn bev\u00e6gelse og ergonomisk positionering og sikrer optimal biomekanik, s\u00e5 brugerne kan tr\u00e6ne sikkert og effektivt. Uanset om dit m\u00e5l er at opbygge muskelmasse, \u00f8ge styrken eller forbedre pressepr\u00e6stationen, er denne pladebelastede maskine en vigtig tilf\u00f8jelse til enhver avanceret tr\u00e6ningsops\u00e6tning.   <\/p>\n","protected":false},"featured_media":115789,"template":"","meta":{"_acf_changed":false,"inline_featured_image":false},"product_cat":[748,1199],"product_tag":[],"class_list":{"0":"post-115766","1":"product","2":"type-product","3":"status-publish","4":"has-post-thumbnail","6":"product_cat-pladebelastede-maskiner","7":"product_cat-prime-series-pladelaesset","9":"first","10":"instock","11":"shipping-taxable","12":"purchasable","13":"product-type-simple"},"acf":[],"_links":{"self":[{"href":"https:\/\/store.evolve-fitness.eu\/da\/wp-json\/wp\/v2\/product\/115766","targetHints":{"allow":["GET"]}}],"collection":[{"href":"https:\/\/store.evolve-fitness.eu\/da\/wp-json\/wp\/v2\/product"}],"about":[{"href":"https:\/\/store.evolve-fitness.eu\/da\/wp-json\/wp\/v2\/types\/product"}],"wp:featuredmedia":[{"embeddable":true,"href":"https:\/\/store.evolve-fitness.eu\/da\/wp-json\/wp\/v2\/media\/115789"}],"wp:attachment":[{"href":"https:\/\/store.evolve-fitness.eu\/da\/wp-json\/wp\/v2\/media?parent=115766"}],"wp:term":[{"taxonomy":"product_cat","embeddable":true,"href":"https:\/\/store.evolve-fitness.eu\/da\/wp-json\/wp\/v2\/product_cat?post=115766"},{"taxonomy":"product_tag","embeddable":true,"href":"https:\/\/store.evolve-fitness.eu\/da\/wp-json\/wp\/v2\/product_tag?post=115766"}],"curies":[{"name":"wp","href":"https:\/\/api.w.org\/{rel}","templated":true}]}}