{"id":115666,"date":"2025-03-10T07:56:06","date_gmt":"2025-03-10T07:56:06","guid":{"rendered":"https:\/\/store.evolve-fitness.eu\/?post_type=product&#038;p=115666"},"modified":"2025-04-04T06:23:42","modified_gmt":"2025-04-04T06:23:42","slug":"evolve-prime-series-plate-loaded-seated-dy-row-recovered-2","status":"publish","type":"product","link":"https:\/\/store.evolve-fitness.eu\/da\/vare\/evolve-prime-series-plate-loaded-seated-dy-row-recovered-2\/","title":{"rendered":"Evolve Prime Series Plate Loaded Seated DY Row Recovered"},"content":{"rendered":"\n<section class=\"wp-block-group alignfull black-content has-white-color has-darkgray-background-color has-text-color has-background is-layout-constrained wp-block-group-is-layout-constrained\" style=\"padding-top:var(--wp--preset--spacing--section-bottom);padding-bottom:var(--wp--preset--spacing--section-bottom)\">\n<h3 class=\"wp-block-heading has-text-align-center\"><strong><strong>EVOLVE PLADEBELASTET PRIME-SERIE<\/strong><\/strong><\/h3>\n\n\n\n<p>Med Evolve Plate Loaded Prime Series er ekspertise standarden. L\u00f8ft din styrketr\u00e6ning med maskiner, der er designet til komfort, holdbarhed og ydeevne. Udforsk hele serien i dag, og omdefiner din fitnessrejse.  <\/p>\n\n\n\n<section class=\"wp-block-group alignfull black-content has-white-color has-darkgray-background-color has-text-color has-background is-layout-constrained wp-block-group-is-layout-constrained\" style=\"padding-top:var(--wp--preset--spacing--section-bottom);padding-bottom:var(--wp--preset--spacing--section-bottom)\">\n<div class=\"wp-block-columns alignwide mobile-reverse is-layout-flex wp-container-core-columns-is-layout-ca64bf2d wp-block-columns-is-layout-flex\" style=\"margin-bottom:var(--wp--preset--spacing--side-padding)\">\n<div class=\"wp-block-column is-vertically-aligned-center is-layout-flow wp-block-column-is-layout-flow\">\n<h3 class=\"wp-block-heading\" style=\"margin-bottom:var(--wp--preset--spacing--h-3-bottom)\"><strong><strong><strong><strong><strong><strong>Evolve Prime Series pladebelastet siddende DY-r\u00e6kke<\/strong><\/strong><\/strong><\/strong><\/strong><\/strong><\/h3>\n\n\n\n<p><em><strong><em><strong><strong>Overlegen indgreb i ryggen med pr\u00e6cisionsbiomekanik<\/strong><\/strong><\/em><\/strong><\/em><\/p>\n\n\n\n<p style=\"margin-bottom:var(--wp--preset--spacing--tb-section-padding)\"><strong>Evolve Prime Series Plate Loaded Seated DY Row<\/strong> er designet til at maksimere aktiveringen af rygmusklerne og samtidig opretholde korrekt form og kontrol. Med et ergonomisk s\u00e6de, en vinklet brystpude og et pladebelastet modstandssystem er denne maskine m\u00e5lrettet lats, traps og rear delts med pr\u00e6cision. Den uafh\u00e6ngige armbev\u00e6gelse fremmer en afbalanceret muskeludvikling, mens de justerbare h\u00e5ndtag giver plads til forskellige grebspositioner for en tilpasset tr\u00e6ning. Denne romaskine er bygget til styrke og holdbarhed og er ideel til atleter og fitnessentusiaster, der \u00f8nsker at forbedre deres overkropskraft.   <\/p>\n\n\n\n<h3 class=\"wp-block-heading\" style=\"margin-bottom:var(--wp--preset--spacing--h-3-bottom)\"><strong><strong><strong><strong><strong><strong>M\u00e5lret din ryg med uovertruffen effektivitet<\/strong><\/strong><\/strong><\/strong><\/strong><\/strong><\/h3>\n\n\n\n<p><strong><em><strong><strong>Biomekanisk optimeret til maksimal muskelaktivering<\/strong><\/strong><\/em><\/strong><\/p>\n\n\n\n<p><strong>Evolve Prime Series Plate Loaded Seated DY Row<\/strong> sikrer en naturlig tr\u00e6kbev\u00e6gelse, der forbedrer ryggen og minimerer un\u00f8dvendig belastning. Brystst\u00f8tten stabiliserer overkroppen, s\u00e5 brugerne kan fokusere fuldt ud p\u00e5 sammentr\u00e6kning og kontrol. Det pladebelastede system giver mulighed for progressiv modstand, hvilket g\u00f8r den velegnet til alle fitnessniveauer. Uanset om du opbygger styrke, forbedrer kropsholdning eller \u00f8ger muskelmassen, giver denne maskine en kraftfuld og effektiv rygtr\u00e6ning med hver eneste gentagelse.   <\/p>\n<\/div>\n\n\n\n<div class=\"wp-block-column is-vertically-aligned-center is-layout-flow wp-block-column-is-layout-flow\">\n<figure class=\"wp-block-image size-large\"><img loading=\"lazy\" decoding=\"async\" width=\"1024\" height=\"1024\" src=\"https:\/\/store.evolve-fitness.eu\/wp-content\/uploads\/2025\/03\/EV-PL-PR-013-Evolve-Prime-Series-Plate-Loaded-Seated-DY-Row-Recovered-1-1024x1024.png\" alt=\"\" class=\"wp-image-115710\" srcset=\"https:\/\/store.evolve-fitness.eu\/wp-content\/uploads\/2025\/03\/EV-PL-PR-013-Evolve-Prime-Series-Plate-Loaded-Seated-DY-Row-Recovered-1-1024x1024.png 1024w, https:\/\/store.evolve-fitness.eu\/wp-content\/uploads\/2025\/03\/EV-PL-PR-013-Evolve-Prime-Series-Plate-Loaded-Seated-DY-Row-Recovered-1-300x300.png 300w, https:\/\/store.evolve-fitness.eu\/wp-content\/uploads\/2025\/03\/EV-PL-PR-013-Evolve-Prime-Series-Plate-Loaded-Seated-DY-Row-Recovered-1-150x150.png 150w, https:\/\/store.evolve-fitness.eu\/wp-content\/uploads\/2025\/03\/EV-PL-PR-013-Evolve-Prime-Series-Plate-Loaded-Seated-DY-Row-Recovered-1-768x768.png 768w, https:\/\/store.evolve-fitness.eu\/wp-content\/uploads\/2025\/03\/EV-PL-PR-013-Evolve-Prime-Series-Plate-Loaded-Seated-DY-Row-Recovered-1-1536x1536.png 1536w, https:\/\/store.evolve-fitness.eu\/wp-content\/uploads\/2025\/03\/EV-PL-PR-013-Evolve-Prime-Series-Plate-Loaded-Seated-DY-Row-Recovered-1-2048x2048.png 2048w, https:\/\/store.evolve-fitness.eu\/wp-content\/uploads\/2025\/03\/EV-PL-PR-013-Evolve-Prime-Series-Plate-Loaded-Seated-DY-Row-Recovered-1-600x600.png 600w, https:\/\/store.evolve-fitness.eu\/wp-content\/uploads\/2025\/03\/EV-PL-PR-013-Evolve-Prime-Series-Plate-Loaded-Seated-DY-Row-Recovered-1-100x100.png 100w\" sizes=\"auto, (max-width: 1024px) 100vw, 1024px\" \/><\/figure>\n<\/div>\n<\/div>\n<\/section>\n<\/section>\n","protected":false},"excerpt":{"rendered":"<p>Evolve Prime Series Plate Loaded Seated DY Row er designet til at maksimere aktiveringen af rygmusklerne og samtidig opretholde korrekt form og kontrol. Med et ergonomisk s\u00e6de, en vinklet brystpude og et pladebelastet modstandssystem er denne maskine m\u00e5lrettet lats, traps og rear delts med pr\u00e6cision. Den uafh\u00e6ngige armbev\u00e6gelse fremmer en afbalanceret muskeludvikling, mens de justerbare h\u00e5ndtag giver plads til forskellige grebspositioner for en tilpasset tr\u00e6ning. Denne romaskine er bygget til styrke og holdbarhed og er ideel til atleter og fitnessentusiaster, der \u00f8nsker at forbedre deres overkropskraft.   <\/p>\n","protected":false},"featured_media":115689,"template":"","meta":{"_acf_changed":false,"inline_featured_image":false},"product_cat":[748,1199],"product_tag":[],"class_list":{"0":"post-115666","1":"product","2":"type-product","3":"status-publish","4":"has-post-thumbnail","6":"product_cat-pladebelastede-maskiner","7":"product_cat-prime-series-pladelaesset","9":"first","10":"instock","11":"shipping-taxable","12":"purchasable","13":"product-type-simple"},"acf":[],"_links":{"self":[{"href":"https:\/\/store.evolve-fitness.eu\/da\/wp-json\/wp\/v2\/product\/115666","targetHints":{"allow":["GET"]}}],"collection":[{"href":"https:\/\/store.evolve-fitness.eu\/da\/wp-json\/wp\/v2\/product"}],"about":[{"href":"https:\/\/store.evolve-fitness.eu\/da\/wp-json\/wp\/v2\/types\/product"}],"wp:featuredmedia":[{"embeddable":true,"href":"https:\/\/store.evolve-fitness.eu\/da\/wp-json\/wp\/v2\/media\/115689"}],"wp:attachment":[{"href":"https:\/\/store.evolve-fitness.eu\/da\/wp-json\/wp\/v2\/media?parent=115666"}],"wp:term":[{"taxonomy":"product_cat","embeddable":true,"href":"https:\/\/store.evolve-fitness.eu\/da\/wp-json\/wp\/v2\/product_cat?post=115666"},{"taxonomy":"product_tag","embeddable":true,"href":"https:\/\/store.evolve-fitness.eu\/da\/wp-json\/wp\/v2\/product_tag?post=115666"}],"curies":[{"name":"wp","href":"https:\/\/api.w.org\/{rel}","templated":true}]}}