{"id":114683,"date":"2025-03-07T14:20:26","date_gmt":"2025-03-07T14:20:26","guid":{"rendered":"https:\/\/store.evolve-fitness.eu\/?post_type=product&#038;p=114683"},"modified":"2026-02-07T12:02:25","modified_gmt":"2026-02-07T12:02:25","slug":"evolve-ultra-series-hip-thrust-med-baelte","status":"publish","type":"product","link":"https:\/\/store.evolve-fitness.eu\/da\/vare\/evolve-ultra-series-hip-thrust-med-baelte\/","title":{"rendered":"Evolve Ultra Series Hip Thrust med b\u00e6lte"},"content":{"rendered":"","protected":false},"excerpt":{"rendered":"<p>Maksimer din tr\u00e6ning af baller og underkrop med Evolve Ultra Series Hip Thrust med b\u00e6lte. Denne maskine er designet til b\u00e5de begyndere og avancerede atleter og giver en sikker og effektiv m\u00e5de at opbygge styrke, kraft og muskeldefinition p\u00e5. Det b\u00e6ltedrevne modstandssystem sikrer optimal komfort og stabilitet, samtidig med at det reducerer belastningen p\u00e5 l\u00e6nden, hvilket g\u00f8r den til et fremragende valg til progressiv overbelastning og funktionel tr\u00e6ning.  <\/p>\n","protected":false},"featured_media":114706,"template":"","meta":{"_acf_changed":false,"inline_featured_image":false},"product_cat":[748,749],"product_tag":[],"class_list":{"0":"post-114683","1":"product","2":"type-product","3":"status-publish","4":"has-post-thumbnail","6":"product_cat-pladebelastede-maskiner","7":"product_cat-ultra-series-pladebelastet","9":"first","10":"instock","11":"shipping-taxable","12":"purchasable","13":"product-type-simple"},"acf":[],"_links":{"self":[{"href":"https:\/\/store.evolve-fitness.eu\/da\/wp-json\/wp\/v2\/product\/114683","targetHints":{"allow":["GET"]}}],"collection":[{"href":"https:\/\/store.evolve-fitness.eu\/da\/wp-json\/wp\/v2\/product"}],"about":[{"href":"https:\/\/store.evolve-fitness.eu\/da\/wp-json\/wp\/v2\/types\/product"}],"wp:featuredmedia":[{"embeddable":true,"href":"https:\/\/store.evolve-fitness.eu\/da\/wp-json\/wp\/v2\/media\/114706"}],"wp:attachment":[{"href":"https:\/\/store.evolve-fitness.eu\/da\/wp-json\/wp\/v2\/media?parent=114683"}],"wp:term":[{"taxonomy":"product_cat","embeddable":true,"href":"https:\/\/store.evolve-fitness.eu\/da\/wp-json\/wp\/v2\/product_cat?post=114683"},{"taxonomy":"product_tag","embeddable":true,"href":"https:\/\/store.evolve-fitness.eu\/da\/wp-json\/wp\/v2\/product_tag?post=114683"}],"curies":[{"name":"wp","href":"https:\/\/api.w.org\/{rel}","templated":true}]}}