{"id":108990,"date":"2025-02-11T07:22:33","date_gmt":"2025-02-11T07:22:33","guid":{"rendered":"https:\/\/store.evolve-fitness.eu\/?post_type=product&#038;p=108990"},"modified":"2025-03-27T08:30:11","modified_gmt":"2025-03-27T08:30:11","slug":"evolve-komplet-hjemmerig","status":"publish","type":"product","link":"https:\/\/store.evolve-fitness.eu\/da\/vare\/evolve-komplet-hjemmerig\/","title":{"rendered":"Evolve komplet hjemmerig"},"content":{"rendered":"","protected":false},"excerpt":{"rendered":"<p>Forvandl din hjemmetr\u00e6ning med et komplet udstyr, der tilbyder uovertruffen alsidighed, holdbarhed og ydeevne. Dette alt-i-et-system er designet til styrketr\u00e6ningsentusiaster og underst\u00f8tter en bred vifte af \u00f8velser, fra squats og b\u00e6nkpres til pull-ups og funktionel tr\u00e6ning. Med redskaber, der kan tilpasses, og justerbare h\u00f8jder tilpasser det sig forskellige fitnessniveauer og sikrer optimal ergonomi og sikkerhed. Den er bygget af kraftigt st\u00e5l og har et kompakt, men rummeligt design, som maksimerer tr\u00e6ningseffektiviteten, samtidig med at den bevarer stabiliteten ved tunge l\u00f8ft. Uanset om du fokuserer p\u00e5 styrke, udholdenhed eller funktionel fitness, er dette udstyr din alt-i-en-l\u00f8sning til et professionelt hjemmegym.<\/p>\n","protected":false},"featured_media":114579,"template":"","meta":{"_acf_changed":false,"inline_featured_image":false},"product_cat":[353,585,676],"product_tag":[],"class_list":{"0":"post-108990","1":"product","2":"type-product","3":"status-publish","4":"has-post-thumbnail","6":"product_cat-forside","7":"product_cat-tvaergaende-og-funktionel","8":"product_cat-komplette-opsaetninger-af-rigge","10":"first","11":"instock","12":"shipping-taxable","13":"purchasable","14":"product-type-simple"},"acf":[],"_links":{"self":[{"href":"https:\/\/store.evolve-fitness.eu\/da\/wp-json\/wp\/v2\/product\/108990","targetHints":{"allow":["GET"]}}],"collection":[{"href":"https:\/\/store.evolve-fitness.eu\/da\/wp-json\/wp\/v2\/product"}],"about":[{"href":"https:\/\/store.evolve-fitness.eu\/da\/wp-json\/wp\/v2\/types\/product"}],"wp:featuredmedia":[{"embeddable":true,"href":"https:\/\/store.evolve-fitness.eu\/da\/wp-json\/wp\/v2\/media\/114579"}],"wp:attachment":[{"href":"https:\/\/store.evolve-fitness.eu\/da\/wp-json\/wp\/v2\/media?parent=108990"}],"wp:term":[{"taxonomy":"product_cat","embeddable":true,"href":"https:\/\/store.evolve-fitness.eu\/da\/wp-json\/wp\/v2\/product_cat?post=108990"},{"taxonomy":"product_tag","embeddable":true,"href":"https:\/\/store.evolve-fitness.eu\/da\/wp-json\/wp\/v2\/product_tag?post=108990"}],"curies":[{"name":"wp","href":"https:\/\/api.w.org\/{rel}","templated":true}]}}