{"id":105813,"date":"2025-02-10T13:42:14","date_gmt":"2025-02-10T13:42:14","guid":{"rendered":"https:\/\/store.evolve-fitness.eu\/?post_type=product&#038;p=105813"},"modified":"2026-03-04T12:00:36","modified_gmt":"2026-03-04T12:00:36","slug":"evolve-prime-series-plate-loaded-leg-curl-leg-extension-2","status":"publish","type":"product","link":"https:\/\/store.evolve-fitness.eu\/da\/vare\/evolve-prime-series-plate-loaded-leg-curl-leg-extension-2\/","title":{"rendered":"Evolve Prime Series Plate Loaded Leg Curl &amp; Leg Extension"},"content":{"rendered":"\n<section class=\"wp-block-group alignfull black-content has-white-color has-darkgray-background-color has-text-color has-background is-layout-constrained wp-block-group-is-layout-constrained\" style=\"padding-top:var(--wp--preset--spacing--section-bottom);padding-bottom:var(--wp--preset--spacing--section-bottom)\">\n<h3 class=\"wp-block-heading has-text-align-center\"><strong><strong>EVOLVE PLADEBELASTET PRIME-SERIE<\/strong><\/strong><\/h3>\n\n\n\n<p>Med Evolve Plate Loaded Prime Series er ekspertise standarden. L\u00f8ft din styrketr\u00e6ning med maskiner, der er designet til komfort, holdbarhed og ydeevne. Udforsk hele serien i dag, og omdefiner din fitnessrejse.  <\/p>\n\n\n\n<section class=\"wp-block-group alignfull black-content has-white-color has-darkgray-background-color has-text-color has-background is-layout-constrained wp-block-group-is-layout-constrained\" style=\"padding-top:var(--wp--preset--spacing--section-bottom);padding-bottom:var(--wp--preset--spacing--section-bottom)\">\n<div class=\"wp-block-columns alignwide mobile-reverse is-layout-flex wp-container-core-columns-is-layout-ca64bf2d wp-block-columns-is-layout-flex\" style=\"margin-bottom:var(--wp--preset--spacing--side-padding)\">\n<div class=\"wp-block-column is-vertically-aligned-center is-layout-flow wp-block-column-is-layout-flow\">\n<h3 class=\"wp-block-heading\" style=\"margin-bottom:var(--wp--preset--spacing--h-3-bottom)\"><strong><strong><strong>Omfattende udnyttelsesmuligheder<\/strong><\/strong><\/strong><\/h3>\n\n\n\n<p><strong><em><strong>Dobbeltfunktionalitet til bentr\u00e6ning<\/strong><\/em><\/strong><\/p>\n\n\n\n<p style=\"margin-bottom:var(--wp--preset--spacing--tb-section-padding)\">Evolve Prime Series Plate Loaded Leg Curl &amp; Leg Extension er rettet mod b\u00e5de hamstrings og quadriceps og tilbyder alsidig bentr\u00e6ning. Det intuitive justeringssystem og de farvestr\u00e5lende komponenter sikrer nem ops\u00e6tning og overgang mellem \u00f8velser, hvilket forbedrer den samlede tr\u00e6ningsoplevelse. <\/p>\n\n\n\n<h3 class=\"wp-block-heading\" style=\"margin-bottom:var(--wp--preset--spacing--h-3-bottom)\"><strong><strong><strong><strong><strong>Bygget til holdbarhed og effektivitet<\/strong><\/strong><\/strong><\/strong><\/strong><\/h3>\n\n\n\n<p><strong><em>Funktioner af h\u00f8j kvalitet<\/em><\/strong><\/p>\n\n\n\n<p>Denne maskine er konstrueret af kraftigt stof i h\u00f8j kvalitet og hardware i rustfrit st\u00e5l og sikrer langvarig brug. Den elektrostatiske spr\u00f8jteteknologi med termoh\u00e6rdende pulver giver en holdbar finish, der bevarer udstyrets udseende.  Integrerede pinde til opbevaring af v\u00e6gtskiver maksimerer pladseffektiviteten og holder dit tr\u00e6ningsomr\u00e5de organiseret.<\/p>\n<\/div>\n\n\n\n<div class=\"wp-block-column is-vertically-aligned-center is-layout-flow wp-block-column-is-layout-flow\">\n<figure class=\"wp-block-image size-large\"><img loading=\"lazy\" decoding=\"async\" width=\"1024\" height=\"1024\" src=\"https:\/\/store.evolve-fitness.eu\/wp-content\/uploads\/2025\/02\/EV-PL-PR-066-Evolve-Prime-Series-Plate-Loaded-Leg-Curl-1-1024x1024.png\" alt=\"\" class=\"wp-image-117422\" srcset=\"https:\/\/store.evolve-fitness.eu\/wp-content\/uploads\/2025\/02\/EV-PL-PR-066-Evolve-Prime-Series-Plate-Loaded-Leg-Curl-1-1024x1024.png 1024w, https:\/\/store.evolve-fitness.eu\/wp-content\/uploads\/2025\/02\/EV-PL-PR-066-Evolve-Prime-Series-Plate-Loaded-Leg-Curl-1-300x300.png 300w, https:\/\/store.evolve-fitness.eu\/wp-content\/uploads\/2025\/02\/EV-PL-PR-066-Evolve-Prime-Series-Plate-Loaded-Leg-Curl-1-150x150.png 150w, https:\/\/store.evolve-fitness.eu\/wp-content\/uploads\/2025\/02\/EV-PL-PR-066-Evolve-Prime-Series-Plate-Loaded-Leg-Curl-1-768x768.png 768w, https:\/\/store.evolve-fitness.eu\/wp-content\/uploads\/2025\/02\/EV-PL-PR-066-Evolve-Prime-Series-Plate-Loaded-Leg-Curl-1-1536x1536.png 1536w, https:\/\/store.evolve-fitness.eu\/wp-content\/uploads\/2025\/02\/EV-PL-PR-066-Evolve-Prime-Series-Plate-Loaded-Leg-Curl-1-2048x2048.png 2048w, https:\/\/store.evolve-fitness.eu\/wp-content\/uploads\/2025\/02\/EV-PL-PR-066-Evolve-Prime-Series-Plate-Loaded-Leg-Curl-1-600x600.png 600w, https:\/\/store.evolve-fitness.eu\/wp-content\/uploads\/2025\/02\/EV-PL-PR-066-Evolve-Prime-Series-Plate-Loaded-Leg-Curl-1-100x100.png 100w\" sizes=\"auto, (max-width: 1024px) 100vw, 1024px\" \/><\/figure>\n<\/div>\n<\/div>\n<\/section>\n<\/section>\n","protected":false},"excerpt":{"rendered":"<p>Evolve Prime Series Plate Loaded Leg Curl &amp; Leg Extension (EV-PL-PR-066) er en f\u00f8rsteklasses fitnessmaskine, der er designet til at forbedre din bentr\u00e6ning. Denne maskine er bygget af materialer af kommerciel kvalitet og lover komfort, holdbarhed og ydeevne. Dens ergonomiske design og justerbare funktioner henvender sig til brugere p\u00e5 alle fitnessniveauer, hvilket g\u00f8r den til en fremragende tilf\u00f8jelse til ethvert professionelt fitnesscenter.  <\/p>\n","protected":false},"featured_media":117401,"template":"","meta":{"_acf_changed":false,"inline_featured_image":false},"product_cat":[748,1199],"product_tag":[],"class_list":{"0":"post-105813","1":"product","2":"type-product","3":"status-publish","4":"has-post-thumbnail","6":"product_cat-pladebelastede-maskiner","7":"product_cat-prime-series-pladelaesset","9":"first","10":"instock","11":"shipping-taxable","12":"purchasable","13":"product-type-simple"},"acf":[],"_links":{"self":[{"href":"https:\/\/store.evolve-fitness.eu\/da\/wp-json\/wp\/v2\/product\/105813","targetHints":{"allow":["GET"]}}],"collection":[{"href":"https:\/\/store.evolve-fitness.eu\/da\/wp-json\/wp\/v2\/product"}],"about":[{"href":"https:\/\/store.evolve-fitness.eu\/da\/wp-json\/wp\/v2\/types\/product"}],"wp:featuredmedia":[{"embeddable":true,"href":"https:\/\/store.evolve-fitness.eu\/da\/wp-json\/wp\/v2\/media\/117401"}],"wp:attachment":[{"href":"https:\/\/store.evolve-fitness.eu\/da\/wp-json\/wp\/v2\/media?parent=105813"}],"wp:term":[{"taxonomy":"product_cat","embeddable":true,"href":"https:\/\/store.evolve-fitness.eu\/da\/wp-json\/wp\/v2\/product_cat?post=105813"},{"taxonomy":"product_tag","embeddable":true,"href":"https:\/\/store.evolve-fitness.eu\/da\/wp-json\/wp\/v2\/product_tag?post=105813"}],"curies":[{"name":"wp","href":"https:\/\/api.w.org\/{rel}","templated":true}]}}