{"id":105288,"date":"2025-02-10T12:44:41","date_gmt":"2025-02-10T12:44:41","guid":{"rendered":"https:\/\/store.evolve-fitness.eu\/?post_type=product&#038;p=105288"},"modified":"2026-03-18T12:00:39","modified_gmt":"2026-03-18T12:00:39","slug":"evolve-prime-series-plate-loaded-incline-chest-press-ny-model","status":"publish","type":"product","link":"https:\/\/store.evolve-fitness.eu\/da\/vare\/evolve-prime-series-plate-loaded-incline-chest-press-ny-model\/","title":{"rendered":"Evolve Prime Series Plate Loaded Incline Chest Press ny model"},"content":{"rendered":"\n<section class=\"wp-block-group alignfull black-content has-white-color has-darkgray-background-color has-text-color has-background is-layout-constrained wp-block-group-is-layout-constrained\" style=\"padding-top:var(--wp--preset--spacing--section-bottom);padding-bottom:var(--wp--preset--spacing--section-bottom)\">\n<h3 class=\"wp-block-heading has-text-align-center\"><strong><strong>EVOLVE PLADEBELASTET PRIME-SERIE<\/strong><\/strong><\/h3>\n\n\n\n<p>Med Evolve Plate Loaded Prime Series er ekspertise standarden. L\u00f8ft din styrketr\u00e6ning med maskiner, der er designet til komfort, holdbarhed og ydeevne. Udforsk hele serien i dag, og omdefiner din fitnessrejse.  <\/p>\n\n\n\n<section class=\"wp-block-group alignfull black-content has-white-color has-darkgray-background-color has-text-color has-background is-layout-constrained wp-block-group-is-layout-constrained\" style=\"padding-top:var(--wp--preset--spacing--section-bottom);padding-bottom:var(--wp--preset--spacing--section-bottom)\">\n<div class=\"wp-block-columns alignwide mobile-reverse is-layout-flex wp-container-core-columns-is-layout-ca64bf2d wp-block-columns-is-layout-flex\" style=\"margin-bottom:var(--wp--preset--spacing--side-padding)\">\n<div class=\"wp-block-column is-vertically-aligned-center is-layout-flow wp-block-column-is-layout-flow\">\n<h3 class=\"wp-block-heading\" style=\"margin-bottom:var(--wp--preset--spacing--h-3-bottom)\"><strong><strong><strong>Effektiv brysttr\u00e6ning<\/strong><\/strong><\/strong><\/h3>\n\n\n\n<p><strong><em><strong>M\u00e5lrettet aktivering af musklerne<\/strong><\/em><\/strong><\/p>\n\n\n\n<p style=\"margin-bottom:var(--wp--preset--spacing--tb-section-padding)\">Evolve Prime Series Plate Loaded Chest Press tr\u00e6ner effektivt bryst, skuldre og triceps. Det brugervenlige justeringssystem og de levende gule komponenter sikrer nem ops\u00e6tning og \u00f8velsesovergange og giver en alsidig tr\u00e6ningsoplevelse. <\/p>\n\n\n\n<h3 class=\"wp-block-heading\" style=\"margin-bottom:var(--wp--preset--spacing--h-3-bottom)\"><strong><strong><strong><strong><strong>Funktioner af h\u00f8j kvalitet<\/strong><\/strong><\/strong><\/strong><\/strong><\/h3>\n\n\n\n<p><strong><em>Holdbarhed og pladsbesparelse<\/em><\/strong><\/p>\n\n\n\n<p>Denne maskine er fremstillet af kraftigt stof i h\u00f8j kvalitet og hardware i rustfrit st\u00e5l og garanterer langvarig brug. Den elektrostatiske spr\u00f8jteteknologi med termoh\u00e6rdende pulver giver en holdbar finish, der bevarer udstyrets udseende.  Integrerede pinde til opbevaring af v\u00e6gtskiver \u00f8ger pladseffektiviteten og holder dit tr\u00e6ningsomr\u00e5de organiseret.<\/p>\n<\/div>\n\n\n\n<div class=\"wp-block-column is-vertically-aligned-center is-layout-flow wp-block-column-is-layout-flow\">\n<figure class=\"wp-block-image size-large\"><img loading=\"lazy\" decoding=\"async\" width=\"1024\" height=\"1024\" src=\"https:\/\/store.evolve-fitness.eu\/wp-content\/uploads\/2025\/02\/EV-PL-PR-001-Evolve-Prime-Series-Plate-Loaded-Incline-Chest-Press-Recovered-1-1024x1024.png\" alt=\"\" class=\"wp-image-115156\" srcset=\"https:\/\/store.evolve-fitness.eu\/wp-content\/uploads\/2025\/02\/EV-PL-PR-001-Evolve-Prime-Series-Plate-Loaded-Incline-Chest-Press-Recovered-1-1024x1024.png 1024w, https:\/\/store.evolve-fitness.eu\/wp-content\/uploads\/2025\/02\/EV-PL-PR-001-Evolve-Prime-Series-Plate-Loaded-Incline-Chest-Press-Recovered-1-300x300.png 300w, https:\/\/store.evolve-fitness.eu\/wp-content\/uploads\/2025\/02\/EV-PL-PR-001-Evolve-Prime-Series-Plate-Loaded-Incline-Chest-Press-Recovered-1-150x150.png 150w, https:\/\/store.evolve-fitness.eu\/wp-content\/uploads\/2025\/02\/EV-PL-PR-001-Evolve-Prime-Series-Plate-Loaded-Incline-Chest-Press-Recovered-1-768x768.png 768w, https:\/\/store.evolve-fitness.eu\/wp-content\/uploads\/2025\/02\/EV-PL-PR-001-Evolve-Prime-Series-Plate-Loaded-Incline-Chest-Press-Recovered-1-1536x1536.png 1536w, https:\/\/store.evolve-fitness.eu\/wp-content\/uploads\/2025\/02\/EV-PL-PR-001-Evolve-Prime-Series-Plate-Loaded-Incline-Chest-Press-Recovered-1-2048x2048.png 2048w, https:\/\/store.evolve-fitness.eu\/wp-content\/uploads\/2025\/02\/EV-PL-PR-001-Evolve-Prime-Series-Plate-Loaded-Incline-Chest-Press-Recovered-1-600x600.png 600w, https:\/\/store.evolve-fitness.eu\/wp-content\/uploads\/2025\/02\/EV-PL-PR-001-Evolve-Prime-Series-Plate-Loaded-Incline-Chest-Press-Recovered-1-100x100.png 100w\" sizes=\"auto, (max-width: 1024px) 100vw, 1024px\" \/><\/figure>\n<\/div>\n<\/div>\n<\/section>\n<\/section>\n","protected":false},"excerpt":{"rendered":"<p>Evolve Prime Series Plate-Loaded Incline Chest Press (EV-PL-PR-001) er en h\u00f8jtydende styrketr\u00e6ningsmaskine designet til at forbedre udviklingen af den \u00f8vre del af brystet med kontrolleret, pladebelastet modstand. Denne maskine er konstrueret til maksimal stabilitet og biomekanisk effektivitet og giver en j\u00e6vn, naturlig pressebev\u00e6gelse, der effektivt retter sig mod de \u00f8vre brystmuskler, skuldre og triceps. Den er ideel til brugere p\u00e5 alle fitnessniveauer og giver mulighed for progressiv styrkefor\u00f8gelse, samtidig med at den sikrer korrekt form og reducerer ledbelastningen. Uanset om dit m\u00e5l er muskelv\u00e6kst, udholdenhed eller styrketr\u00e6ning, er denne incline press et must-have for enhver seri\u00f8s tr\u00e6ningsrutine.   <\/p>\n","protected":false},"featured_media":115135,"template":"","meta":{"_acf_changed":false,"inline_featured_image":false},"product_cat":[353,748,1199],"product_tag":[],"class_list":{"0":"post-105288","1":"product","2":"type-product","3":"status-publish","4":"has-post-thumbnail","6":"product_cat-forside","7":"product_cat-pladebelastede-maskiner","8":"product_cat-prime-series-pladelaesset","10":"first","11":"instock","12":"shipping-taxable","13":"purchasable","14":"product-type-simple"},"acf":[],"_links":{"self":[{"href":"https:\/\/store.evolve-fitness.eu\/da\/wp-json\/wp\/v2\/product\/105288","targetHints":{"allow":["GET"]}}],"collection":[{"href":"https:\/\/store.evolve-fitness.eu\/da\/wp-json\/wp\/v2\/product"}],"about":[{"href":"https:\/\/store.evolve-fitness.eu\/da\/wp-json\/wp\/v2\/types\/product"}],"wp:featuredmedia":[{"embeddable":true,"href":"https:\/\/store.evolve-fitness.eu\/da\/wp-json\/wp\/v2\/media\/115135"}],"wp:attachment":[{"href":"https:\/\/store.evolve-fitness.eu\/da\/wp-json\/wp\/v2\/media?parent=105288"}],"wp:term":[{"taxonomy":"product_cat","embeddable":true,"href":"https:\/\/store.evolve-fitness.eu\/da\/wp-json\/wp\/v2\/product_cat?post=105288"},{"taxonomy":"product_tag","embeddable":true,"href":"https:\/\/store.evolve-fitness.eu\/da\/wp-json\/wp\/v2\/product_tag?post=105288"}],"curies":[{"name":"wp","href":"https:\/\/api.w.org\/{rel}","templated":true}]}}