{"id":105259,"date":"2025-02-04T13:44:43","date_gmt":"2025-02-04T13:44:43","guid":{"rendered":"https:\/\/store.evolve-fitness.eu\/?post_type=product&#038;p=105259"},"modified":"2025-03-27T07:51:52","modified_gmt":"2025-03-27T07:51:52","slug":"evolve-boksesaek-i-naturlaeder-180-cm","status":"publish","type":"product","link":"https:\/\/store.evolve-fitness.eu\/da\/vare\/evolve-boksesaek-i-naturlaeder-180-cm\/","title":{"rendered":"Evolve bokses\u00e6k i naturl\u00e6der 180 CM"},"content":{"rendered":"\n<section class=\"wp-block-group alignfull has-lightgray-background-color has-background is-layout-constrained wp-block-group-is-layout-constrained\">\n<div class=\"wp-block-columns alignwide is-layout-flex wp-container-core-columns-is-layout-2edb0647 wp-block-columns-is-layout-flex\" style=\"margin-top:0;margin-bottom:0\">\n<div class=\"wp-block-column is-layout-flow wp-block-column-is-layout-flow\" style=\"flex-basis:33.33%\"><\/div>\n\n\n\n<div class=\"wp-block-column is-layout-flow wp-block-column-is-layout-flow\" style=\"flex-basis:66.66%\"><\/div>\n<\/div>\n<\/section>\n\n<p><\/p>\n","protected":false},"excerpt":{"rendered":"<p>Bokses\u00e6kken best\u00e5r af to lag, det inderste lag er lavet af stof af h\u00f8j kvalitet, og det yderste lag er lavet af \u00e6gte l\u00e6der af h\u00f8j kvalitet, s\u00e5 bokses\u00e6kken er ekstremt st\u00e6rk. Alle s\u00f8mme p\u00e5 bokses\u00e6kken er syet flere gange for at forhindre, at den rives i stykker.<\/p>\n","protected":false},"featured_media":105232,"template":"","meta":{"_acf_changed":false,"inline_featured_image":false},"product_cat":[585,588],"product_tag":[],"class_list":{"0":"post-105259","1":"product","2":"type-product","3":"status-publish","4":"has-post-thumbnail","6":"product_cat-tvaergaende-og-funktionel","7":"product_cat-funktionelt-udstyr","9":"first","10":"instock","11":"shipping-taxable","12":"purchasable","13":"product-type-simple"},"acf":[],"_links":{"self":[{"href":"https:\/\/store.evolve-fitness.eu\/da\/wp-json\/wp\/v2\/product\/105259","targetHints":{"allow":["GET"]}}],"collection":[{"href":"https:\/\/store.evolve-fitness.eu\/da\/wp-json\/wp\/v2\/product"}],"about":[{"href":"https:\/\/store.evolve-fitness.eu\/da\/wp-json\/wp\/v2\/types\/product"}],"wp:featuredmedia":[{"embeddable":true,"href":"https:\/\/store.evolve-fitness.eu\/da\/wp-json\/wp\/v2\/media\/105232"}],"wp:attachment":[{"href":"https:\/\/store.evolve-fitness.eu\/da\/wp-json\/wp\/v2\/media?parent=105259"}],"wp:term":[{"taxonomy":"product_cat","embeddable":true,"href":"https:\/\/store.evolve-fitness.eu\/da\/wp-json\/wp\/v2\/product_cat?post=105259"},{"taxonomy":"product_tag","embeddable":true,"href":"https:\/\/store.evolve-fitness.eu\/da\/wp-json\/wp\/v2\/product_tag?post=105259"}],"curies":[{"name":"wp","href":"https:\/\/api.w.org\/{rel}","templated":true}]}}