{"id":105209,"date":"2025-02-04T13:36:50","date_gmt":"2025-02-04T13:36:50","guid":{"rendered":"https:\/\/store.evolve-fitness.eu\/?post_type=product&#038;p=105209"},"modified":"2026-03-24T11:59:21","modified_gmt":"2026-03-24T11:59:21","slug":"evolve-boksesaek-i-kunstlaeder-150-cm","status":"publish","type":"product","link":"https:\/\/store.evolve-fitness.eu\/da\/vare\/evolve-boksesaek-i-kunstlaeder-150-cm\/","title":{"rendered":"Evolve bokses\u00e6k i kunstl\u00e6der 150 CM"},"content":{"rendered":"\n<section class=\"wp-block-group alignfull has-lightgray-background-color has-background is-layout-constrained wp-block-group-is-layout-constrained\">\n<div class=\"wp-block-columns alignwide is-layout-flex wp-container-core-columns-is-layout-2edb0647 wp-block-columns-is-layout-flex\" style=\"margin-top:0;margin-bottom:0\">\n<div class=\"wp-block-column is-layout-flow wp-block-column-is-layout-flow\" style=\"flex-basis:33.33%\"><\/div>\n\n\n\n<div class=\"wp-block-column is-layout-flow wp-block-column-is-layout-flow\" style=\"flex-basis:66.66%\"><\/div>\n<\/div>\n<\/section>\n\n<p><\/p>\n","protected":false},"excerpt":{"rendered":"<p>Bokses\u00e6kkens inderste lag er lavet af PVC-belagt l\u00e6rredsv\u00e6vning, og det yderste lag er lavet af meget tykt kunstl\u00e6der, der er forst\u00e6rket med et tykt lag PU-polyuretan. De tre lag skaber en meget tyk v\u00e6g, s\u00e5 bokses\u00e6kken altid forbliver glat og slank. Alle s\u00f8mme p\u00e5 bokses\u00e6kken er syet flere gange for at forhindre, at den g\u00e5r i stykker. Den 150 cm lange bokses\u00e6k er ideel til slag og spark, mens diameteren p\u00e5 40 cm er perfekt til en \u00e6gte kampsportsud\u00f8ver.<\/p>\n","protected":false},"featured_media":105232,"template":"","meta":{"_acf_changed":false,"inline_featured_image":false},"product_cat":[353,585,588],"product_tag":[],"class_list":{"0":"post-105209","1":"product","2":"type-product","3":"status-publish","4":"has-post-thumbnail","6":"product_cat-forside","7":"product_cat-tvaergaende-og-funktionel","8":"product_cat-funktionelt-udstyr","10":"first","11":"instock","12":"shipping-taxable","13":"purchasable","14":"product-type-simple"},"acf":[],"_links":{"self":[{"href":"https:\/\/store.evolve-fitness.eu\/da\/wp-json\/wp\/v2\/product\/105209","targetHints":{"allow":["GET"]}}],"collection":[{"href":"https:\/\/store.evolve-fitness.eu\/da\/wp-json\/wp\/v2\/product"}],"about":[{"href":"https:\/\/store.evolve-fitness.eu\/da\/wp-json\/wp\/v2\/types\/product"}],"wp:featuredmedia":[{"embeddable":true,"href":"https:\/\/store.evolve-fitness.eu\/da\/wp-json\/wp\/v2\/media\/105232"}],"wp:attachment":[{"href":"https:\/\/store.evolve-fitness.eu\/da\/wp-json\/wp\/v2\/media?parent=105209"}],"wp:term":[{"taxonomy":"product_cat","embeddable":true,"href":"https:\/\/store.evolve-fitness.eu\/da\/wp-json\/wp\/v2\/product_cat?post=105209"},{"taxonomy":"product_tag","embeddable":true,"href":"https:\/\/store.evolve-fitness.eu\/da\/wp-json\/wp\/v2\/product_tag?post=105209"}],"curies":[{"name":"wp","href":"https:\/\/api.w.org\/{rel}","templated":true}]}}