{"id":104895,"date":"2025-02-04T13:19:26","date_gmt":"2025-02-04T13:19:26","guid":{"rendered":"https:\/\/store.evolve-fitness.eu\/?post_type=product&#038;p=104895"},"modified":"2025-11-07T10:51:36","modified_gmt":"2025-11-07T10:51:36","slug":"evolve-boksesaek-i-kunstlaeder-100-cm-180-cm","status":"publish","type":"product","link":"https:\/\/store.evolve-fitness.eu\/da\/vare\/evolve-boksesaek-i-kunstlaeder-100-cm-180-cm\/","title":{"rendered":"Evolve bokses\u00e6k i kunstl\u00e6der 100 cm \/ 180 cm"},"content":{"rendered":"\n<section class=\"wp-block-group alignfull has-lightgray-background-color has-background is-layout-constrained wp-block-group-is-layout-constrained\">\n<div class=\"wp-block-columns alignwide is-layout-flex wp-container-core-columns-is-layout-2edb0647 wp-block-columns-is-layout-flex\" style=\"margin-top:0;margin-bottom:0\">\n<div class=\"wp-block-column is-layout-flow wp-block-column-is-layout-flow\" style=\"flex-basis:33.33%\"><\/div>\n\n\n\n<div class=\"wp-block-column is-layout-flow wp-block-column-is-layout-flow\" style=\"flex-basis:66.66%\"><\/div>\n<\/div>\n<\/section>\n","protected":false},"excerpt":{"rendered":"<p>S\u00e6kkens indre lag er lavet af PVC-belagt v\u00e6vet l\u00e6rred, og det ydre lag er lavet af meget tykt kunstl\u00e6der. Dette skaber en meget tyk v\u00e6g, s\u00e5 bokses\u00e6kken altid vil bevare et glat udseende, selv efter meget lang tids brug. Der er fire ekstra forst\u00e6rkede stropper med ringe p\u00e5 siden til oph\u00e6ngning af bokses\u00e6kken. Alle s\u00f8mme p\u00e5 bokses\u00e6kken er syet flere gange for at forhindre, at den g\u00e5r i stykker.<\/p>\n","protected":false},"featured_media":105182,"template":"","meta":{"_acf_changed":false,"inline_featured_image":false},"product_cat":[585,588],"product_tag":[],"class_list":{"0":"post-104895","1":"product","2":"type-product","3":"status-publish","4":"has-post-thumbnail","6":"product_cat-tvaergaende-og-funktionel","7":"product_cat-funktionelt-udstyr","9":"first","10":"instock","11":"shipping-taxable","12":"purchasable","13":"product-type-variable"},"acf":[],"_links":{"self":[{"href":"https:\/\/store.evolve-fitness.eu\/da\/wp-json\/wp\/v2\/product\/104895","targetHints":{"allow":["GET"]}}],"collection":[{"href":"https:\/\/store.evolve-fitness.eu\/da\/wp-json\/wp\/v2\/product"}],"about":[{"href":"https:\/\/store.evolve-fitness.eu\/da\/wp-json\/wp\/v2\/types\/product"}],"wp:featuredmedia":[{"embeddable":true,"href":"https:\/\/store.evolve-fitness.eu\/da\/wp-json\/wp\/v2\/media\/105182"}],"wp:attachment":[{"href":"https:\/\/store.evolve-fitness.eu\/da\/wp-json\/wp\/v2\/media?parent=104895"}],"wp:term":[{"taxonomy":"product_cat","embeddable":true,"href":"https:\/\/store.evolve-fitness.eu\/da\/wp-json\/wp\/v2\/product_cat?post=104895"},{"taxonomy":"product_tag","embeddable":true,"href":"https:\/\/store.evolve-fitness.eu\/da\/wp-json\/wp\/v2\/product_tag?post=104895"}],"curies":[{"name":"wp","href":"https:\/\/api.w.org\/{rel}","templated":true}]}}